{"id":9459,"date":"2024-07-12T20:47:06","date_gmt":"2024-07-12T20:47:06","guid":{"rendered":"https:\/\/staging.alpasion.com\/politica-de-privacidad-y-cookies\/"},"modified":"2024-10-15T15:40:12","modified_gmt":"2024-10-15T15:40:12","slug":"politica-de-privacidad-y-cookies","status":"publish","type":"page","link":"https:\/\/alpasion.com\/es\/politica-de-privacidad-y-cookies\/","title":{"rendered":"Pol\u00edtica de privacidad y cookies"},"content":{"rendered":"\t\t<div data-elementor-type=\"wp-page\" data-elementor-id=\"9459\" class=\"elementor elementor-9459 elementor-3\" data-elementor-post-type=\"page\">\n\t\t\t\t<div class=\"elementor-element elementor-element-b5b0e9b e-con-full header-hero-alpasion e-flex e-con e-parent\" data-id=\"b5b0e9b\" data-element_type=\"container\" data-e-type=\"container\" data-settings=\"{&quot;background_background&quot;:&quot;classic&quot;}\">\n\t\t<div class=\"elementor-element elementor-element-2f742bd e-flex e-con-boxed e-con e-child\" data-id=\"2f742bd\" data-element_type=\"container\" data-e-type=\"container\">\n\t\t\t\t\t<div class=\"e-con-inner\">\n\t\t<div class=\"elementor-element elementor-element-996a600 e-con-full e-flex e-con e-child\" data-id=\"996a600\" data-element_type=\"container\" data-e-type=\"container\">\n\t\t\t\t<div class=\"elementor-element elementor-element-7a824d9 elementor-widget elementor-widget-heading\" data-id=\"7a824d9\" data-element_type=\"widget\" data-e-type=\"widget\" data-widget_type=\"heading.default\">\n\t\t\t\t<div class=\"elementor-widget-container\">\n\t\t\t\t\t<h2 class=\"elementor-heading-title elementor-size-default\">Sobre Alpasi\u00f3n<\/h2>\t\t\t\t<\/div>\n\t\t\t\t<\/div>\n\t\t\t\t<div class=\"elementor-element elementor-element-ab6eba9 elementor-absolute elementor-widget elementor-widget-image\" data-id=\"ab6eba9\" data-element_type=\"widget\" data-e-type=\"widget\" data-settings=\"{&quot;_position&quot;:&quot;absolute&quot;}\" data-widget_type=\"image.default\">\n\t\t\t\t<div class=\"elementor-widget-container\">\n\t\t\t\t\t\t\t\t\t\t\t\t\t\t\t<img decoding=\"async\" width=\"1\" height=\"1\" src=\"https:\/\/alpasion.com\/wp-content\/uploads\/2024\/07\/about-scale.svg\" class=\"attachment-large size-large wp-image-4652\" alt=\"\" \/>\t\t\t\t\t\t\t\t\t\t\t\t\t\t\t<\/div>\n\t\t\t\t<\/div>\n\t\t\t\t<div class=\"elementor-element elementor-element-c099062 elementor-widget-mobile__width-inherit elementor-widget elementor-widget-heading\" data-id=\"c099062\" data-element_type=\"widget\" data-e-type=\"widget\" data-widget_type=\"heading.default\">\n\t\t\t\t<div class=\"elementor-widget-container\">\n\t\t\t\t\t<h2 class=\"elementor-heading-title elementor-size-default\">Pol\u00edtica de privacidad y cookies<\/h2>\t\t\t\t<\/div>\n\t\t\t\t<\/div>\n\t\t\t\t<div class=\"elementor-element elementor-element-3c8d48a elementor-widget elementor-widget-text-editor\" data-id=\"3c8d48a\" data-element_type=\"widget\" data-e-type=\"widget\" data-widget_type=\"text-editor.default\">\n\t\t\t\t<div class=\"elementor-widget-container\">\n\t\t\t\t\t\t\t\t\t<p><strong>Nuestra Pol\u00edtica de Privacidad y Cookies<\/strong><\/p>\n\t\t\t\t\t\t\t\t<\/div>\n\t\t\t\t<\/div>\n\t\t\t\t<\/div>\n\t\t\t\t\t<\/div>\n\t\t\t\t<\/div>\n\t\t\t\t<\/div>\n\t\t<div class=\"elementor-element elementor-element-ee9667a e-con-full e-flex e-con e-parent\" data-id=\"ee9667a\" data-element_type=\"container\" data-e-type=\"container\">\n\t\t<div class=\"elementor-element elementor-element-7c5f652 e-flex e-con-boxed e-con e-child\" data-id=\"7c5f652\" data-element_type=\"container\" data-e-type=\"container\">\n\t\t\t\t\t<div class=\"e-con-inner\">\n\t\t\t\t<div class=\"elementor-element elementor-element-d75cfb1 elementor-widget elementor-widget-text-editor\" data-id=\"d75cfb1\" data-element_type=\"widget\" data-e-type=\"widget\" data-widget_type=\"text-editor.default\">\n\t\t\t\t<div class=\"elementor-widget-container\">\n\t\t\t\t\t\t\t\t\t<p><strong>1. Pol\u00edtica<\/strong><\/p>\n<p>Esta Pol\u00edtica es emitida por el Grupo Alpasion, que incluir\u00e1 sus sucursales, sus filiales y sus afiliados, de vez en cuando (en conjunto, &#8220;Alpasion&#8221;, &#8220;nosotros&#8221;, &#8220;nos&#8221; o &#8220;nuestro&#8221;) y est\u00e1 dirigida a personas ajenas a Alpasion con las que interactuamos, incluidos clientes individuales, personal de clientes corporativos, proveedores y otros destinatarios de nuestros servicios (en conjunto, &#8220;t\u00fa&#8221;).<br \/>Esta Pol\u00edtica de Privacidad describe c\u00f3mo recopilamos, guardamos, utilizamos y divulgamos la informaci\u00f3n personal que t\u00fa nos facilitas, nos es facilitada en tu nombre o es recopilada por nosotros.<br \/>\nCada empresa del Grupo Alpasion est\u00e1 sujeta a las leyes de privacidad y protecci\u00f3n de datos que puedan ser aplicables en el pa\u00eds en el que est\u00e9 ubicada.<br \/>\nEsta Pol\u00edtica de Privacidad no debe considerarse como un suplemento a dichas leyes locales de Privacidad y no variar\u00e1 ni disminuir\u00e1 las obligaciones de cada empresa del Grupo Alpasion en virtud de las leyes locales de Privacidad aplicables.<br \/>\nEn la medida en que esta Pol\u00edtica de Privacidad entre en conflicto con cualquier disposici\u00f3n de las leyes de Privacidad locales, dichas leyes de Privacidad locales tendr\u00e1n prioridad sobre esta Pol\u00edtica de Privacidad.<br \/>Cualquiera de las empresas del Grupo Alpasion puede ser procesadora o controladora de datos; esto depender\u00e1 de las circunstancias en las que se recopile, conserve o utilice la informaci\u00f3n personal.<br \/>\nPara conocer las empresas del Grupo Alpasion y sus detalles, visita: <a href=\"https:\/\/www.alpasion.com\/\">https:\/\/www.alpasion.com\/<\/a><br \/>Esta Pol\u00edtica puede ser modificada o actualizada a nuestra discreci\u00f3n de vez en cuando para reflejar los cambios en nuestras pr\u00e1cticas con respecto al Tratamiento de Datos Personales, o cualquier cambio en la legislaci\u00f3n aplicable.    <\/p>\n<p><strong>2. Datos personales:<\/strong><\/p>\n<p>Las categor\u00edas de Datos Personales sobre ti que tratamos, con sujeci\u00f3n a la legislaci\u00f3n aplicable, son las siguientes:<br \/>&#8211; Datos personales: nombre(s); nombre(s) preferido(s); apodo(s), sexo; fecha de nacimiento; edad; estado civil; n\u00famero de la Seguridad Social; n\u00famero(s) de pasaporte; n\u00famero(s) de permiso de conducir); nacionalidad; estilo de vida y circunstancias sociales; im\u00e1genes de pasaportes, permisos de conducir y firmas; datos de autenticaci\u00f3n (contrase\u00f1as, nombre de soltera de la madre, preguntas y respuestas de desaf\u00edo\/respuesta, PIN, datos de reconocimiento facial y de voz); fotograf\u00edas; im\u00e1genes visuales; y apariencia y comportamiento personales.<br \/>&#8211; Datos de contacto: direcci\u00f3n, n\u00famero de tel\u00e9fono, direcci\u00f3n de correo electr\u00f3nico y datos del perfil en las redes sociales.<br \/>&#8211; Detalles del empleo: Industria, funci\u00f3n; actividades empresariales; Detalles sobre las tarjetas de visita que nos han facilitado.<br \/>&#8211; Datos de identificaci\u00f3n electr\u00f3nica: Direcciones IP; cookies; registros de actividad; identificadores en l\u00ednea; identificadores \u00fanicos de dispositivo; y datos de geolocalizaci\u00f3n.<\/p>\n<p><strong>3. Recogida de datos personales:<\/strong><\/p>\n<p>Recogemos Datos Personales sobre ti de diversas fuentes, como sigue:<br \/>&#8211; Directamente de ti en el curso ordinario de nuestra relaci\u00f3n contigo<br \/>&#8211; Que manifiestamente decides hacer p\u00fablicos, incluso a trav\u00e9s de las redes sociales, de terceros que nos los proporcionan .<br \/>&#8211; Recogemos u obtenemos Datos Personales cuando visitas cualquiera de nuestros sitios web o utilizas cualquier funci\u00f3n o recurso disponible en nuestro sitio web o a trav\u00e9s de \u00e9l.<br \/>\nCuando visitas nuestro sitio web, tu dispositivo y tu navegador pueden revelar autom\u00e1ticamente cierta informaci\u00f3n (como el tipo de dispositivo, el sistema operativo, el tipo de navegador, la configuraci\u00f3n del navegador, la direcci\u00f3n IP, la configuraci\u00f3n del idioma, las fechas y horas de conexi\u00f3n a un Sitio y otra informaci\u00f3n t\u00e9cnica de comunicaciones), parte de la cual puede constituir Datos Personales. <\/p>\n<p><strong>4. Base jur\u00eddica para el tratamiento de tus Datos Personales:<\/strong><\/p>\n<p>Pretendemos recoger o tratar de otro modo tus Datos Personales, por la siguiente base jur\u00eddica:<br \/>&#8211; El tratamiento es necesario para el cumplimiento de una obligaci\u00f3n legal derivada de un contrato contigo;<br \/>&#8211; El Tratamiento es necesario para la detecci\u00f3n o prevenci\u00f3n de delitos (incluida la prevenci\u00f3n del fraude) en la medida permitida por la legislaci\u00f3n aplicable;<br \/>&#8211; El Tratamiento es necesario para el establecimiento, ejercicio o defensa de derechos legales;<br \/>&#8211; Hemos obtenido, de conformidad con la legislaci\u00f3n aplicable, tu consentimiento expl\u00edcito antes del Tratamiento de tus Datos Personales (como se ha indicado anteriormente, esta base jur\u00eddica s\u00f3lo se utiliza en relaci\u00f3n con el Tratamiento que es totalmente voluntario &#8211; no se utiliza para el Tratamiento que es necesario u obligatorio de alguna manera); o bien<br \/>&#8211; El tratamiento es necesario por razones de inter\u00e9s p\u00fablico importante y se produce sobre la base de una ley aplicable que es proporcionada al objetivo perseguido y establece medidas adecuadas y espec\u00edficas para salvaguardar tus derechos e intereses fundamentales.<\/p>\n<p><strong>5. Fines para los que podemos Tratar tus Datos Personales<\/strong><\/p>\n<p>Los fines para los que podemos Tratar los Datos Personales son:<\/p>\n<p>&#8211; Mantener y actualizar tu informaci\u00f3n de contacto cuando proceda<br \/>&#8211; Actividades de marketing y promoci\u00f3n.<br \/>&#8211; Proporcionarte la informaci\u00f3n o asistencia que nos solicites;<br \/>&#8211; Notificarte a ti o a nuestros Clientes cambios en nuestros servicios;<br \/>&#8211; Supervisar y mejorar la calidad de nuestros servicios;<br \/>&#8211; Garant\u00eda de calidad y fines de formaci\u00f3n;<br \/>&#8211; Cumplir nuestros requisitos legales y reglamentarios.<\/p>\n<p><strong>6. Divulgaci\u00f3n de Datos Personales a terceros<\/strong><\/p>\n<p>Podemos revelar tus Datos Personales a otras entidades dentro de Alpasion, para fines comerciales leg\u00edtimos (incluida la prestaci\u00f3n de servicios a ti), de conformidad con la legislaci\u00f3n aplicable.<br \/>\nAdem\u00e1s, podemos revelar sus Datos Personales a: <br \/>&#8211; A tu familia, a tus socios y a tus representantes;<br \/>&#8211; Servicios antifraude;<br \/>&#8211; Autoridades gubernamentales, legales, reguladoras o similares, organismos gubernamentales centrales y\/o locales, previa solicitud o cuando sea necesario, incluso para informar de cualquier infracci\u00f3n real o presunta de la ley o normativa aplicable;<br \/>&#8211; Contables, auditores, asesores financieros, abogados y otros asesores profesionales externos de Alpasion, sujetos a obligaciones contractuales vinculantes de confidencialidad;<br \/>&#8211; Procesadores de terceros (como proveedores de servicios de pago, empresas de transporte, etc.), ubicados en cualquier parte del mundo,<br \/>&#8211; Cualquier parte pertinente, reclamante, denunciante, investigador, organismo encargado de hacer cumplir la ley o tribunal, en la medida necesaria para el establecimiento, ejercicio o defensa de derechos legales de conformidad con la legislaci\u00f3n aplicable;<br \/>&#8211; Cualquier parte pertinente con fines de prevenci\u00f3n, investigaci\u00f3n, detecci\u00f3n o enjuiciamiento de delitos penales o de ejecuci\u00f3n de sanciones penales, incluida la salvaguarda y prevenci\u00f3n de amenazas a la seguridad p\u00fablica de conformidad con la legislaci\u00f3n aplicable;<br \/>&#8211; Cualquier adquirente o adquirentes terceros pertinentes, en caso de que vendamos o transfiramos la totalidad o una parte relevante de nuestro negocio o activos (incluso en caso de reorganizaci\u00f3n, disoluci\u00f3n o liquidaci\u00f3n);<br \/>&#8211; Organizaciones voluntarias y ben\u00e9ficas.<br \/>Si contratamos a un Encargado de Tratamiento externo para el Tratamiento de tus Datos Personales, el Encargado estar\u00e1 sujeto a obligaciones contractuales vinculantes para:<br \/>\n(i) s\u00f3lo Procesar los Datos Personales de acuerdo con nuestras instrucciones previas por escrito; y<br \/>\n(ii) utilizar medidas para proteger la confidencialidad y seguridad de los Datos Personales; junto con cualquier requisito adicional en virtud de la legislaci\u00f3n aplicable.  <\/p>\n<p><strong>7. Transferencia internacional de Datos Personales<\/strong><\/p>\n<p>Debido a la naturaleza internacional de nuestro negocio<br \/>\nes posible que necesitemos transferir tus Datos Personales dentro del Grupo Alpasion, y a terceros, como se ha indicado anteriormente, en relaci\u00f3n con los fines establecidos en esta Pol\u00edtica.<br \/>\nPor este motivo, podemos transferir tus Datos Personales a otros pa\u00edses que pueden tener leyes y requisitos de cumplimiento de protecci\u00f3n de datos diferentes, incluidas leyes de protecci\u00f3n de datos de un nivel inferior a las que se aplican en el pa\u00eds en el que te encuentras.<br \/>Cuando transferimos tus Datos Personales a otros pa\u00edses.<br \/>\nlo hacemos sobre la base de:<br \/>&#8211; Decisiones de adecuaci\u00f3n;<br \/>&#8211; Nuestras normas corporativas vinculantes;<br \/>&#8211; Cl\u00e1usulas contractuales tipo adecuadas; o<br \/>&#8211; Otros mecanismos de transferencia v\u00e1lidos.<br \/>Si deseas recibir m\u00e1s informaci\u00f3n sobre las garant\u00edas aplicadas a las transferencias internacionales de datos personales, utiliza los datos de contacto que se facilitan a continuaci\u00f3n.   <\/p>\n<p><strong>8. Seguridad de los datos<\/strong><\/p>\n<p>Hemos implementado medidas de seguridad t\u00e9cnicas y organizativas apropiadas dise\u00f1adas para proteger tus Datos Personales contra la destrucci\u00f3n accidental o ilegal, la p\u00e9rdida, la alteraci\u00f3n, la divulgaci\u00f3n no autorizada, el acceso no autorizado y otras formas de Tratamiento ilegales o no autorizadas, de conformidad con la legislaci\u00f3n aplicable.<br \/>Eres responsable de garantizar que los Datos Personales que nos env\u00edes se env\u00eden de forma segura.<\/p>\n<p><strong>9. Exactitud de los datos<\/strong><\/p>\n<p>Tomamos medidas razonables dise\u00f1adas para garantizar que:<br \/>&#8211; Tus Datos Personales que procesamos sean exactos y, cuando sea necesario, se mantengan actualizados; y<br \/>&#8211; Cualquiera de tus Datos Personales que procesamos que sea inexacto (teniendo en cuenta los fines para los que se procesan) se borre o rectifique sin demora.<br \/>De vez en cuando podemos pedirte que confirmes la exactitud de tus Datos Personales.<\/p>\n<p><strong>10. Minimizaci\u00f3n de datos<\/strong><\/p>\n<p>Tomamos medidas razonables dise\u00f1adas para garantizar que los Datos Personales que tratamos se limitan a los Datos Personales razonablemente necesarios en relaci\u00f3n con los fines establecidos en esta Pol\u00edtica.<\/p>\n<p><strong>11. Conservaci\u00f3n de tus Datos Personales<\/strong><\/p>\n<p>Conservaremos tus Datos Personales de acuerdo con la Pol\u00edtica de Conservaci\u00f3n de Datos del Grupo Alpasion.<\/p>\n<p><strong>12. Tus derechos legales<\/strong><\/p>\n<p>Con sujeci\u00f3n a la legislaci\u00f3n aplicable, puedes tener una serie de derechos en relaci\u00f3n con el Tratamiento de tus Datos Personales, entre ellos:<br \/>&#8211; el derecho a solicitar acceso a tus Datos Personales que tratamos o controlamos, o copias de los mismos, junto con informaci\u00f3n sobre la naturaleza, el tratamiento y la divulgaci\u00f3n de dichos Datos Personales;<br \/>&#8211; el derecho a solicitar, por motivos leg\u00edtimos:<\/p>\n<ul>\n<li>Borrar tus Datos Personales que tratamos o controlamos; o<\/li>\n<li>Restricci\u00f3n del Tratamiento de tus Datos Personales que tratamos o controlamos;<\/li>\n<\/ul>\n<p>&#8211; cuando Tratemos tus Datos Personales sobre la base de tu consentimiento, el derecho a retirar dicho consentimiento;<br \/>&#8211; el derecho a presentar reclamaciones ante una Autoridad de Protecci\u00f3n de Datos en relaci\u00f3n con el Tratamiento de tus Datos Personales por nuestra parte o en nuestro nombre.<br \/>Esto no afecta a tus derechos legales.<br \/>\nSujeto a la legislaci\u00f3n aplicable, tambi\u00e9n puedes tener los siguientes derechos adicionales en relaci\u00f3n con el Tratamiento de tus Datos Personales:<br \/>&#8211; el derecho a oponerte, por motivos relacionados con tu situaci\u00f3n particular, al Tratamiento de tus Datos Personales por nosotros o en nuestro nombre; y<br \/>&#8211; el derecho a oponerte al Tratamiento de tus Datos Personales por nosotros o en nuestro nombre con fines de marketing directo. <br \/>Para ejercer uno o m\u00e1s de estos derechos, o para hacer una pregunta sobre estos derechos o cualquier otra disposici\u00f3n de esta Pol\u00edtica, o sobre nuestro Tratamiento de tus Datos Personales, utiliza los datos de contacto que se facilitan a continuaci\u00f3n.<\/p>\n<p><strong>13. Cookies<\/strong><\/p>\n<p>Una cookie es un peque\u00f1o archivo que se coloca en tu dispositivo cuando visitas un sitio web (incluidos nuestros sitios web).<br \/>\nRegistra informaci\u00f3n sobre tu dispositivo, tu navegador y, en algunos casos, tus preferencias y h\u00e1bitos de navegaci\u00f3n.<br \/>\nPodemos Procesar tus Datos Personales a trav\u00e9s de la tecnolog\u00eda de cookies, de acuerdo con nuestra Pol\u00edtica de Cookies.  <\/p>\n<p><strong>14. Datos de contacto<\/strong><\/p>\n<p>Si tienes alg\u00fan comentario, pregunta o duda sobre la informaci\u00f3n contenida en esta Pol\u00edtica, o sobre cualquier otra cuesti\u00f3n relacionada con el Tratamiento de Datos Personales por parte de Alpasion\/COL Wines, ponte en contacto con nuestro &#8220;Director de Privacidad&#8221; @ g.soto@alpasion.com<\/p>\n<p>Direcci\u00f3n<br \/>C\/O Alpasion<br \/>Ruta Provincial 94, Los Sauces,<br \/>Mendoza, Argentina<\/p>\n\t\t\t\t\t\t\t\t<\/div>\n\t\t\t\t<\/div>\n\t\t\t\t<div class=\"elementor-element elementor-element-ae12ecb elementor-absolute elementor-widget elementor-widget-image\" data-id=\"ae12ecb\" data-element_type=\"widget\" data-e-type=\"widget\" data-settings=\"{&quot;_position&quot;:&quot;absolute&quot;}\" data-widget_type=\"image.default\">\n\t\t\t\t<div class=\"elementor-widget-container\">\n\t\t\t\t\t\t\t\t\t\t\t\t\t\t\t<img decoding=\"async\" width=\"1\" height=\"1\" src=\"https:\/\/alpasion.com\/wp-content\/uploads\/2024\/08\/sommelier-frame2.svg\" class=\"attachment-large size-large wp-image-5534\" alt=\"\" \/>\t\t\t\t\t\t\t\t\t\t\t\t\t\t\t<\/div>\n\t\t\t\t<\/div>\n\t\t\t\t\t<\/div>\n\t\t\t\t<\/div>\n\t\t\t\t<\/div>\n\t\t\t\t<\/div>\n\t\t","protected":false},"excerpt":{"rendered":"<p>Sobre Alpasi\u00f3n Nuestra Pol\u00edtica de Privacidad y Cookies 1. Pol\u00edtica Esta Pol\u00edtica es emitida por el Grupo Alpasion, que incluir\u00e1 sus sucursales, sus filiales y sus afiliados, de vez en cuando (en conjunto, &#8220;Alpasion&#8221;, &#8220;nosotros&#8221;, &#8220;nos&#8221; o &#8220;nuestro&#8221;) y est\u00e1 dirigida a personas ajenas a Alpasion con las que interactuamos, incluidos clientes individuales, personal de [&hellip;]<\/p>\n","protected":false},"author":1,"featured_media":0,"parent":0,"menu_order":0,"comment_status":"closed","ping_status":"closed","template":"","meta":{"_acf_changed":false,"footnotes":""},"class_list":["post-9459","page","type-page","status-publish","hentry"],"acf":[],"_links":{"self":[{"href":"https:\/\/alpasion.com\/es\/wp-json\/wp\/v2\/pages\/9459","targetHints":{"allow":["GET"]}}],"collection":[{"href":"https:\/\/alpasion.com\/es\/wp-json\/wp\/v2\/pages"}],"about":[{"href":"https:\/\/alpasion.com\/es\/wp-json\/wp\/v2\/types\/page"}],"author":[{"embeddable":true,"href":"https:\/\/alpasion.com\/es\/wp-json\/wp\/v2\/users\/1"}],"replies":[{"embeddable":true,"href":"https:\/\/alpasion.com\/es\/wp-json\/wp\/v2\/comments?post=9459"}],"version-history":[{"count":2,"href":"https:\/\/alpasion.com\/es\/wp-json\/wp\/v2\/pages\/9459\/revisions"}],"predecessor-version":[{"id":10269,"href":"https:\/\/alpasion.com\/es\/wp-json\/wp\/v2\/pages\/9459\/revisions\/10269"}],"wp:attachment":[{"href":"https:\/\/alpasion.com\/es\/wp-json\/wp\/v2\/media?parent=9459"}],"curies":[{"name":"wp","href":"https:\/\/api.w.org\/{rel}","templated":true}]}}