{"id":9467,"date":"2024-07-20T15:00:16","date_gmt":"2024-07-20T15:00:16","guid":{"rendered":"https:\/\/staging.alpasion.com\/terminos\/"},"modified":"2024-10-15T15:50:27","modified_gmt":"2024-10-15T15:50:27","slug":"terminos","status":"publish","type":"page","link":"https:\/\/alpasion.com\/es\/terminos\/","title":{"rendered":"T\u00e9rminos"},"content":{"rendered":"\t\t<div data-elementor-type=\"wp-page\" data-elementor-id=\"9467\" class=\"elementor elementor-9467 elementor-1213\" data-elementor-post-type=\"page\">\n\t\t\t\t<div class=\"elementor-element elementor-element-44b80ae e-con-full header-hero-alpasion e-flex e-con e-parent\" data-id=\"44b80ae\" data-element_type=\"container\" data-e-type=\"container\" data-settings=\"{&quot;background_background&quot;:&quot;classic&quot;}\">\n\t\t<div class=\"elementor-element elementor-element-b63026f e-flex e-con-boxed e-con e-child\" data-id=\"b63026f\" data-element_type=\"container\" data-e-type=\"container\">\n\t\t\t\t\t<div class=\"e-con-inner\">\n\t\t<div class=\"elementor-element elementor-element-09b9adf e-con-full e-flex e-con e-child\" data-id=\"09b9adf\" data-element_type=\"container\" data-e-type=\"container\">\n\t\t\t\t<div class=\"elementor-element elementor-element-3600911 elementor-widget elementor-widget-heading\" data-id=\"3600911\" data-element_type=\"widget\" data-e-type=\"widget\" data-widget_type=\"heading.default\">\n\t\t\t\t<div class=\"elementor-widget-container\">\n\t\t\t\t\t<h2 class=\"elementor-heading-title elementor-size-default\">Sobre Alpasi\u00f3n<\/h2>\t\t\t\t<\/div>\n\t\t\t\t<\/div>\n\t\t\t\t<div class=\"elementor-element elementor-element-9065015 elementor-absolute elementor-widget elementor-widget-image\" data-id=\"9065015\" data-element_type=\"widget\" data-e-type=\"widget\" data-settings=\"{&quot;_position&quot;:&quot;absolute&quot;}\" data-widget_type=\"image.default\">\n\t\t\t\t<div class=\"elementor-widget-container\">\n\t\t\t\t\t\t\t\t\t\t\t\t\t\t\t<img decoding=\"async\" width=\"1\" height=\"1\" src=\"https:\/\/alpasion.com\/wp-content\/uploads\/2024\/07\/about-scale.svg\" class=\"attachment-large size-large wp-image-4652\" alt=\"\" \/>\t\t\t\t\t\t\t\t\t\t\t\t\t\t\t<\/div>\n\t\t\t\t<\/div>\n\t\t\t\t<div class=\"elementor-element elementor-element-8e10925 elementor-widget elementor-widget-heading\" data-id=\"8e10925\" data-element_type=\"widget\" data-e-type=\"widget\" data-widget_type=\"heading.default\">\n\t\t\t\t<div class=\"elementor-widget-container\">\n\t\t\t\t\t<h2 class=\"elementor-heading-title elementor-size-default\">T\u00e9rminos<\/h2>\t\t\t\t<\/div>\n\t\t\t\t<\/div>\n\t\t\t\t<div class=\"elementor-element elementor-element-43de78b elementor-widget elementor-widget-text-editor\" data-id=\"43de78b\" data-element_type=\"widget\" data-e-type=\"widget\" data-widget_type=\"text-editor.default\">\n\t\t\t\t<div class=\"elementor-widget-container\">\n\t\t\t\t\t\t\t\t\t<p><strong>Nuestras condiciones<\/strong><\/p>\n\t\t\t\t\t\t\t\t<\/div>\n\t\t\t\t<\/div>\n\t\t\t\t<\/div>\n\t\t\t\t\t<\/div>\n\t\t\t\t<\/div>\n\t\t\t\t<\/div>\n\t\t<div class=\"elementor-element elementor-element-2bb91dd e-con-full e-flex e-con e-parent\" data-id=\"2bb91dd\" data-element_type=\"container\" data-e-type=\"container\">\n\t\t<div class=\"elementor-element elementor-element-88e3ce1 e-flex e-con-boxed e-con e-child\" data-id=\"88e3ce1\" data-element_type=\"container\" data-e-type=\"container\">\n\t\t\t\t\t<div class=\"e-con-inner\">\n\t\t\t\t<div class=\"elementor-element elementor-element-b488bcd elementor-widget elementor-widget-text-editor\" data-id=\"b488bcd\" data-element_type=\"widget\" data-e-type=\"widget\" data-widget_type=\"text-editor.default\">\n\t\t\t\t<div class=\"elementor-widget-container\">\n\t\t\t\t\t\t\t\t\t<p><strong>Aceptaci\u00f3n de los T\u00e9rminos y Condiciones<\/strong><\/p>\n<p><strong>Por favor, lee los t\u00e9rminos y condiciones que se establecen a continuaci\u00f3n y que rigen el uso de este sitio web (&#8220;T\u00e9rminos y Condiciones&#8221;).<\/strong><\/p>\n<p><strong>Al hacer clic en &#8220;Aceptar&#8221;, todos los usuarios (&#8220;Usuarios&#8221;) de este sitio web confirman que han le\u00eddo y entendido los T\u00e9rminos y Condiciones y que est\u00e1n de acuerdo con los T\u00e9rminos y Condiciones y quedan obligados por ellos.  <\/strong><strong>Si los Usuarios no est\u00e1n de acuerdo con los T\u00e9rminos y Condiciones, por favor salgan de este sitio web.<\/strong><\/p>\n<p><strong>El uso de este sitio web puede ser monitorizado, rastreado y grabado.<br \/>\nLos usuarios que utilicen este Sitio Web consienten expresamente dicha monitorizaci\u00f3n, seguimiento y grabaci\u00f3n. <\/strong><\/p>\n<p><strong>A. <\/strong><strong>T\u00c9RMINOS Y CONDICIONES<\/strong><\/p>\n<p><strong>1. Utilizaci\u00f3n  <\/strong><\/p>\n<p>Alpasi\u00f3n facilita a todos los usuarios (&#8220;<strong>Usuarios<\/strong>&#8220;) el acceso a este sitio web (el &#8220;<strong>Sitio<\/strong>&#8220;).<\/p>\n<p>La informaci\u00f3n y los documentos disponibles y publicados en el Sitio son suministrados por Alpasi\u00f3n y, cuando as\u00ed se indique, por determinados terceros.<br \/>\nLos Usuarios tendr\u00e1n derecho a cargar informaci\u00f3n y documentos para que Alpasi\u00f3n pueda prestar Servicios (por Servicios se entiende cualquier servicio prestado por Alpasi\u00f3n a los Usuarios). <\/p>\n<p>El Sitio permitir\u00e1 a los Usuarios consultar informaci\u00f3n sobre los Servicios, las tarifas, las condiciones de pago y cualquier otra informaci\u00f3n peri\u00f3dica.<\/p>\n<p>Los Usuarios entienden que todas las inversiones se realizar\u00e1n estrictamente de acuerdo con los t\u00e9rminos del folleto o memor\u00e1ndum de oferta confidencial correspondiente y la importancia de leer las advertencias de riesgo de dichos documentos.<\/p>\n<p>Al tomar cualquier decisi\u00f3n y antes de realizar cualquier transacci\u00f3n, los Usuarios, tras su propio examen de los m\u00e9ritos y riesgos, determinar\u00e1n de forma independiente si el Usuario es capaz de asumir estos riesgos.<br \/>\nAlpasi\u00f3n no ser\u00e1 responsable de las declaraciones falsas que los Usuarios puedan hacer para obtener acceso no autorizado al Sitio. <\/p>\n<p>El Sitio y su material se proporcionan al Usuario sin coste alguno.<br \/>\nCualquier material proporcionado al Usuario tiene \u00fanicamente fines informativos.<br \/>\nAlpasi\u00f3n se reserva el derecho a realizar cambios en el Sitio; o a no responder a cualquier consulta; o a no prestar ning\u00fan tipo de apoyo en relaci\u00f3n con el Sitio.  <\/p>\n<p>Alpasi\u00f3n se reserva el derecho a eliminar cualquier material del Sitio cuando sospeche razonablemente que dicho material est\u00e1 prohibido y no debe enlazarse con el Sitio u otros sitios web que sean indecentes o inapropiados, y el Usuario debe eliminar inmediatamente cualquier enlace si Alpasi\u00f3n, a su discreci\u00f3n, as\u00ed lo solicita.<\/p>\n<p>Sin perjuicio de la obligaci\u00f3n de Alpasi\u00f3n en virtud de la Pol\u00edtica de Privacidad, ten en cuenta que cualquier informaci\u00f3n o material enviado a Alpasi\u00f3n a trav\u00e9s del Sitio se considerar\u00e1 no privilegiado ni confidencial.<br \/>\nAl enviar a Alpasi\u00f3n cualquier informaci\u00f3n o material, el Usuario concede a Alpasi\u00f3n una licencia ilimitada e irrevocable para utilizar, reproducir, mostrar, ejecutar, modificar, transmitir y distribuir ese material o informaci\u00f3n en el Sitio y utilizarlo para prestar Servicios, y los Usuarios tambi\u00e9n aceptan que Alpasi\u00f3n es libre de utilizar cualquier idea, concepto, conocimiento o t\u00e9cnica que env\u00eden a Alpasi\u00f3n para cualquier fin. <\/p>\n<p>Los t\u00e9rminos y condiciones aplicables a cualquier producto, servicio o informaci\u00f3n ser\u00e1n los que se determinen en el momento del suministro del producto, servicio o informaci\u00f3n.<br \/>\nSi los Usuarios deciden acceder al Sitio, lo hacen por iniciativa propia y son responsables del cumplimiento de las leyes locales, nacionales o internacionales aplicables. <\/p>\n<p>Los usuarios aceptan que Alpasi\u00f3n no proporciona asesoramiento personalizado sobre inversiones a trav\u00e9s del Sitio.<br \/>\nAlpasi\u00f3n no se compromete ni est\u00e1 obligada a actualizar los comentarios de investigaci\u00f3n y las noticias.<br \/>\nPor lo tanto, esa informaci\u00f3n puede no reflejar acontecimientos ocurridos despu\u00e9s de la fecha de publicaci\u00f3n.  <\/p>\n<p><strong>2. Derechos de propiedad intelectual y titularidad<\/strong><\/p>\n<p>El Sitio, su contenido y\/o todos los derechos de propiedad intelectual relativos al mismo, incluyendo el dise\u00f1o, texto, gr\u00e1ficos, logotipos, im\u00e1genes, sonido y la selecci\u00f3n y disposici\u00f3n de los mismos, son propiedad de Alpasi\u00f3n, y todos los derechos, t\u00edtulos e intereses sobre los mismos seguir\u00e1n siendo propiedad de Alpasi\u00f3n.<br \/>\nAlgunos de los contenidos de este sitio se proporcionan para su uso por terceros bajo acuerdo con Alpasi\u00f3n.<br \/>\nLos derechos de autor de este Sitio pertenecen a Alpasi\u00f3n (\u00a92015 Alpasi\u00f3n. Todos los derechos reservados).<br \/>\nLos usuarios se comprometen a no utilizar y eliminar cualquier aviso o leyenda de copyright, marca comercial o cualquier otro aviso de propiedad que figure en el Sitio o en su contenido (o en copias impresas del mismo).<br \/>\nLos Derechos de Propiedad Intelectual sobre Alpasi\u00f3n y otros nombres de productos y\/o servicios de Alpasi\u00f3n aqu\u00ed referenciados, son propiedad exclusiva de Alpasi\u00f3n.<br \/>\nTodos o cualesquiera logotipos, marcas registradas, im\u00e1genes de terceros son propiedad de cada tercero y, al utilizar o mostrar dichos logotipos, marcas registradas y\/o im\u00e1genes en el Sitio, Alpasi\u00f3n no hace ninguna declaraci\u00f3n o afirmaci\u00f3n de que dichos logotipos, marcas registradas o im\u00e1genes de terceros sean propiedad de Alpasi\u00f3n.     <\/p>\n<p><strong>3. Enlaces a otros sitios<\/strong><\/p>\n<p>El Sitio puede contener enlaces a sitios web de terceros mantenidos por otros.<br \/>\nEstos enlaces se proporcionan \u00fanicamente para comodidad de los Usuarios y no como una aprobaci\u00f3n por parte de Alpasi\u00f3n de los contenidos de dichos sitios web de terceros.<br \/>\nAlpasi\u00f3n no es responsable de la disponibilidad de dichos sitios o recursos externos y no respalda ni es responsable de ning\u00fan contenido, publicidad, productos u otros materiales que est\u00e9n disponibles en los sitios web de terceros enlazados.<br \/>\nSi los Usuarios deciden acceder a sitios web de terceros enlazados, lo hacen por su cuenta y riesgo.<br \/>\nAdem\u00e1s, los Usuarios reconocen y aceptan que Alpasi\u00f3n no ser\u00e1 responsable, directa o indirectamente, de ning\u00fan da\u00f1o o p\u00e9rdida causado o supuestamente causado por o en relaci\u00f3n con el uso o la confianza depositada en cualquiera de dichos contenidos, bienes o servicios disponibles en o a trav\u00e9s de cualquiera de dichos sitios o recursos.    <\/p>\n<p><strong>4. Modificaciones<\/strong> <strong>y rescisi\u00f3n<\/strong><\/p>\n<p>Todos los contenidos del Sitio est\u00e1n sujetos a cambios sin previo aviso.<br \/>\nAlpasi\u00f3n se reserva el derecho a modificar, a\u00f1adir, eliminar o interrumpir estos T\u00e9rminos y Condiciones o cualquier aspecto o caracter\u00edstica del Sitio o cualquiera de las pol\u00edticas o directrices que rigen el Sitio, en cualquier momento y a su entera discreci\u00f3n.<br \/>\nAl utilizar o acceder al Sitio con posterioridad a la publicaci\u00f3n de cualquier cambio o modificaci\u00f3n de los T\u00e9rminos y Condiciones aplicables al uso del Sitio, se considerar\u00e1 que los Usuarios han consentido dichos cambios o modificaciones.<br \/>\nEl Usuario acepta adem\u00e1s que, Alpasi\u00f3n no ser\u00e1 responsable ante los Usuarios ni ante ning\u00fan tercero por cualquier suspensi\u00f3n o terminaci\u00f3n de su acceso a los informes, productos y\/o servicios disponibles a trav\u00e9s de este Sitio.<br \/>\nTodas las disposiciones relativas a la exclusi\u00f3n de garant\u00edas, limitaci\u00f3n de responsabilidad y recursos y da\u00f1os contenidas en las presentes Condiciones Generales sobrevivir\u00e1n a la rescisi\u00f3n.    <\/p>\n<p><strong>5. Ning\u00fan uso ilegal o prohibido<\/strong><\/p>\n<p>El Usuario garantiza a Alpasi\u00f3n que no utilizar\u00e1 el Sitio para ning\u00fan prop\u00f3sito que sea ilegal o est\u00e9 prohibido por estos T\u00e9rminos y Condiciones o por cualquier ley.<br \/>\nEl Usuario no utilizar\u00e1 el Sitio de ninguna manera que pueda da\u00f1ar, inutilizar, sobrecargar o deteriorar el Sitio o la red conectada al Sitio o interferir en el uso y disfrute del Sitio por parte de terceros. <\/p>\n<p>El Usuario se compromete a no publicar o enviar a trav\u00e9s del Sitio o cargar en el Sitio ning\u00fan material que sea o pueda ser razonablemente interpretado como<br \/>\n(i) difamatorio, calumnioso, obsceno, ofensivo, abusivo, susceptible de incitar al odio racial, discriminatorio o blasfemo;<br \/>\n(ii) que infrinjan cualquier obligaci\u00f3n de confianza o privacidad o cualquier secreto comercial;<br \/>\n(iii) infrinja los derechos de propiedad de terceros o para los que los Usuarios no hayan obtenido todas las licencias y\/o aprobaciones necesarias; o<br \/>\n(iv) violar cualquier otra ley.    <\/p>\n<p>Se proh\u00edbe al Usuario acceder al contenido de este Sitio desde lugares donde sea ilegal dicho acceso.<br \/>\nAl acceder, utilizar, descargar o recibir de cualquier otro modo el contenido de este Sitio, aceptas expresamente que no te encuentras en un pa\u00eds donde exista tal prohibici\u00f3n.<br \/>\nCualquier persona que acceda a este Sitio desde cualquier lugar lo hace por iniciativa propia y es responsable del cumplimiento de las leyes locales aplicables.  <\/p>\n<p>Cualquier material descargado u obtenido de cualquier otro modo a trav\u00e9s del Sitio se hace a discreci\u00f3n y riesgo del Usuario, que ser\u00e1 el \u00fanico responsable de cualquier da\u00f1o que se produzca en su sistema inform\u00e1tico, tel\u00e9fono m\u00f3vil u otro dispositivo de acceso, o de la p\u00e9rdida de datos que resulte de la descarga de dicho material.<\/p>\n<p>Los Usuarios entienden y reconocen que toda la informaci\u00f3n, datos, texto, mensajes u otros materiales (&#8220;Contenido&#8221;), publicados o cargados en el Sitio, son responsabilidad exclusiva de la persona que origin\u00f3 dicho Contenido.<br \/>\nLos Usuarios, y no Alpasi\u00f3n, son enteramente responsables de todo el Contenido que los Usuarios carguen, publiquen, env\u00eden por correo electr\u00f3nico o transmitan de otro modo a trav\u00e9s del Sitio.<br \/>\nAlpasi\u00f3n no controla el Contenido publicado a trav\u00e9s del Sitio y, como tal, no puede garantizar ni garantiza la exactitud, integridad o calidad de dicho Contenido.  <\/p>\n<p><strong>6.<\/strong><strong> Responsabilidad<\/strong><\/p>\n<p>En ning\u00fan caso Alpasi\u00f3n, sus accionistas, directores, funcionarios, empleados, agentes, representantes o cualquiera de sus afiliados ser\u00e1n responsables de ning\u00fan da\u00f1o directo, indirecto, incidental, especial, punitivo o consecuente (ya sea por contrato o agravio o de otro modo) por cualquier cantidad o tipo de p\u00e9rdida (incluyendo, sin limitaci\u00f3n, da\u00f1os por p\u00e9rdida de datos, negocios o beneficios) al Usuario o a un tercero que surja de o en conexi\u00f3n con estos T\u00e9rminos y Condiciones, el Sitio, la imposibilidad de utilizar el Sitio o los productos, servicios o informaci\u00f3n obtenida o almacenada en o desde el Sitio, o cualquiera de los informes, productos y\/o servicios disponibles a trav\u00e9s del Sitio o transacciones realizadas a trav\u00e9s del Sitio, cualquier sitio web vinculado al Sitio o material de dichos sitios web, incluidos, entre otros, las p\u00e9rdidas o da\u00f1os debidos a virus que puedan infectar el sistema inform\u00e1tico, el software, los datos u otros bienes del Usuario a causa del acceso al Sitio, su uso o la descarga por parte de los Usuarios de cualquier material del Sitio o de cualquier sitio web vinculado al Sitio, ya sea por contrato, responsabilidad extracontractual, responsabilidad objetiva o de otro tipo, incluso si Alpasi\u00f3n o cualquiera de sus filiales ha sido advertida de la posibilidad de dichos da\u00f1os, y a pesar del fracaso del prop\u00f3sito esencial de cualquier recurso.<br \/>\nEsto no afectar\u00e1 a los derechos legales de los Usuarios. <\/p>\n<p>Alpasi\u00f3n no ser\u00e1 responsable de ninguna p\u00e9rdida o da\u00f1o derivado u ocasionado por<br \/>\n(a) cualquier inexactitud, correcci\u00f3n, error, retraso u omisi\u00f3n, o<br \/>\n(b) la interrupci\u00f3n de dichos datos, informaci\u00f3n o mensajes, debida a cualquier acto u omisi\u00f3n de Alpasi\u00f3n o a cualquier acontecimiento de fuerza mayor o cualquier otra causa fuera del control razonable de Alpasi\u00f3n.  <\/p>\n<p><strong>7. Ley aplicable<\/strong><\/p>\n<p>Los T\u00e9rminos y Condiciones se regir\u00e1n e interpretar\u00e1n de acuerdo con las leyes de Argentina y estar\u00e1n sujetos a la jurisdicci\u00f3n exclusiva de los tribunales de Mendoza, Argentina.<\/p>\n<p><strong>8. Indemnizaci\u00f3n<\/strong><\/p>\n<p>Si cualquier tribunal u \u00f3rgano administrativo de jurisdicci\u00f3n competente considera que alguna disposici\u00f3n de estos T\u00e9rminos y Condiciones (o parte de una disposici\u00f3n) es inv\u00e1lida, inaplicable o ilegal, las dem\u00e1s disposiciones permanecer\u00e1n en vigor.<br \/>\nSi alguna disposici\u00f3n inv\u00e1lida, inaplicable o ilegal fuera v\u00e1lida, aplicable o legal si se suprimiera alguna parte de la misma, la disposici\u00f3n se aplicar\u00e1 con las modificaciones que sean necesarias para hacer efectiva la intenci\u00f3n comercial de la misma. <\/p>\n<p><strong>B. POL\u00cdTICA DE PRIVACIDAD<\/strong><\/p>\n<p>Ning\u00fan material de este Sitio Web puede ser copiado, cargado, publicado, modificado o distribuido de ninguna manera, excepto que puedes descargar una copia de los materiales en un \u00fanico ordenador para tu uso personal y dom\u00e9stico, siempre que mantengas intactos todos los avisos de derechos de autor y otros avisos de propiedad.<br \/>\nQueda prohibido el uso de dicho material en cualquier otro sitio web o entorno inform\u00e1tico. <\/p>\n<p>Si bien &#8220;Alpasi\u00f3n&#8221; realiza esfuerzos razonables para incluir informaci\u00f3n precisa y actualizada en el Sitio Web, &#8220;Alpasi\u00f3n&#8221; no garantiza ni se responsabiliza de su exactitud.<br \/>\n&#8220;Alpasi\u00f3n&#8221; no asume responsabilidad alguna por errores u omisiones en el contenido del Sitio Web.<br \/>\nToda la informaci\u00f3n est\u00e1 sujeta a variaciones posteriores, sin previo aviso.&#8221;  <\/p>\n<p>Cualquier software de terceros que pueda descargarse de un sitio operado por un tercero (ya sea referido en este Sitio Web o vinculado al mismo) es responsabilidad de dicho tercero y no de &#8220;Alpasi\u00f3n&#8221;, que no tendr\u00e1 responsabilidad alguna con respecto a cualquier p\u00e9rdida, da\u00f1o, virus o de otro tipo que surja como resultado de la descarga por tu parte de dicho software.<\/p>\n<p><strong>C. <\/strong><strong>DESCARGO DE RESPONSABILIDAD<\/strong><\/p>\n<p>Aunque Alpasi\u00f3n ha realizado todos los esfuerzos razonables para asegurar la correcci\u00f3n e integridad del Sitio, Alpasi\u00f3n no ofrece ninguna declaraci\u00f3n ni garant\u00eda, expresa o impl\u00edcita,<br \/>\n(a) en cuanto a la exactitud o integridad de cualquier informaci\u00f3n, datos y\/o servicios disponibles a trav\u00e9s de este Sitio, y<br \/>\n(b) la exactitud de los resultados de cualquier uso de cualquier informaci\u00f3n, datos y\/o servicios disponibles a trav\u00e9s de este Sitio.<br \/>\nAlpasi\u00f3n, ni ninguno de sus funcionarios, directores, empleados, accionistas, propietarios, afiliados, agentes o representantes tendr\u00e1n ninguna responsabilidad hacia la otra parte o cualquier otra persona resultante del uso de la informaci\u00f3n, y los datos copiados del Sitio.   <\/p>\n<p>Alpasi\u00f3n no asume ninguna responsabilidad ni ofrece ninguna garant\u00eda, expresa o impl\u00edcita, en cuanto a la exactitud o integridad de cualquier informaci\u00f3n y datos disponibles en el Sitio, y ni Alpasi\u00f3n, ni ninguno de sus funcionarios, directores, empleados, accionistas, propietarios, afiliados, agentes o representantes tendr\u00e1n ninguna responsabilidad hacia la otra parte o cualquier otra persona resultante del uso de la informaci\u00f3n y datos copiados del Sitio.<br \/>\nAlpasi\u00f3n no otorga ninguna garant\u00eda o representaci\u00f3n de ning\u00fan tipo, ya sea real o impl\u00edcita a los Usuarios \/ visitantes.<br \/>\nLa informaci\u00f3n y servicios incluidos o disponibles en este Sitio pueden incluir incorrecciones o errores tipogr\u00e1ficos.  <\/p>\n<p>EL SITIO\/INFORMACI\u00d3N SE PROPORCIONA AL USUARIO &#8220;TAL CUAL&#8221; Y &#8220;DONDE EST\u00c1&#8221;, SIN NINGUNA GARANT\u00cdA.<br \/>\nALPASI\u00d3N, POR S\u00cd MISMA Y POR CUALQUIER TERCERO QUE PROPORCIONE MATERIALES, SERVICIOS O CONTENIDOS AL SITIO, NO OFRECE NINGUNA DECLARACI\u00d3N NI GARANT\u00cdA, YA SEA EXPRESA, IMPL\u00cdCITA, LEGAL O DE OTRO TIPO, DE CORRECCI\u00d3N, EXACTITUD, COMERCIABILIDAD, IDONEIDAD PARA UN FIN DETERMINADO O NO INFRACCI\u00d3N DE DERECHOS DE TERCEROS, CON RESPECTO AL SITIO, LA INFORMACI\u00d3N O CUALQUIER PRODUCTO O SERVICIO AL QUE SE REFIERA LA INFORMACI\u00d3N.<br \/>\nALPASI\u00d3N NO SER\u00c1 RESPONSABLE ANTE EL USUARIO NI ANTE NING\u00daN TERCERO POR NING\u00daN DA\u00d1O DE NING\u00daN TIPO, INCLUIDOS, ENTRE OTROS, LOS DA\u00d1OS DIRECTOS, INDIRECTOS, INCIDENTALES, CONSECUENTES O PUNITIVOS, DERIVADOS DE O RELACIONADOS CON EL SITIO, INCLUIDO, ENTRE OTROS, EL USO DEL SITIO POR PARTE DEL USUARIO O LA INCAPACIDAD DEL USUARIO PARA UTILIZAR EL SITIO, INCLUSO SI ALPASI\u00d3N HA SIDO ADVERTIDA PREVIAMENTE DE LA POSIBILIDAD DE TALES DA\u00d1OS.  <\/p>\n<p>La informaci\u00f3n contenida en el Sitio no pretende proporcionar ni constituir asesoramiento profesional o de inversi\u00f3n de ning\u00fan tipo y no debe confiarse en ella \u00fanicamente a ese respecto, debiendo leerse detenidamente el folleto correspondiente, la exposici\u00f3n de motivos confidencial y dem\u00e1s documentaci\u00f3n pertinente y\/o los t\u00e9rminos y condiciones relativos a cualquier inversi\u00f3n antes de realizarla.<br \/>\nLos inversores potenciales que accedan a este Sitio deben buscar su propio asesoramiento financiero independiente cuando proceda. <\/p>\n\t\t\t\t\t\t\t\t<\/div>\n\t\t\t\t<\/div>\n\t\t\t\t<div class=\"elementor-element elementor-element-3b1f6c6 elementor-absolute elementor-widget elementor-widget-image\" data-id=\"3b1f6c6\" data-element_type=\"widget\" data-e-type=\"widget\" data-settings=\"{&quot;_position&quot;:&quot;absolute&quot;}\" data-widget_type=\"image.default\">\n\t\t\t\t<div class=\"elementor-widget-container\">\n\t\t\t\t\t\t\t\t\t\t\t\t\t\t\t<img decoding=\"async\" width=\"1\" height=\"1\" src=\"https:\/\/alpasion.com\/wp-content\/uploads\/2024\/08\/sommelier-frame2.svg\" class=\"attachment-large size-large wp-image-5534\" alt=\"\" \/>\t\t\t\t\t\t\t\t\t\t\t\t\t\t\t<\/div>\n\t\t\t\t<\/div>\n\t\t\t\t\t<\/div>\n\t\t\t\t<\/div>\n\t\t\t\t<\/div>\n\t\t\t\t<\/div>\n\t\t","protected":false},"excerpt":{"rendered":"<p>Sobre Alpasi\u00f3n Nuestras condiciones Aceptaci\u00f3n de los T\u00e9rminos y Condiciones Por favor, lee los t\u00e9rminos y condiciones que se establecen a continuaci\u00f3n y que rigen el uso de este sitio web (&#8220;T\u00e9rminos y Condiciones&#8221;). Al hacer clic en &#8220;Aceptar&#8221;, todos los usuarios (&#8220;Usuarios&#8221;) de este sitio web confirman que han le\u00eddo y entendido los T\u00e9rminos [&hellip;]<\/p>\n","protected":false},"author":1,"featured_media":0,"parent":0,"menu_order":0,"comment_status":"closed","ping_status":"closed","template":"","meta":{"_acf_changed":false,"footnotes":""},"class_list":["post-9467","page","type-page","status-publish","hentry"],"acf":[],"_links":{"self":[{"href":"https:\/\/alpasion.com\/es\/wp-json\/wp\/v2\/pages\/9467","targetHints":{"allow":["GET"]}}],"collection":[{"href":"https:\/\/alpasion.com\/es\/wp-json\/wp\/v2\/pages"}],"about":[{"href":"https:\/\/alpasion.com\/es\/wp-json\/wp\/v2\/types\/page"}],"author":[{"embeddable":true,"href":"https:\/\/alpasion.com\/es\/wp-json\/wp\/v2\/users\/1"}],"replies":[{"embeddable":true,"href":"https:\/\/alpasion.com\/es\/wp-json\/wp\/v2\/comments?post=9467"}],"version-history":[{"count":2,"href":"https:\/\/alpasion.com\/es\/wp-json\/wp\/v2\/pages\/9467\/revisions"}],"predecessor-version":[{"id":10273,"href":"https:\/\/alpasion.com\/es\/wp-json\/wp\/v2\/pages\/9467\/revisions\/10273"}],"wp:attachment":[{"href":"https:\/\/alpasion.com\/es\/wp-json\/wp\/v2\/media?parent=9467"}],"curies":[{"name":"wp","href":"https:\/\/api.w.org\/{rel}","templated":true}]}}