{"id":10234,"date":"2024-08-05T12:00:13","date_gmt":"2024-08-05T12:00:13","guid":{"rendered":"https:\/\/alpasion.com\/wine-portfolio\/alpasion-gran-chardonnay\/"},"modified":"2025-02-18T10:06:21","modified_gmt":"2025-02-18T10:06:21","slug":"alpasion-gran-chardonnay","status":"publish","type":"product","link":"https:\/\/alpasion.com\/es\/wine-portfolio\/alpasion-gran-chardonnay\/","title":{"rendered":"Alpasi\u00f3n Gran Chardonnay"},"content":{"rendered":"<h4 data-pm-slice=\"1 1 []\">Este precioso Chardonnay es el \u00fanico vino blanco de nuestra l\u00ednea &#8220;Grand<\/h4>\n<p>Este vino s\u00f3lo ha sido sometido a una fermentaci\u00f3n malol\u00e1ctica parcial, lo que da como resultado una expresi\u00f3n limpia y brillante de la uva Chardonnay. Notas de manzana verde, pi\u00f1a y cuajada de lim\u00f3n est\u00e1n respaldadas por una mineralidad de concha marina triturada. 12 meses en barricas de roble franc\u00e9s aportan notas de roble tostado y especias de panader\u00eda. <\/p>\n","protected":false},"excerpt":{"rendered":"<p>Este encantador Chardonnay es el \u00fanico vino blanco de nuestra l\u00ednea &#8220;Grand&#8221;.<\/p>\n","protected":false},"featured_media":5495,"template":"","meta":{"_acf_changed":false,"wds_primary_product_brand":0,"wds_primary_product_cat":0},"product_brand":[],"product_cat":[196],"product_tag":[],"class_list":{"0":"post-10234","1":"product","2":"type-product","3":"status-publish","4":"has-post-thumbnail","6":"product_cat-vino-blanco","8":"first","9":"instock","10":"shipping-taxable","11":"purchasable","12":"product-type-simple"},"acf":[],"_links":{"self":[{"href":"https:\/\/alpasion.com\/es\/wp-json\/wp\/v2\/product\/10234","targetHints":{"allow":["GET"]}}],"collection":[{"href":"https:\/\/alpasion.com\/es\/wp-json\/wp\/v2\/product"}],"about":[{"href":"https:\/\/alpasion.com\/es\/wp-json\/wp\/v2\/types\/product"}],"version-history":[{"count":2,"href":"https:\/\/alpasion.com\/es\/wp-json\/wp\/v2\/product\/10234\/revisions"}],"predecessor-version":[{"id":12853,"href":"https:\/\/alpasion.com\/es\/wp-json\/wp\/v2\/product\/10234\/revisions\/12853"}],"wp:featuredmedia":[{"embeddable":true,"href":"https:\/\/alpasion.com\/es\/wp-json\/wp\/v2\/media\/5495"}],"wp:attachment":[{"href":"https:\/\/alpasion.com\/es\/wp-json\/wp\/v2\/media?parent=10234"}],"wp:term":[{"taxonomy":"product_brand","embeddable":true,"href":"https:\/\/alpasion.com\/es\/wp-json\/wp\/v2\/product_brand?post=10234"},{"taxonomy":"product_cat","embeddable":true,"href":"https:\/\/alpasion.com\/es\/wp-json\/wp\/v2\/product_cat?post=10234"},{"taxonomy":"product_tag","embeddable":true,"href":"https:\/\/alpasion.com\/es\/wp-json\/wp\/v2\/product_tag?post=10234"}],"curies":[{"name":"wp","href":"https:\/\/api.w.org\/{rel}","templated":true}]}}