{"id":10235,"date":"2024-07-14T17:25:29","date_gmt":"2024-07-14T17:25:29","guid":{"rendered":"https:\/\/alpasion.com\/wine-portfolio\/alpasion-gran-pinot-noir\/"},"modified":"2025-02-18T10:08:13","modified_gmt":"2025-02-18T10:08:13","slug":"alpasion-gran-pinot-noir","status":"publish","type":"product","link":"https:\/\/alpasion.com\/es\/wine-portfolio\/alpasion-gran-pinot-noir\/","title":{"rendered":"Alpasi\u00f3n Gran Pinot Noir"},"content":{"rendered":"<h3>Este vino tinto Pinot Noir envejece en barricas francesas de estilo bordel\u00e9s durante 12 meses.<\/h3>\n<p>El Alpasi\u00f3n Gran Pinot Noir tiene un intenso color rojo granate. Taninos sedosos, elegantes frutos rojos, ar\u00e1ndanos, cerezas y frambuesas. Notas especiadas de pimienta verde, clavo y canela. Toques de eucalipto y menta con un final delicado. Maridaje extremadamente vers\u00e1til, puede acompa\u00f1ar arroces ricos, pastas y marisco, pero tambi\u00e9n aves de caza como el pato.   <\/p>\n","protected":false},"excerpt":{"rendered":"<p>Envejecido en barricas bordelesas francesas durante 12 meses. Color rojo granate intenso&#8230; <\/p>\n","protected":false},"featured_media":5504,"template":"","meta":{"_acf_changed":false,"wds_primary_product_brand":0,"wds_primary_product_cat":0},"product_brand":[],"product_cat":[187],"product_tag":[],"class_list":{"0":"post-10235","1":"product","2":"type-product","3":"status-publish","4":"has-post-thumbnail","6":"product_cat-vino-tinto","8":"first","9":"instock","10":"shipping-taxable","11":"purchasable","12":"product-type-simple"},"acf":[],"_links":{"self":[{"href":"https:\/\/alpasion.com\/es\/wp-json\/wp\/v2\/product\/10235","targetHints":{"allow":["GET"]}}],"collection":[{"href":"https:\/\/alpasion.com\/es\/wp-json\/wp\/v2\/product"}],"about":[{"href":"https:\/\/alpasion.com\/es\/wp-json\/wp\/v2\/types\/product"}],"version-history":[{"count":2,"href":"https:\/\/alpasion.com\/es\/wp-json\/wp\/v2\/product\/10235\/revisions"}],"predecessor-version":[{"id":12860,"href":"https:\/\/alpasion.com\/es\/wp-json\/wp\/v2\/product\/10235\/revisions\/12860"}],"wp:featuredmedia":[{"embeddable":true,"href":"https:\/\/alpasion.com\/es\/wp-json\/wp\/v2\/media\/5504"}],"wp:attachment":[{"href":"https:\/\/alpasion.com\/es\/wp-json\/wp\/v2\/media?parent=10235"}],"wp:term":[{"taxonomy":"product_brand","embeddable":true,"href":"https:\/\/alpasion.com\/es\/wp-json\/wp\/v2\/product_brand?post=10235"},{"taxonomy":"product_cat","embeddable":true,"href":"https:\/\/alpasion.com\/es\/wp-json\/wp\/v2\/product_cat?post=10235"},{"taxonomy":"product_tag","embeddable":true,"href":"https:\/\/alpasion.com\/es\/wp-json\/wp\/v2\/product_tag?post=10235"}],"curies":[{"name":"wp","href":"https:\/\/api.w.org\/{rel}","templated":true}]}}