{"id":10237,"date":"2024-07-27T17:25:09","date_gmt":"2024-07-27T17:25:09","guid":{"rendered":"https:\/\/alpasion.com\/wine-portfolio\/ginebra-alpasion\/"},"modified":"2024-11-18T18:14:29","modified_gmt":"2024-11-18T18:14:29","slug":"ginebra-alpasion","status":"publish","type":"product","link":"https:\/\/alpasion.com\/es\/wine-portfolio\/ginebra-alpasion\/","title":{"rendered":"Ginebra Alpasi\u00f3n"},"content":{"rendered":"<h3>La ginebra Alpasi\u00f3n se destila en peque\u00f1os alambiques dise\u00f1ados para destilaciones ultrapremium, fabricados 100% en cobre y con la tecnolog\u00eda m\u00e1s avanzada.<\/h3>\n<p>Los bot\u00e1nicos son 100% naturales, macerados en alcohol de cereal argentino. El agua procede de manantiales naturales puros de la cordillera de los Andes.<\/p>\n","protected":false},"excerpt":{"rendered":"<p>Ginebra londinense tradicional infusionada con bayas de enebro, semillas de cilantro, verbena, tomillo y piel de naranja.<\/p>\n","protected":false},"featured_media":1651,"template":"","meta":{"_acf_changed":false,"wds_primary_product_brand":0,"wds_primary_product_cat":0},"product_brand":[],"product_cat":[190],"product_tag":[],"class_list":{"0":"post-10237","1":"product","2":"type-product","3":"status-publish","4":"has-post-thumbnail","6":"product_cat-gin-es","8":"first","9":"instock","10":"shipping-taxable","11":"product-type-simple"},"acf":[],"_links":{"self":[{"href":"https:\/\/alpasion.com\/es\/wp-json\/wp\/v2\/product\/10237","targetHints":{"allow":["GET"]}}],"collection":[{"href":"https:\/\/alpasion.com\/es\/wp-json\/wp\/v2\/product"}],"about":[{"href":"https:\/\/alpasion.com\/es\/wp-json\/wp\/v2\/types\/product"}],"version-history":[{"count":1,"href":"https:\/\/alpasion.com\/es\/wp-json\/wp\/v2\/product\/10237\/revisions"}],"predecessor-version":[{"id":12172,"href":"https:\/\/alpasion.com\/es\/wp-json\/wp\/v2\/product\/10237\/revisions\/12172"}],"wp:featuredmedia":[{"embeddable":true,"href":"https:\/\/alpasion.com\/es\/wp-json\/wp\/v2\/media\/1651"}],"wp:attachment":[{"href":"https:\/\/alpasion.com\/es\/wp-json\/wp\/v2\/media?parent=10237"}],"wp:term":[{"taxonomy":"product_brand","embeddable":true,"href":"https:\/\/alpasion.com\/es\/wp-json\/wp\/v2\/product_brand?post=10237"},{"taxonomy":"product_cat","embeddable":true,"href":"https:\/\/alpasion.com\/es\/wp-json\/wp\/v2\/product_cat?post=10237"},{"taxonomy":"product_tag","embeddable":true,"href":"https:\/\/alpasion.com\/es\/wp-json\/wp\/v2\/product_tag?post=10237"}],"curies":[{"name":"wp","href":"https:\/\/api.w.org\/{rel}","templated":true}]}}