{"id":10238,"date":"2024-08-05T11:30:45","date_gmt":"2024-08-05T11:30:45","guid":{"rendered":"https:\/\/alpasion.com\/wine-portfolio\/alpasion-vieja-escuela\/"},"modified":"2025-02-18T10:07:11","modified_gmt":"2025-02-18T10:07:11","slug":"alpasion-vieja-escuela","status":"publish","type":"product","link":"https:\/\/alpasion.com\/es\/wine-portfolio\/alpasion-vieja-escuela\/","title":{"rendered":"Alpasi\u00f3n Vieja Escuela"},"content":{"rendered":"<h3 data-pm-slice=\"1 1 []\">Este vino es un lanzamiento especial y no lo hacemos todos los a\u00f1os.<\/h3>\n<h4 data-pm-slice=\"1 1 []\">El Alpasi\u00f3n Vieja Escuela es una mezcla de uvas y, a veces, tambi\u00e9n de a\u00f1adas.<\/h4>\n<p>Envejecido durante al menos 24 meses en barricas bordelesas francesas, el vino tiene la capacidad de ser guardado durante d\u00e9cadas. El envejecimiento adicional en botella de al menos un a\u00f1o tambi\u00e9n permite disfrutar de este vino inmediatamente con un poco de decantaci\u00f3n. Color rojo rub\u00ed intenso con motas de violeta en la copa. Aromas de frutos negros maduros y especias se mezclan con cuero, humo y aceituna kalamata. <\/p>\n","protected":false},"excerpt":{"rendered":"<p data-pm-slice=\"1 1 []\">Este vino es un lanzamiento especial y no lo hacemos todos los a\u00f1os. Es una mezcla de uvas y, a veces, tambi\u00e9n de a\u00f1adas.<\/p>\n","protected":false},"featured_media":5510,"template":"","meta":{"_acf_changed":false,"wds_primary_product_brand":0,"wds_primary_product_cat":0},"product_brand":[],"product_cat":[187],"product_tag":[],"class_list":{"0":"post-10238","1":"product","2":"type-product","3":"status-publish","4":"has-post-thumbnail","6":"product_cat-vino-tinto","8":"first","9":"instock","10":"shipping-taxable","11":"purchasable","12":"product-type-simple"},"acf":[],"_links":{"self":[{"href":"https:\/\/alpasion.com\/es\/wp-json\/wp\/v2\/product\/10238","targetHints":{"allow":["GET"]}}],"collection":[{"href":"https:\/\/alpasion.com\/es\/wp-json\/wp\/v2\/product"}],"about":[{"href":"https:\/\/alpasion.com\/es\/wp-json\/wp\/v2\/types\/product"}],"version-history":[{"count":3,"href":"https:\/\/alpasion.com\/es\/wp-json\/wp\/v2\/product\/10238\/revisions"}],"predecessor-version":[{"id":12857,"href":"https:\/\/alpasion.com\/es\/wp-json\/wp\/v2\/product\/10238\/revisions\/12857"}],"wp:featuredmedia":[{"embeddable":true,"href":"https:\/\/alpasion.com\/es\/wp-json\/wp\/v2\/media\/5510"}],"wp:attachment":[{"href":"https:\/\/alpasion.com\/es\/wp-json\/wp\/v2\/media?parent=10238"}],"wp:term":[{"taxonomy":"product_brand","embeddable":true,"href":"https:\/\/alpasion.com\/es\/wp-json\/wp\/v2\/product_brand?post=10238"},{"taxonomy":"product_cat","embeddable":true,"href":"https:\/\/alpasion.com\/es\/wp-json\/wp\/v2\/product_cat?post=10238"},{"taxonomy":"product_tag","embeddable":true,"href":"https:\/\/alpasion.com\/es\/wp-json\/wp\/v2\/product_tag?post=10238"}],"curies":[{"name":"wp","href":"https:\/\/api.w.org\/{rel}","templated":true}]}}