{"id":10241,"date":"2024-08-05T11:51:24","date_gmt":"2024-08-05T11:51:24","guid":{"rendered":"https:\/\/alpasion.com\/wine-portfolio\/alpasion-rosado\/"},"modified":"2025-02-18T10:06:34","modified_gmt":"2025-02-18T10:06:34","slug":"alpasion-rosado","status":"publish","type":"product","link":"https:\/\/alpasion.com\/es\/wine-portfolio\/alpasion-rosado\/","title":{"rendered":"Alpasi\u00f3n Rosado"},"content":{"rendered":"<h4 data-pm-slice=\"1 1 []\">Savory in Style 100% Syrah rosado es ideal para verdaderas experiencias gastron\u00f3micas<\/h4>\n<p data-pm-slice=\"1 1 []\">Entrada suave y fresca, cierto volumen en boca, muy buena acidez y poco alcohol que lo hacen muy bebible. De estilo sabroso, este rosado 100% Syrah de alta acidez es ideal para verdaderas experiencias gastron\u00f3micas. <\/p>\n<p>Los aromas de caqui, clementina y mel\u00f3n envuelto en jam\u00f3n estallan en la copa. El maridaje perfecto de salinidad y fruta que puede consumirse todo el a\u00f1o. <\/p>\n","protected":false},"excerpt":{"rendered":"<p>Entrada suave y fresca, cierto volumen en boca, muy buena acidez y poco alcohol que lo hacen muy bebible.<\/p>\n","protected":false},"featured_media":5516,"template":"","meta":{"_acf_changed":false,"wds_primary_product_brand":0,"wds_primary_product_cat":0},"product_brand":[],"product_cat":[188],"product_tag":[],"class_list":{"0":"post-10241","1":"product","2":"type-product","3":"status-publish","4":"has-post-thumbnail","6":"product_cat-vino-rosados","8":"first","9":"instock","10":"shipping-taxable","11":"purchasable","12":"product-type-simple"},"acf":[],"_links":{"self":[{"href":"https:\/\/alpasion.com\/es\/wp-json\/wp\/v2\/product\/10241","targetHints":{"allow":["GET"]}}],"collection":[{"href":"https:\/\/alpasion.com\/es\/wp-json\/wp\/v2\/product"}],"about":[{"href":"https:\/\/alpasion.com\/es\/wp-json\/wp\/v2\/types\/product"}],"version-history":[{"count":4,"href":"https:\/\/alpasion.com\/es\/wp-json\/wp\/v2\/product\/10241\/revisions"}],"predecessor-version":[{"id":12854,"href":"https:\/\/alpasion.com\/es\/wp-json\/wp\/v2\/product\/10241\/revisions\/12854"}],"wp:featuredmedia":[{"embeddable":true,"href":"https:\/\/alpasion.com\/es\/wp-json\/wp\/v2\/media\/5516"}],"wp:attachment":[{"href":"https:\/\/alpasion.com\/es\/wp-json\/wp\/v2\/media?parent=10241"}],"wp:term":[{"taxonomy":"product_brand","embeddable":true,"href":"https:\/\/alpasion.com\/es\/wp-json\/wp\/v2\/product_brand?post=10241"},{"taxonomy":"product_cat","embeddable":true,"href":"https:\/\/alpasion.com\/es\/wp-json\/wp\/v2\/product_cat?post=10241"},{"taxonomy":"product_tag","embeddable":true,"href":"https:\/\/alpasion.com\/es\/wp-json\/wp\/v2\/product_tag?post=10241"}],"curies":[{"name":"wp","href":"https:\/\/api.w.org\/{rel}","templated":true}]}}