{"id":10543,"date":"2024-07-14T17:22:50","date_gmt":"2024-07-14T17:22:50","guid":{"rendered":"https:\/\/alpasion.com\/wine-portfolio\/alpasion-malbec\/"},"modified":"2025-02-18T10:08:37","modified_gmt":"2025-02-18T10:08:37","slug":"alpasion-malbec","status":"publish","type":"product","link":"https:\/\/alpasion.com\/es\/wine-portfolio\/alpasion-malbec\/","title":{"rendered":"Alpasi\u00f3n Malbec"},"content":{"rendered":"<h3>Este es nuestro &#8220;Estate&#8221; Malbec. S\u00f3lo el 25% del vino ha sido envejecido. Como tal, es menos potente que nuestro Gran Malbec tradicional.  <\/h3>\n<p>Este tinto de Alpasi\u00f3n tiene fruta fresca y taninos ligeros. Es la expresi\u00f3n m\u00e1s pura de nuestro terru\u00f1o. Fruta roja brillante, un toque de especias y tierra fresca en maceta respaldados por una acidez viva y taninos suaves. Extremadamente vers\u00e1til en la copa y a\u00fan m\u00e1s sabroso con un ligero fr\u00edo. Excelente opci\u00f3n como vino &#8220;por copas&#8221; para restaurantes.   <\/p>\n","protected":false},"excerpt":{"rendered":"<p>Este es nuestro &#8220;Estate&#8221; Malbec. S\u00f3lo el 25% del vino ha sido envejecido&#8230; <\/p>\n","protected":false},"featured_media":5507,"template":"","meta":{"_acf_changed":false,"wds_primary_product_brand":0,"wds_primary_product_cat":0},"product_brand":[],"product_cat":[187],"product_tag":[],"class_list":{"0":"post-10543","1":"product","2":"type-product","3":"status-publish","4":"has-post-thumbnail","6":"product_cat-vino-tinto","8":"first","9":"instock","10":"shipping-taxable","11":"purchasable","12":"product-type-simple"},"acf":[],"_links":{"self":[{"href":"https:\/\/alpasion.com\/es\/wp-json\/wp\/v2\/product\/10543","targetHints":{"allow":["GET"]}}],"collection":[{"href":"https:\/\/alpasion.com\/es\/wp-json\/wp\/v2\/product"}],"about":[{"href":"https:\/\/alpasion.com\/es\/wp-json\/wp\/v2\/types\/product"}],"version-history":[{"count":2,"href":"https:\/\/alpasion.com\/es\/wp-json\/wp\/v2\/product\/10543\/revisions"}],"predecessor-version":[{"id":12862,"href":"https:\/\/alpasion.com\/es\/wp-json\/wp\/v2\/product\/10543\/revisions\/12862"}],"wp:featuredmedia":[{"embeddable":true,"href":"https:\/\/alpasion.com\/es\/wp-json\/wp\/v2\/media\/5507"}],"wp:attachment":[{"href":"https:\/\/alpasion.com\/es\/wp-json\/wp\/v2\/media?parent=10543"}],"wp:term":[{"taxonomy":"product_brand","embeddable":true,"href":"https:\/\/alpasion.com\/es\/wp-json\/wp\/v2\/product_brand?post=10543"},{"taxonomy":"product_cat","embeddable":true,"href":"https:\/\/alpasion.com\/es\/wp-json\/wp\/v2\/product_cat?post=10543"},{"taxonomy":"product_tag","embeddable":true,"href":"https:\/\/alpasion.com\/es\/wp-json\/wp\/v2\/product_tag?post=10543"}],"curies":[{"name":"wp","href":"https:\/\/api.w.org\/{rel}","templated":true}]}}