{"id":10547,"date":"2024-07-14T17:24:21","date_gmt":"2024-07-14T17:24:21","guid":{"rendered":"https:\/\/alpasion.com\/wine-portfolio\/alpasion-cabernet-sauvignon\/"},"modified":"2025-02-18T10:08:25","modified_gmt":"2025-02-18T10:08:25","slug":"alpasion-cabernet-sauvignon","status":"publish","type":"product","link":"https:\/\/alpasion.com\/es\/wine-portfolio\/alpasion-cabernet-sauvignon\/","title":{"rendered":"Alpasi\u00f3n Cabernet Sauvignon"},"content":{"rendered":"<h3 data-pm-slice=\"1 1 []\">Se trata de un vino tinto Cabernet de Mendoza de gran altitud que s\u00f3lo tiene un peque\u00f1o porcentaje de roble.<\/h3>\n<p data-pm-slice=\"1 1 []\">Como resultado, el vino es fresco y brillante, con la cantidad perfecta de taninos para a\u00f1adir estructura y complejidad.<\/p>\n<p>El vino Alpasi\u00f3n Cabernet Sauvignon se ha convertido r\u00e1pidamente en nuestra opci\u00f3n &#8220;por copas&#8221; m\u00e1s popular para restaurantes y clubes privados.<\/p>\n","protected":false},"excerpt":{"rendered":"<p>Se trata de un Cabernet de Mendoza de gran altitud, de libro de texto, que s\u00f3lo&#8230;<\/p>\n","protected":false},"featured_media":5492,"template":"","meta":{"_acf_changed":false,"wds_primary_product_brand":0,"wds_primary_product_cat":0},"product_brand":[],"product_cat":[187],"product_tag":[],"class_list":{"0":"post-10547","1":"product","2":"type-product","3":"status-publish","4":"has-post-thumbnail","6":"product_cat-vino-tinto","8":"first","9":"instock","10":"shipping-taxable","11":"purchasable","12":"product-type-simple"},"acf":[],"_links":{"self":[{"href":"https:\/\/alpasion.com\/es\/wp-json\/wp\/v2\/product\/10547","targetHints":{"allow":["GET"]}}],"collection":[{"href":"https:\/\/alpasion.com\/es\/wp-json\/wp\/v2\/product"}],"about":[{"href":"https:\/\/alpasion.com\/es\/wp-json\/wp\/v2\/types\/product"}],"version-history":[{"count":2,"href":"https:\/\/alpasion.com\/es\/wp-json\/wp\/v2\/product\/10547\/revisions"}],"predecessor-version":[{"id":12861,"href":"https:\/\/alpasion.com\/es\/wp-json\/wp\/v2\/product\/10547\/revisions\/12861"}],"wp:featuredmedia":[{"embeddable":true,"href":"https:\/\/alpasion.com\/es\/wp-json\/wp\/v2\/media\/5492"}],"wp:attachment":[{"href":"https:\/\/alpasion.com\/es\/wp-json\/wp\/v2\/media?parent=10547"}],"wp:term":[{"taxonomy":"product_brand","embeddable":true,"href":"https:\/\/alpasion.com\/es\/wp-json\/wp\/v2\/product_brand?post=10547"},{"taxonomy":"product_cat","embeddable":true,"href":"https:\/\/alpasion.com\/es\/wp-json\/wp\/v2\/product_cat?post=10547"},{"taxonomy":"product_tag","embeddable":true,"href":"https:\/\/alpasion.com\/es\/wp-json\/wp\/v2\/product_tag?post=10547"}],"curies":[{"name":"wp","href":"https:\/\/api.w.org\/{rel}","templated":true}]}}