{"id":10549,"date":"2024-08-05T10:52:51","date_gmt":"2024-08-05T10:52:51","guid":{"rendered":"https:\/\/alpasion.com\/wine-portfolio\/alpasion-gran-cabernet-franc\/"},"modified":"2024-11-18T18:13:50","modified_gmt":"2024-11-18T18:13:50","slug":"alpasion-gran-cabernet-franc","status":"publish","type":"product","link":"https:\/\/alpasion.com\/es\/wine-portfolio\/alpasion-gran-cabernet-franc\/","title":{"rendered":"Alpasi\u00f3n Gran Cabernet Franc"},"content":{"rendered":"<p data-pm-slice=\"1 1 []\">Envejecido en barricas bordelesas francesas durante unos 12 meses.<\/p>\n<p>La elevada altitud del vi\u00f1edo permite que las notas de pimienta verde sean muy suaves, elegantes y sutiles. Un bello ejemplo de c\u00f3mo se expresa este varietal bordel\u00e9s en el Valle de Uco. Frutos rojos y negros maduros con notas de pimiento y hierbas frescas. Una sinergia perfecta del viejo y el nuevo mundo.<\/p>\n","protected":false},"excerpt":{"rendered":"<p data-pm-slice=\"1 1 []\">Envejecido en barricas bordelesas francesas durante unos 12 meses.<\/p>\n","protected":false},"featured_media":8274,"template":"","meta":{"_acf_changed":false,"wds_primary_product_brand":0,"wds_primary_product_cat":0},"product_brand":[],"product_cat":[187],"product_tag":[],"class_list":{"0":"post-10549","1":"product","2":"type-product","3":"status-publish","4":"has-post-thumbnail","6":"product_cat-vino-tinto","8":"first","9":"instock","10":"shipping-taxable","11":"purchasable","12":"product-type-simple"},"acf":[],"_links":{"self":[{"href":"https:\/\/alpasion.com\/es\/wp-json\/wp\/v2\/product\/10549","targetHints":{"allow":["GET"]}}],"collection":[{"href":"https:\/\/alpasion.com\/es\/wp-json\/wp\/v2\/product"}],"about":[{"href":"https:\/\/alpasion.com\/es\/wp-json\/wp\/v2\/types\/product"}],"version-history":[{"count":1,"href":"https:\/\/alpasion.com\/es\/wp-json\/wp\/v2\/product\/10549\/revisions"}],"predecessor-version":[{"id":12168,"href":"https:\/\/alpasion.com\/es\/wp-json\/wp\/v2\/product\/10549\/revisions\/12168"}],"wp:featuredmedia":[{"embeddable":true,"href":"https:\/\/alpasion.com\/es\/wp-json\/wp\/v2\/media\/8274"}],"wp:attachment":[{"href":"https:\/\/alpasion.com\/es\/wp-json\/wp\/v2\/media?parent=10549"}],"wp:term":[{"taxonomy":"product_brand","embeddable":true,"href":"https:\/\/alpasion.com\/es\/wp-json\/wp\/v2\/product_brand?post=10549"},{"taxonomy":"product_cat","embeddable":true,"href":"https:\/\/alpasion.com\/es\/wp-json\/wp\/v2\/product_cat?post=10549"},{"taxonomy":"product_tag","embeddable":true,"href":"https:\/\/alpasion.com\/es\/wp-json\/wp\/v2\/product_tag?post=10549"}],"curies":[{"name":"wp","href":"https:\/\/api.w.org\/{rel}","templated":true}]}}