{"id":9475,"date":"2024-07-12T20:47:06","date_gmt":"2024-07-12T20:47:06","guid":{"rendered":"https:\/\/staging.alpasion.com\/politica-de-privacidade-e-cookies\/"},"modified":"2024-11-01T11:20:31","modified_gmt":"2024-11-01T11:20:31","slug":"politica-de-privacidade-e-cookies","status":"publish","type":"page","link":"https:\/\/alpasion.com\/pt-br\/politica-de-privacidade-e-cookies\/","title":{"rendered":"Pol\u00edtica de privacidade e cookies"},"content":{"rendered":"\t\t<div data-elementor-type=\"wp-page\" data-elementor-id=\"9475\" class=\"elementor elementor-9475 elementor-3\" data-elementor-post-type=\"page\">\n\t\t\t\t<div class=\"elementor-element elementor-element-b5b0e9b e-con-full header-hero-alpasion e-flex e-con e-parent\" data-id=\"b5b0e9b\" data-element_type=\"container\" data-e-type=\"container\" data-settings=\"{&quot;background_background&quot;:&quot;classic&quot;}\">\n\t\t<div class=\"elementor-element elementor-element-2f742bd e-flex e-con-boxed e-con e-child\" data-id=\"2f742bd\" data-element_type=\"container\" data-e-type=\"container\">\n\t\t\t\t\t<div class=\"e-con-inner\">\n\t\t<div class=\"elementor-element elementor-element-996a600 e-con-full e-flex e-con e-child\" data-id=\"996a600\" data-element_type=\"container\" data-e-type=\"container\">\n\t\t\t\t<div class=\"elementor-element elementor-element-7a824d9 elementor-widget elementor-widget-heading\" data-id=\"7a824d9\" data-element_type=\"widget\" data-e-type=\"widget\" data-widget_type=\"heading.default\">\n\t\t\t\t<div class=\"elementor-widget-container\">\n\t\t\t\t\t<h2 class=\"elementor-heading-title elementor-size-default\">Sobre a Alpasi\u00f3n<\/h2>\t\t\t\t<\/div>\n\t\t\t\t<\/div>\n\t\t\t\t<div class=\"elementor-element elementor-element-ab6eba9 elementor-absolute elementor-widget elementor-widget-image\" data-id=\"ab6eba9\" data-element_type=\"widget\" data-e-type=\"widget\" data-settings=\"{&quot;_position&quot;:&quot;absolute&quot;}\" data-widget_type=\"image.default\">\n\t\t\t\t<div class=\"elementor-widget-container\">\n\t\t\t\t\t\t\t\t\t\t\t\t\t\t\t<img decoding=\"async\" width=\"1\" height=\"1\" src=\"https:\/\/alpasion.com\/wp-content\/uploads\/2024\/07\/about-scale.svg\" class=\"attachment-large size-large wp-image-4651\" alt=\"\" \/>\t\t\t\t\t\t\t\t\t\t\t\t\t\t\t<\/div>\n\t\t\t\t<\/div>\n\t\t\t\t<div class=\"elementor-element elementor-element-c099062 elementor-widget-mobile__width-inherit elementor-widget elementor-widget-heading\" data-id=\"c099062\" data-element_type=\"widget\" data-e-type=\"widget\" data-widget_type=\"heading.default\">\n\t\t\t\t<div class=\"elementor-widget-container\">\n\t\t\t\t\t<h2 class=\"elementor-heading-title elementor-size-default\">Pol\u00edtica de privacidade e cookies<\/h2>\t\t\t\t<\/div>\n\t\t\t\t<\/div>\n\t\t\t\t<div class=\"elementor-element elementor-element-3c8d48a elementor-widget elementor-widget-text-editor\" data-id=\"3c8d48a\" data-element_type=\"widget\" data-e-type=\"widget\" data-widget_type=\"text-editor.default\">\n\t\t\t\t<div class=\"elementor-widget-container\">\n\t\t\t\t\t\t\t\t\t<p><strong>Nossa pol\u00edtica de privacidade e cookies<\/strong><\/p>\n\t\t\t\t\t\t\t\t<\/div>\n\t\t\t\t<\/div>\n\t\t\t\t<\/div>\n\t\t\t\t\t<\/div>\n\t\t\t\t<\/div>\n\t\t\t\t<\/div>\n\t\t<div class=\"elementor-element elementor-element-ee9667a e-con-full e-flex e-con e-parent\" data-id=\"ee9667a\" data-element_type=\"container\" data-e-type=\"container\">\n\t\t<div class=\"elementor-element elementor-element-7c5f652 e-flex e-con-boxed e-con e-child\" data-id=\"7c5f652\" data-element_type=\"container\" data-e-type=\"container\">\n\t\t\t\t\t<div class=\"e-con-inner\">\n\t\t\t\t<div class=\"elementor-element elementor-element-d75cfb1 elementor-widget elementor-widget-text-editor\" data-id=\"d75cfb1\" data-element_type=\"widget\" data-e-type=\"widget\" data-widget_type=\"text-editor.default\">\n\t\t\t\t<div class=\"elementor-widget-container\">\n\t\t\t\t\t\t\t\t\t<p><strong>1. Pol\u00edtica<\/strong><\/p>\n<p>Esta Pol\u00edtica \u00e9 emitida pelo Grupo Alpasion, que inclui suas filiais, suas subsidi\u00e1rias e suas afiliadas, de tempos em tempos (em conjunto, &#8220;Alpasion&#8221;, &#8220;n\u00f3s&#8221;, &#8220;nos&#8221; ou &#8220;nosso&#8221;) e \u00e9 dirigida a indiv\u00edduos fora da Alpasion com os quais interagimos, incluindo clientes individuais, pessoal de clientes corporativos, fornecedores e outros destinat\u00e1rios de nossos servi\u00e7os (em conjunto, &#8220;voc\u00ea&#8221;).<br \/>Esta Pol\u00edtica de Privacidade descreve como coletamos, mantemos, usamos e divulgamos as informa\u00e7\u00f5es pessoais que voc\u00ea fornece, que s\u00e3o fornecidas em seu nome ou que s\u00e3o coletadas por n\u00f3s. Cada empresa do Grupo Alpasion est\u00e1 sujeita a quaisquer leis de privacidade e prote\u00e7\u00e3o de dados que possam ser aplic\u00e1veis no pa\u00eds em que est\u00e1 localizada. Esta Pol\u00edtica de Privacidade n\u00e3o deve ser vista como um suplemento a tais leis de Privacidade locais e n\u00e3o deve variar ou diminuir as obriga\u00e7\u00f5es de cada empresa do Grupo Alpasion sob as leis de Privacidade locais aplic\u00e1veis. Na medida em que esta Pol\u00edtica de Privacidade entrar em conflito com quaisquer disposi\u00e7\u00f5es das leis locais de Privacidade, tais leis locais de Privacidade ter\u00e3o preced\u00eancia sobre esta Pol\u00edtica de Privacidade.<br \/>Qualquer uma das empresas do Grupo Alpasion pode ser processadora ou controladora de dados; isso depender\u00e1 das circunst\u00e2ncias em que as informa\u00e7\u00f5es pessoais s\u00e3o coletadas, mantidas ou utilizadas. Para conhecer as empresas do Grupo Alpasion e seus detalhes, visite: <a href=\"https:\/\/www.alpasion.com\/\">https:\/\/www.alpasion.com\/<\/a><br \/>Esta Pol\u00edtica pode ser alterada ou atualizada a nosso crit\u00e9rio, de tempos em tempos, para refletir as altera\u00e7\u00f5es em nossas pr\u00e1ticas com rela\u00e7\u00e3o ao Processamento de Dados Pessoais ou quaisquer altera\u00e7\u00f5es na legisla\u00e7\u00e3o aplic\u00e1vel.    <\/p>\n<p><strong>2. Dados pessoais:<\/strong><\/p>\n<p>As categorias de Dados Pessoais sobre voc\u00ea que processamos, sujeitas \u00e0 lei aplic\u00e1vel, s\u00e3o as seguintes:<br \/>&#8211; Detalhes pessoais: nome(s) pr\u00f3prio(s); nome(s) preferido(s); apelido(s), sexo; data de nascimento; idade; estado civil; n\u00famero do Seguro Social; n\u00famero(s) do passaporte; n\u00famero(s) da carteira de habilita\u00e7\u00e3o; nacionalidade; estilo de vida e circunst\u00e2ncias sociais; imagens de passaportes, carteiras de habilita\u00e7\u00e3o e assinaturas; dados de autentica\u00e7\u00e3o (senhas, nome de solteira da m\u00e3e, perguntas e respostas de desafio\/resposta, PINs, dados de reconhecimento facial e de voz); fotografias; imagens visuais; e apar\u00eancia e comportamento pessoal.<br \/>&#8211; Detalhes de contato: endere\u00e7o; n\u00famero de telefone; endere\u00e7o de e-mail; e detalhes do perfil de m\u00eddia social.<br \/>&#8211; Detalhes do emprego: Setor, fun\u00e7\u00e3o; atividades comerciais; Detalhes sobre cart\u00f5es comerciais fornecidos a n\u00f3s.<br \/>&#8211; Dados de identifica\u00e7\u00e3o eletr\u00f4nica: Endere\u00e7os IP; cookies; registros de atividades; identificadores on-line; identificadores exclusivos de dispositivos; e dados de geolocaliza\u00e7\u00e3o.<\/p>\n<p><strong>3. Coleta de dados pessoais:<\/strong><\/p>\n<p>Coletamos Dados Pessoais sobre voc\u00ea de diversas fontes, como segue:<br \/>&#8211; Diretamente de voc\u00ea, no curso normal de nosso relacionamento com voc\u00ea<br \/>&#8211; Voc\u00ea manifestamente escolhe tornar p\u00fablico, inclusive por meio de m\u00eddia social, de terceiros que os fornecem a n\u00f3s.<br \/>&#8211; Coletamos ou obtemos Dados Pessoais quando voc\u00ea visita qualquer um de nossos sites ou usa quaisquer recursos ou funcionalidades dispon\u00edveis em nosso site ou por meio dele.<br \/>\nQuando voc\u00ea visita nosso site, seu dispositivo e navegador podem divulgar automaticamente determinadas informa\u00e7\u00f5es (como tipo de dispositivo, sistema operacional, tipo de navegador, configura\u00e7\u00f5es do navegador, endere\u00e7o IP, configura\u00e7\u00f5es de idioma, datas e hor\u00e1rios de conex\u00e3o com um Site e outras informa\u00e7\u00f5es t\u00e9cnicas de comunica\u00e7\u00e3o), algumas das quais podem constituir Dados Pessoais. <\/p>\n<p><strong>4. A base legal para o processamento de seus dados pessoais:<\/strong><\/p>\n<p>Procuramos coletar ou de outra forma processar seus Dados Pessoais com a seguinte base legal:<br \/>&#8211; O processamento \u00e9 necess\u00e1rio para o cumprimento de uma obriga\u00e7\u00e3o legal sob um contrato com voc\u00ea;<br \/>&#8211; O processamento \u00e9 necess\u00e1rio para a detec\u00e7\u00e3o ou preven\u00e7\u00e3o de crimes (incluindo a preven\u00e7\u00e3o de fraudes) na medida permitida pela lei aplic\u00e1vel;<br \/>&#8211; O processamento \u00e9 necess\u00e1rio para o estabelecimento, exerc\u00edcio ou defesa de direitos legais;<br \/>&#8211; Obtivemos, de acordo com a lei aplic\u00e1vel, seu consentimento expl\u00edcito antes de Processar seus Dados Pessoais (como acima, essa base legal \u00e9 usada apenas em rela\u00e7\u00e3o ao Processamento que \u00e9 totalmente volunt\u00e1rio &#8211; n\u00e3o \u00e9 usada para o Processamento que \u00e9 necess\u00e1rio ou obrigat\u00f3rio de qualquer forma); ou<br \/>&#8211; O processamento \u00e9 necess\u00e1rio por motivos de interesse p\u00fablico substancial e ocorre com base em uma lei aplic\u00e1vel que \u00e9 proporcional ao objetivo almejado e fornece medidas adequadas e espec\u00edficas para proteger seus direitos e interesses fundamentais.<\/p>\n<p><strong>5. Finalidades para as quais podemos processar seus dados pessoais<\/strong><\/p>\n<p>As finalidades para as quais podemos processar dados pessoais s\u00e3o:<\/p>\n<p>&#8211; Manter e atualizar suas informa\u00e7\u00f5es de contato, quando apropriado<br \/>&#8211; Atividades promocionais e de marketing.<br \/>&#8211; Fornecer a voc\u00ea informa\u00e7\u00f5es ou assist\u00eancia que voc\u00ea nos solicitar;<br \/>&#8211; Notificar voc\u00ea ou nossos Clientes sobre altera\u00e7\u00f5es em nossos servi\u00e7os;<br \/>&#8211; Monitorar e melhorar a qualidade de nossos servi\u00e7os;<br \/>&#8211; Garantir a qualidade e fins de treinamento;<br \/>&#8211; Cumprir nossos requisitos legais e regulamentares<\/p>\n<p><strong>6. Divulga\u00e7\u00e3o de dados pessoais a terceiros<\/strong><\/p>\n<p>Poderemos divulgar os seus Dados Pessoais a outras entidades da Alpasion, para fins comerciais leg\u00edtimos (incluindo a presta\u00e7\u00e3o de servi\u00e7os a voc\u00ea), de acordo com a legisla\u00e7\u00e3o aplic\u00e1vel.<br \/>\nAl\u00e9m disso, podemos divulgar seus Dados Pessoais para: <br \/>&#8211; Para sua fam\u00edlia, seus associados e seus representantes;<br \/>&#8211; Servi\u00e7os antifraude;<br \/>&#8211; Autoridades governamentais, legais, regulat\u00f3rias ou similares, ag\u00eancias governamentais centrais e\/ou locais, mediante solicita\u00e7\u00e3o ou quando necess\u00e1rio, inclusive para fins de comunica\u00e7\u00e3o de qualquer viola\u00e7\u00e3o real ou suspeita de viola\u00e7\u00e3o da lei ou regulamenta\u00e7\u00e3o aplic\u00e1vel;<br \/>&#8211; Contadores, auditores, consultores financeiros, advogados e outros consultores profissionais externos da Alpasion, sujeitos a obriga\u00e7\u00f5es contratuais vinculantes de confidencialidade;<br \/>&#8211; Processadores terceirizados (como provedores de servi\u00e7os de pagamento, empresas de transporte, etc.), localizados em qualquer lugar do mundo,<br \/>&#8211; Qualquer parte relevante, requerente, reclamante, inquiridor, ag\u00eancia de aplica\u00e7\u00e3o da lei ou tribunal, na medida necess\u00e1ria para o estabelecimento, exerc\u00edcio ou defesa de direitos legais de acordo com a lei aplic\u00e1vel;<br \/>&#8211; Qualquer parte relevante para fins de preven\u00e7\u00e3o, investiga\u00e7\u00e3o, detec\u00e7\u00e3o ou processo de infra\u00e7\u00f5es penais ou execu\u00e7\u00e3o de penalidades penais, incluindo a prote\u00e7\u00e3o e a preven\u00e7\u00e3o de amea\u00e7as \u00e0 seguran\u00e7a p\u00fablica, de acordo com a legisla\u00e7\u00e3o aplic\u00e1vel;<br \/>&#8211; Qualquer terceiro adquirente relevante, no caso de vendermos ou transferirmos toda ou qualquer parte relevante de nossos neg\u00f3cios ou ativos (inclusive no caso de uma reorganiza\u00e7\u00e3o, dissolu\u00e7\u00e3o ou liquida\u00e7\u00e3o);<br \/>&#8211; Organiza\u00e7\u00f5es volunt\u00e1rias e de caridade.<br \/>Se contratarmos um Processador terceirizado para Processar seus Dados Pessoais, o Processador estar\u00e1 sujeito a obriga\u00e7\u00f5es contratuais vinculantes para:<br \/>\n(i) processar os dados pessoais somente de acordo com nossas instru\u00e7\u00f5es pr\u00e9vias por escrito; e<br \/>\n(ii) usar medidas para proteger a confidencialidade e a seguran\u00e7a dos Dados Pessoais; juntamente com quaisquer requisitos adicionais previstos na legisla\u00e7\u00e3o aplic\u00e1vel.  <\/p>\n<p><strong>7. Transfer\u00eancia internacional de dados pessoais<\/strong><\/p>\n<p>Devido \u00e0 natureza internacional de nossos neg\u00f3cios.<br \/>\ntalvez seja necess\u00e1rio transferir os seus Dados Pessoais dentro do Grupo Alpasion e para terceiros, conforme mencionado acima, em conex\u00e3o com as finalidades estabelecidas nesta Pol\u00edtica.<br \/>\nPor esse motivo, podemos transferir seus Dados Pessoais para outros pa\u00edses que podem ter leis e requisitos de conformidade de prote\u00e7\u00e3o de dados diferentes, incluindo leis de prote\u00e7\u00e3o de dados de padr\u00e3o inferior \u00e0quelas que se aplicam no pa\u00eds em que voc\u00ea est\u00e1 localizado.<br \/>Quando transferimos seus Dados Pessoais para outros pa\u00edses.<br \/>\nfazemos isso com base em:<br \/>&#8211; Decis\u00f5es de adequa\u00e7\u00e3o;<br \/>&#8211; Nossas regras corporativas vinculantes;<br \/>&#8211; Cl\u00e1usulas contratuais padr\u00e3o adequadas; ou<br \/>&#8211; Outros mecanismos de transfer\u00eancia v\u00e1lidos.<br \/>Se voc\u00ea quiser receber mais informa\u00e7\u00f5es sobre as prote\u00e7\u00f5es aplicadas a transfer\u00eancias internacionais de dados pessoais, use os detalhes de contato fornecidos abaixo.   <\/p>\n<p><strong>8. Seguran\u00e7a de dados<\/strong><\/p>\n<p>Implementamos medidas de seguran\u00e7a t\u00e9cnicas e organizacionais adequadas para proteger seus Dados Pessoais contra destrui\u00e7\u00e3o acidental ou ilegal, perda, altera\u00e7\u00e3o, divulga\u00e7\u00e3o n\u00e3o autorizada, acesso n\u00e3o autorizado e outras formas ilegais ou n\u00e3o autorizadas de Processamento, de acordo com a legisla\u00e7\u00e3o aplic\u00e1vel.<br \/>Voc\u00ea \u00e9 respons\u00e1vel por garantir que todos os Dados Pessoais que nos enviar sejam enviados com seguran\u00e7a.<\/p>\n<p><strong>9. Precis\u00e3o dos dados<\/strong><\/p>\n<p>Tomamos medidas razo\u00e1veis para garantir que:<br \/>&#8211; Seus Dados Pessoais que processamos sejam precisos e, quando necess\u00e1rio, mantidos atualizados; e<br \/>&#8211; Todos os seus Dados Pessoais que processamos e que sejam imprecisos (considerando as finalidades para as quais s\u00e3o processados) sejam apagados ou retificados sem demora.<br \/>De tempos em tempos, poderemos solicitar que voc\u00ea confirme a precis\u00e3o dos seus Dados Pessoais.<\/p>\n<p><strong>10. Minimiza\u00e7\u00e3o de dados<\/strong><\/p>\n<p>Tomamos medidas razo\u00e1veis para garantir que os seus Dados Pessoais que processamos sejam limitados aos Dados Pessoais razoavelmente necess\u00e1rios em conex\u00e3o com as finalidades estabelecidas nesta Pol\u00edtica.<\/p>\n<p><strong>11. Reten\u00e7\u00e3o de seus dados pessoais<\/strong><\/p>\n<p>N\u00f3s reteremos seus Dados Pessoais de acordo com a Pol\u00edtica de Reten\u00e7\u00e3o de Dados do Grupo Alpasion.<\/p>\n<p><strong>12. Seus direitos legais<\/strong><\/p>\n<p>Sujeito \u00e0 lei aplic\u00e1vel, voc\u00ea pode ter v\u00e1rios direitos em rela\u00e7\u00e3o ao processamento de seus dados pessoais, incluindo:<br \/>&#8211; o direito de solicitar acesso ou c\u00f3pias de seus dados pessoais que processamos ou controlamos, juntamente com informa\u00e7\u00f5es sobre a natureza, o processamento e a divulga\u00e7\u00e3o desses dados pessoais;<br \/>&#8211; o direito de solicitar, por motivos leg\u00edtimos:<\/p>\n<ul>\n<li>Apagamento dos seus Dados Pessoais que processamos ou controlamos; ou<\/li>\n<li>Restri\u00e7\u00e3o do processamento dos seus dados pessoais que processamos ou controlamos;<\/li>\n<\/ul>\n<p>&#8211; quando processarmos seus Dados Pessoais com base no seu consentimento, o direito de retirar esse consentimento;<br \/>&#8211; o direito de apresentar reclama\u00e7\u00f5es a uma Autoridade de Prote\u00e7\u00e3o de Dados com rela\u00e7\u00e3o ao Processamento dos seus Dados Pessoais por n\u00f3s ou em nosso nome.<br \/>Isso n\u00e3o afeta seus direitos estatut\u00e1rios.<br \/>\nSujeito \u00e0 lei aplic\u00e1vel, voc\u00ea tamb\u00e9m pode ter os seguintes direitos adicionais em rela\u00e7\u00e3o ao Processamento dos seus Dados Pessoais:<br \/>&#8211; o direito de se opor, por motivos relacionados \u00e0 sua situa\u00e7\u00e3o particular, ao Processamento dos seus Dados Pessoais por n\u00f3s ou em nosso nome; e<br \/>&#8211; o direito de se opor ao Processamento dos seus Dados Pessoais por n\u00f3s ou em nosso nome para fins de marketing direto. <br \/>Para exercer um ou mais desses direitos, ou para fazer uma pergunta sobre esses direitos ou qualquer outra disposi\u00e7\u00e3o desta Pol\u00edtica, ou sobre o nosso Processamento dos seus Dados Pessoais, use os detalhes de contato fornecidos abaixo.<\/p>\n<p><strong>13. Cookies<\/strong><\/p>\n<p>Um cookie \u00e9 um pequeno arquivo que \u00e9 colocado no seu dispositivo quando voc\u00ea visita um site (incluindo nossos sites).<br \/>\nEle registra informa\u00e7\u00f5es sobre seu dispositivo, seu navegador e, em alguns casos, suas prefer\u00eancias e h\u00e1bitos de navega\u00e7\u00e3o.<br \/>\nPodemos processar seus dados pessoais por meio da tecnologia de cookies, de acordo com nossa Pol\u00edtica de Cookies.  <\/p>\n<p><strong>14. Detalhes de contato<\/strong><\/p>\n<p>Se voc\u00ea tiver algum coment\u00e1rio, d\u00favida ou preocupa\u00e7\u00e3o sobre qualquer informa\u00e7\u00e3o contida nesta Pol\u00edtica ou qualquer outra quest\u00e3o relacionada ao processamento de dados pessoais pela Alpasion\/COL Wines, entre em contato com nosso &#8220;Chief Privacy Officer&#8221; @ g.soto@alpasion.com<\/p>\n<p>Endere\u00e7o<br \/>C\/O Alpasion<br \/>Ruta Provincial 94, Los Sauces,<br \/>Mendoza, Argentina<\/p>\n\t\t\t\t\t\t\t\t<\/div>\n\t\t\t\t<\/div>\n\t\t\t\t<div class=\"elementor-element elementor-element-ae12ecb elementor-absolute elementor-widget elementor-widget-image\" data-id=\"ae12ecb\" data-element_type=\"widget\" data-e-type=\"widget\" data-settings=\"{&quot;_position&quot;:&quot;absolute&quot;}\" data-widget_type=\"image.default\">\n\t\t\t\t<div class=\"elementor-widget-container\">\n\t\t\t\t\t\t\t\t\t\t\t\t\t\t\t<img decoding=\"async\" width=\"1\" height=\"1\" src=\"https:\/\/alpasion.com\/wp-content\/uploads\/2024\/08\/sommelier-frame2.svg\" class=\"attachment-large size-large wp-image-5533\" alt=\"\" \/>\t\t\t\t\t\t\t\t\t\t\t\t\t\t\t<\/div>\n\t\t\t\t<\/div>\n\t\t\t\t\t<\/div>\n\t\t\t\t<\/div>\n\t\t\t\t<\/div>\n\t\t\t\t<\/div>\n\t\t","protected":false},"excerpt":{"rendered":"<p>Sobre a Alpasi\u00f3n Nossa pol\u00edtica de privacidade e cookies 1. Pol\u00edtica Esta Pol\u00edtica \u00e9 emitida pelo Grupo Alpasion, que inclui suas filiais, suas subsidi\u00e1rias e suas afiliadas, de tempos em tempos (em conjunto, &#8220;Alpasion&#8221;, &#8220;n\u00f3s&#8221;, &#8220;nos&#8221; ou &#8220;nosso&#8221;) e \u00e9 dirigida a indiv\u00edduos fora da Alpasion com os quais interagimos, incluindo clientes individuais, pessoal de [&hellip;]<\/p>\n","protected":false},"author":1,"featured_media":0,"parent":0,"menu_order":0,"comment_status":"closed","ping_status":"closed","template":"","meta":{"_acf_changed":false,"footnotes":""},"class_list":["post-9475","page","type-page","status-publish","hentry"],"acf":[],"_links":{"self":[{"href":"https:\/\/alpasion.com\/pt-br\/wp-json\/wp\/v2\/pages\/9475","targetHints":{"allow":["GET"]}}],"collection":[{"href":"https:\/\/alpasion.com\/pt-br\/wp-json\/wp\/v2\/pages"}],"about":[{"href":"https:\/\/alpasion.com\/pt-br\/wp-json\/wp\/v2\/types\/page"}],"author":[{"embeddable":true,"href":"https:\/\/alpasion.com\/pt-br\/wp-json\/wp\/v2\/users\/1"}],"replies":[{"embeddable":true,"href":"https:\/\/alpasion.com\/pt-br\/wp-json\/wp\/v2\/comments?post=9475"}],"version-history":[{"count":4,"href":"https:\/\/alpasion.com\/pt-br\/wp-json\/wp\/v2\/pages\/9475\/revisions"}],"predecessor-version":[{"id":11144,"href":"https:\/\/alpasion.com\/pt-br\/wp-json\/wp\/v2\/pages\/9475\/revisions\/11144"}],"wp:attachment":[{"href":"https:\/\/alpasion.com\/pt-br\/wp-json\/wp\/v2\/media?parent=9475"}],"curies":[{"name":"wp","href":"https:\/\/api.w.org\/{rel}","templated":true}]}}