{"id":9493,"date":"2024-07-26T23:19:45","date_gmt":"2024-07-26T23:19:45","guid":{"rendered":"https:\/\/staging.alpasion.com\/portfolio-de-bebidas-espirituosas\/"},"modified":"2024-11-01T14:56:11","modified_gmt":"2024-11-01T14:56:11","slug":"portfolio-de-bebidas-espirituosas","status":"publish","type":"page","link":"https:\/\/alpasion.com\/pt-br\/portfolio-de-bebidas-espirituosas\/","title":{"rendered":"Portf\u00f3lio de destilados"},"content":{"rendered":"\t\t<div data-elementor-type=\"wp-page\" data-elementor-id=\"9493\" class=\"elementor elementor-9493 elementor-1545\" data-elementor-post-type=\"page\">\n\t\t\t\t<div class=\"elementor-element elementor-element-8d0cd99 e-con-full header-hero-alpasion e-flex e-con e-parent\" data-id=\"8d0cd99\" data-element_type=\"container\" data-e-type=\"container\" data-settings=\"{&quot;background_background&quot;:&quot;classic&quot;}\">\n\t\t<div class=\"elementor-element elementor-element-dae8cc5 e-flex e-con-boxed e-con e-child\" data-id=\"dae8cc5\" data-element_type=\"container\" data-e-type=\"container\">\n\t\t\t\t\t<div class=\"e-con-inner\">\n\t\t<div class=\"elementor-element elementor-element-53aae20 e-con-full e-flex e-con e-child\" data-id=\"53aae20\" data-element_type=\"container\" data-e-type=\"container\">\n\t\t\t\t<div class=\"elementor-element elementor-element-fb22e2e elementor-widget elementor-widget-heading\" data-id=\"fb22e2e\" data-element_type=\"widget\" data-e-type=\"widget\" data-widget_type=\"heading.default\">\n\t\t\t\t<div class=\"elementor-widget-container\">\n\t\t\t\t\t<h2 class=\"elementor-heading-title elementor-size-default\">Alpasi\u00f3n destilados<\/h2>\t\t\t\t<\/div>\n\t\t\t\t<\/div>\n\t\t\t\t<div class=\"elementor-element elementor-element-187af96 elementor-widget-mobile__width-inherit elementor-widget elementor-widget-heading\" data-id=\"187af96\" data-element_type=\"widget\" data-e-type=\"widget\" data-widget_type=\"heading.default\">\n\t\t\t\t<div class=\"elementor-widget-container\">\n\t\t\t\t\t<h2 class=\"elementor-heading-title elementor-size-default\">Gin &amp; Grappa <\/h2>\t\t\t\t<\/div>\n\t\t\t\t<\/div>\n\t\t\t\t<div class=\"elementor-element elementor-element-45c6390 elementor-widget__width-initial elementor-widget-mobile__width-inherit elementor-widget elementor-widget-text-editor\" data-id=\"45c6390\" data-element_type=\"widget\" data-e-type=\"widget\" data-widget_type=\"text-editor.default\">\n\t\t\t\t<div class=\"elementor-widget-container\">\n\t\t\t\t\t\t\t\t\t<p>Nossa paix\u00e3o \u00e9 o vinho, mas quem n\u00e3o gosta de um bom coquetel de vez em quando?<br \/>\nTodos n\u00f3s gostamos!<br \/>\nPor isso, decidimos dar um passo adiante e criamos nosso pr\u00f3prio Gin e Grappa!    <\/p>\n\t\t\t\t\t\t\t\t<\/div>\n\t\t\t\t<\/div>\n\t\t\t\t<div class=\"elementor-element elementor-element-f40a727 elementor-absolute elementor-widget elementor-widget-image\" data-id=\"f40a727\" data-element_type=\"widget\" data-e-type=\"widget\" data-settings=\"{&quot;_position&quot;:&quot;absolute&quot;}\" data-widget_type=\"image.default\">\n\t\t\t\t<div class=\"elementor-widget-container\">\n\t\t\t\t\t\t\t\t\t\t\t\t\t\t\t<img decoding=\"async\" width=\"1\" height=\"1\" src=\"https:\/\/alpasion.com\/wp-content\/uploads\/2024\/07\/spirits-hero-frame.svg\" class=\"attachment-large size-large wp-image-5125\" alt=\"\" \/>\t\t\t\t\t\t\t\t\t\t\t\t\t\t\t<\/div>\n\t\t\t\t<\/div>\n\t\t\t\t<div class=\"elementor-element elementor-element-e175847 elementor-absolute elementor-widget__width-initial elementor-widget elementor-widget-image\" data-id=\"e175847\" data-element_type=\"widget\" data-e-type=\"widget\" data-settings=\"{&quot;_position&quot;:&quot;absolute&quot;}\" data-widget_type=\"image.default\">\n\t\t\t\t<div class=\"elementor-widget-container\">\n\t\t\t\t\t\t\t\t\t\t\t\t\t\t\t<img decoding=\"async\" width=\"1\" height=\"1\" src=\"https:\/\/alpasion.com\/wp-content\/uploads\/2024\/07\/spirits-frame-wine.svg\" class=\"attachment-large size-large wp-image-5104\" alt=\"\" \/>\t\t\t\t\t\t\t\t\t\t\t\t\t\t\t<\/div>\n\t\t\t\t<\/div>\n\t\t\t\t<\/div>\n\t\t\t\t\t<\/div>\n\t\t\t\t<\/div>\n\t\t\t\t<\/div>\n\t\t<div class=\"elementor-element elementor-element-863c000 e-con-full e-flex e-con e-parent\" data-id=\"863c000\" data-element_type=\"container\" data-e-type=\"container\">\n\t\t<div class=\"elementor-element elementor-element-3491b51 e-con-full e-flex e-con e-child\" data-id=\"3491b51\" data-element_type=\"container\" data-e-type=\"container\">\n\t\t\t\t<div class=\"elementor-element elementor-element-83f7691 elementor-absolute elementor-widget elementor-widget-image\" data-id=\"83f7691\" data-element_type=\"widget\" data-e-type=\"widget\" data-settings=\"{&quot;_position&quot;:&quot;absolute&quot;}\" data-widget_type=\"image.default\">\n\t\t\t\t<div class=\"elementor-widget-container\">\n\t\t\t\t\t\t\t\t\t\t\t\t\t\t\t<img decoding=\"async\" width=\"1\" height=\"1\" src=\"https:\/\/alpasion.com\/wp-content\/uploads\/2024\/07\/spirits-frame.svg\" class=\"attachment-large size-large wp-image-5098\" alt=\"\" \/>\t\t\t\t\t\t\t\t\t\t\t\t\t\t\t<\/div>\n\t\t\t\t<\/div>\n\t\t\t\t<\/div>\n\t\t\t\t<div class=\"elementor-element elementor-element-cc11bcf elementor-widget elementor-widget-heading\" data-id=\"cc11bcf\" data-element_type=\"widget\" data-e-type=\"widget\" data-widget_type=\"heading.default\">\n\t\t\t\t<div class=\"elementor-widget-container\">\n\t\t\t\t\t<h2 class=\"elementor-heading-title elementor-size-default\">Destilados<\/h2>\t\t\t\t<\/div>\n\t\t\t\t<\/div>\n\t\t<div class=\"elementor-element elementor-element-e131335 e-con-full e-flex e-con e-child\" data-id=\"e131335\" data-element_type=\"container\" data-e-type=\"container\">\n\t\t\t\t<div class=\"woocommerce elementor-element elementor-element-ffa8c5a elementor-grid-2 elementor-grid-tablet-2 elementor-grid-mobile-1 elementor-widget elementor-widget-loop-grid\" data-id=\"ffa8c5a\" data-element_type=\"widget\" data-e-type=\"widget\" data-settings=\"{&quot;_skin&quot;:&quot;product&quot;,&quot;template_id&quot;:9771,&quot;columns&quot;:2,&quot;row_gap_mobile&quot;:{&quot;unit&quot;:&quot;px&quot;,&quot;size&quot;:0,&quot;sizes&quot;:[]},&quot;columns_tablet&quot;:&quot;2&quot;,&quot;columns_mobile&quot;:&quot;1&quot;,&quot;edit_handle_selector&quot;:&quot;[data-elementor-type=\\&quot;loop-item\\&quot;]&quot;,&quot;row_gap&quot;:{&quot;unit&quot;:&quot;px&quot;,&quot;size&quot;:&quot;&quot;,&quot;sizes&quot;:[]},&quot;row_gap_tablet&quot;:{&quot;unit&quot;:&quot;px&quot;,&quot;size&quot;:&quot;&quot;,&quot;sizes&quot;:[]},&quot;row_gap_mobile_extra&quot;:{&quot;unit&quot;:&quot;px&quot;,&quot;size&quot;:&quot;&quot;,&quot;sizes&quot;:[]}}\" data-widget_type=\"loop-grid.product\">\n\t\t\t\t<div class=\"elementor-widget-container\">\n\t\t\t\t\t\t\t<div class=\"e-loop-nothing-found-message\">\n\t\t\t\t\t<div class=\"e-loop-nothing-found-message__text\">\n\t\t\t\tParece que n\u00e3o conseguimos encontrar o que voc\u00ea est\u00e1 procurando.\t\t\t<\/div>\n\t\t\t<\/div>\n\t\t\t\t\t\t<\/div>\n\t\t\t\t<\/div>\n\t\t\t\t<\/div>\n\t\t\t\t<\/div>\n\t\t<div class=\"elementor-element elementor-element-308f506 e-con-full e-flex e-con e-parent\" data-id=\"308f506\" data-element_type=\"container\" data-e-type=\"container\" data-settings=\"{&quot;background_background&quot;:&quot;classic&quot;}\">\n\t\t<div class=\"elementor-element elementor-element-0311020 e-flex e-con-boxed e-con e-child\" data-id=\"0311020\" data-element_type=\"container\" data-e-type=\"container\">\n\t\t\t\t\t<div class=\"e-con-inner\">\n\t\t<div class=\"elementor-element elementor-element-8358adc e-con-full e-flex e-con e-child\" data-id=\"8358adc\" data-element_type=\"container\" data-e-type=\"container\">\n\t\t<div class=\"elementor-element elementor-element-8feb1ed e-con-full e-flex e-con e-child\" data-id=\"8feb1ed\" data-element_type=\"container\" data-e-type=\"container\">\n\t\t\t\t<div class=\"elementor-element elementor-element-e0ea97f elementor-widget elementor-widget-image\" data-id=\"e0ea97f\" data-element_type=\"widget\" data-e-type=\"widget\" data-widget_type=\"image.default\">\n\t\t\t\t<div class=\"elementor-widget-container\">\n\t\t\t\t\t\t\t\t\t\t\t\t\t\t\t<img loading=\"lazy\" decoding=\"async\" width=\"488\" height=\"255\" src=\"https:\/\/alpasion.com\/wp-content\/uploads\/2024\/07\/orange.png\" class=\"attachment-large size-large wp-image-5116\" alt=\"\" srcset=\"https:\/\/alpasion.com\/wp-content\/uploads\/2024\/07\/orange.png 488w, https:\/\/alpasion.com\/wp-content\/uploads\/2024\/07\/orange-300x157.png 300w\" sizes=\"(max-width: 488px) 100vw, 488px\" \/>\t\t\t\t\t\t\t\t\t\t\t\t\t\t\t<\/div>\n\t\t\t\t<\/div>\n\t\t\t\t<\/div>\n\t\t\t\t<div class=\"elementor-element elementor-element-0b0192f elementor-position-left services-title elementor-vertical-align-top elementor-widget elementor-widget-image-box\" data-id=\"0b0192f\" data-element_type=\"widget\" data-e-type=\"widget\" data-widget_type=\"image-box.default\">\n\t\t\t\t<div class=\"elementor-widget-container\">\n\t\t\t\t\t<div class=\"elementor-image-box-wrapper\"><figure class=\"elementor-image-box-img\"><img loading=\"lazy\" decoding=\"async\" width=\"131\" height=\"132\" src=\"https:\/\/alpasion.com\/wp-content\/uploads\/2024\/07\/spirits.png\" class=\"attachment-full size-full wp-image-5110\" alt=\"\" srcset=\"https:\/\/alpasion.com\/wp-content\/uploads\/2024\/07\/spirits.png 131w, https:\/\/alpasion.com\/wp-content\/uploads\/2024\/07\/spirits-100x100.png 100w\" sizes=\"(max-width: 131px) 100vw, 131px\" \/><\/figure><div class=\"elementor-image-box-content\"><h1 class=\"elementor-image-box-title\">Um toque criativo<\/h1><\/div><\/div>\t\t\t\t<\/div>\n\t\t\t\t<\/div>\n\t\t\t\t<div class=\"elementor-element elementor-element-5638383 elementor-widget__width-initial elementor-widget-tablet__width-inherit elementor-widget elementor-widget-text-editor\" data-id=\"5638383\" data-element_type=\"widget\" data-e-type=\"widget\" data-widget_type=\"text-editor.default\">\n\t\t\t\t<div class=\"elementor-widget-container\">\n\t\t\t\t\t\t\t\t\t<p>Fa\u00e7a o download das receitas criadas com paix\u00e3o pelo mixologista David De Oliveira.<\/p>\n\t\t\t\t\t\t\t\t<\/div>\n\t\t\t\t<\/div>\n\t\t\t\t<\/div>\n\t\t\t\t<div class=\"elementor-element elementor-element-c7081d9 elementor-absolute elementor-widget elementor-widget-image\" data-id=\"c7081d9\" data-element_type=\"widget\" data-e-type=\"widget\" data-settings=\"{&quot;_position&quot;:&quot;absolute&quot;}\" data-widget_type=\"image.default\">\n\t\t\t\t<div class=\"elementor-widget-container\">\n\t\t\t\t\t\t\t\t\t\t\t\t\t\t\t<img loading=\"lazy\" decoding=\"async\" width=\"1\" height=\"1\" src=\"https:\/\/alpasion.com\/wp-content\/uploads\/2024\/07\/huge-frame.svg\" class=\"attachment-large size-large wp-image-5113\" alt=\"\" \/>\t\t\t\t\t\t\t\t\t\t\t\t\t\t\t<\/div>\n\t\t\t\t<\/div>\n\t\t<div class=\"elementor-element elementor-element-02cb606 e-con-full e-flex e-con e-child\" data-id=\"02cb606\" data-element_type=\"container\" data-e-type=\"container\">\n\t\t\t\t<div class=\"elementor-element elementor-element-a87de35 elementor-absolute elementor-widget elementor-widget-image\" data-id=\"a87de35\" data-element_type=\"widget\" data-e-type=\"widget\" data-settings=\"{&quot;_position&quot;:&quot;absolute&quot;}\" data-widget_type=\"image.default\">\n\t\t\t\t<div class=\"elementor-widget-container\">\n\t\t\t\t\t\t\t\t\t\t\t\t\t\t\t<img loading=\"lazy\" decoding=\"async\" width=\"291\" height=\"291\" src=\"https:\/\/alpasion.com\/wp-content\/uploads\/2024\/07\/gin-1.jpg\" class=\"attachment-large size-large wp-image-5122\" alt=\"Don Bill Gin from Alpasi\u00f3n\" srcset=\"https:\/\/alpasion.com\/wp-content\/uploads\/2024\/07\/gin-1.jpg 291w, https:\/\/alpasion.com\/wp-content\/uploads\/2024\/07\/gin-1-150x150.jpg 150w, https:\/\/alpasion.com\/wp-content\/uploads\/2024\/07\/gin-1-100x100.jpg 100w\" sizes=\"(max-width: 291px) 100vw, 291px\" \/>\t\t\t\t\t\t\t\t\t\t\t\t\t\t\t<\/div>\n\t\t\t\t<\/div>\n\t\t\t\t<div class=\"elementor-element elementor-element-a025bfe elementor-absolute elementor-widget elementor-widget-image\" data-id=\"a025bfe\" data-element_type=\"widget\" data-e-type=\"widget\" data-settings=\"{&quot;_position&quot;:&quot;absolute&quot;}\" data-widget_type=\"image.default\">\n\t\t\t\t<div class=\"elementor-widget-container\">\n\t\t\t\t\t\t\t\t\t\t\t\t\t\t\t<img loading=\"lazy\" decoding=\"async\" width=\"460\" height=\"460\" src=\"https:\/\/alpasion.com\/wp-content\/uploads\/2024\/07\/grappa.jpg\" class=\"attachment-large size-large wp-image-5119\" alt=\"\" srcset=\"https:\/\/alpasion.com\/wp-content\/uploads\/2024\/07\/grappa.jpg 460w, https:\/\/alpasion.com\/wp-content\/uploads\/2024\/07\/grappa-300x300.jpg 300w, https:\/\/alpasion.com\/wp-content\/uploads\/2024\/07\/grappa-150x150.jpg 150w, https:\/\/alpasion.com\/wp-content\/uploads\/2024\/07\/grappa-100x100.jpg 100w\" sizes=\"(max-width: 460px) 100vw, 460px\" \/>\t\t\t\t\t\t\t\t\t\t\t\t\t\t\t<\/div>\n\t\t\t\t<\/div>\n\t\t\t\t<\/div>\n\t\t\t\t\t<\/div>\n\t\t\t\t<\/div>\n\t\t<div class=\"elementor-element elementor-element-efdb782 e-con-full e-flex e-con e-child\" data-id=\"efdb782\" data-element_type=\"container\" data-e-type=\"container\">\n\t\t\t\t<div class=\"elementor-element elementor-element-2ef6459 elementor-align-center button-right-icon elementor-widget elementor-widget-button\" data-id=\"2ef6459\" data-element_type=\"widget\" data-e-type=\"widget\" data-widget_type=\"button.default\">\n\t\t\t\t<div class=\"elementor-widget-container\">\n\t\t\t\t\t\t\t\t\t<div class=\"elementor-button-wrapper\">\n\t\t\t\t\t<a class=\"elementor-button elementor-button-link elementor-size-sm\" href=\"https:\/\/alpasion.com\/wp-content\/uploads\/2024\/08\/Recipies-by-David-de-Oliveira.pdf\" target=\"_blank\">\n\t\t\t\t\t\t<span class=\"elementor-button-content-wrapper\">\n\t\t\t\t\t\t<span class=\"elementor-button-icon\">\n\t\t\t\t<svg xmlns=\"http:\/\/www.w3.org\/2000\/svg\" width=\"30.128\" height=\"56.427\" viewBox=\"0 0 30.128 56.427\"><path d=\"M1812.1,2792.523l-27.5-28-27.5,28\" transform=\"translate(2793.224 -1756.385) rotate(90)\" fill=\"none\" stroke=\"#333\" stroke-width=\"2\"><\/path><\/svg>\t\t\t<\/span>\n\t\t\t\t\t\t\t\t\t<span class=\"elementor-button-text\">Ideias para coquet\u00e9is<\/span>\n\t\t\t\t\t<\/span>\n\t\t\t\t\t<\/a>\n\t\t\t\t<\/div>\n\t\t\t\t\t\t\t\t<\/div>\n\t\t\t\t<\/div>\n\t\t\t\t<\/div>\n\t\t\t\t<\/div>\n\t\t<div class=\"elementor-element elementor-element-91a0bc0 e-con-full e-flex e-con e-parent\" data-id=\"91a0bc0\" data-element_type=\"container\" data-e-type=\"container\" data-settings=\"{&quot;background_background&quot;:&quot;classic&quot;}\">\n\t\t<div class=\"elementor-element elementor-element-12964cf e-flex e-con-boxed e-con e-child\" data-id=\"12964cf\" data-element_type=\"container\" data-e-type=\"container\">\n\t\t\t\t\t<div class=\"e-con-inner\">\n\t\t<div class=\"elementor-element elementor-element-97694e2 e-con-full e-flex e-con e-child\" data-id=\"97694e2\" data-element_type=\"container\" data-e-type=\"container\">\n\t\t\t\t<div class=\"elementor-element elementor-element-15431f2 elementor-widget elementor-widget-image\" data-id=\"15431f2\" data-element_type=\"widget\" data-e-type=\"widget\" data-widget_type=\"image.default\">\n\t\t\t\t<div class=\"elementor-widget-container\">\n\t\t\t\t\t\t\t\t\t\t\t\t\t\t\t<img loading=\"lazy\" decoding=\"async\" width=\"800\" height=\"534\" src=\"https:\/\/alpasion.com\/wp-content\/uploads\/2024\/08\/alpasion-2wines-1024x683.jpeg\" class=\"attachment-large size-large wp-image-6022\" alt=\"Video updates and news from Alpasi\u00f3n\" srcset=\"https:\/\/alpasion.com\/wp-content\/uploads\/2024\/08\/alpasion-2wines-1024x683.jpeg 1024w, https:\/\/alpasion.com\/wp-content\/uploads\/2024\/08\/alpasion-2wines-300x200.jpeg 300w, https:\/\/alpasion.com\/wp-content\/uploads\/2024\/08\/alpasion-2wines-768x512.jpeg 768w, https:\/\/alpasion.com\/wp-content\/uploads\/2024\/08\/alpasion-2wines-1536x1024.jpeg 1536w, https:\/\/alpasion.com\/wp-content\/uploads\/2024\/08\/alpasion-2wines-2048x1365.jpeg 2048w, https:\/\/alpasion.com\/wp-content\/uploads\/2024\/08\/alpasion-2wines-600x400.jpeg 600w\" sizes=\"(max-width: 800px) 100vw, 800px\" \/>\t\t\t\t\t\t\t\t\t\t\t\t\t\t\t<\/div>\n\t\t\t\t<\/div>\n\t\t\t\t<div class=\"elementor-element elementor-element-7a5ed5f elementor-absolute elementor-widget elementor-widget-image\" data-id=\"7a5ed5f\" data-element_type=\"widget\" data-e-type=\"widget\" data-settings=\"{&quot;_position&quot;:&quot;absolute&quot;}\" data-widget_type=\"image.default\">\n\t\t\t\t<div class=\"elementor-widget-container\">\n\t\t\t\t\t\t\t\t\t\t\t\t\t\t\t<img decoding=\"async\" width=\"1\" height=\"1\" src=\"https:\/\/alpasion.com\/wp-content\/uploads\/2024\/07\/spirits-frame-wine.svg\" class=\"attachment-large size-large wp-image-5104\" alt=\"\" \/>\t\t\t\t\t\t\t\t\t\t\t\t\t\t\t<\/div>\n\t\t\t\t<\/div>\n\t\t\t\t<div class=\"elementor-element elementor-element-cacb6d4 elementor-absolute e-transform elementor-widget elementor-widget-image\" data-id=\"cacb6d4\" data-element_type=\"widget\" data-e-type=\"widget\" data-settings=\"{&quot;_position&quot;:&quot;absolute&quot;,&quot;_transform_rotateZ_effect&quot;:{&quot;unit&quot;:&quot;px&quot;,&quot;size&quot;:-44,&quot;sizes&quot;:[]},&quot;_transform_rotateZ_effect_tablet&quot;:{&quot;unit&quot;:&quot;deg&quot;,&quot;size&quot;:&quot;&quot;,&quot;sizes&quot;:[]},&quot;_transform_rotateZ_effect_mobile_extra&quot;:{&quot;unit&quot;:&quot;deg&quot;,&quot;size&quot;:&quot;&quot;,&quot;sizes&quot;:[]},&quot;_transform_rotateZ_effect_mobile&quot;:{&quot;unit&quot;:&quot;deg&quot;,&quot;size&quot;:&quot;&quot;,&quot;sizes&quot;:[]}}\" data-widget_type=\"image.default\">\n\t\t\t\t<div class=\"elementor-widget-container\">\n\t\t\t\t\t\t\t\t\t\t\t\t\t\t\t<img loading=\"lazy\" decoding=\"async\" width=\"1\" height=\"1\" src=\"https:\/\/alpasion.com\/wp-content\/uploads\/2024\/07\/grappa-gin.svg\" class=\"attachment-large size-large wp-image-4888\" alt=\"\" \/>\t\t\t\t\t\t\t\t\t\t\t\t\t\t\t<\/div>\n\t\t\t\t<\/div>\n\t\t\t\t<\/div>\n\t\t<div class=\"elementor-element elementor-element-94ffa84 e-con-full e-flex e-con e-child\" data-id=\"94ffa84\" data-element_type=\"container\" data-e-type=\"container\">\n\t\t\t\t<div class=\"elementor-element elementor-element-020b48b elementor-widget elementor-widget-heading\" data-id=\"020b48b\" data-element_type=\"widget\" data-e-type=\"widget\" data-widget_type=\"heading.default\">\n\t\t\t\t<div class=\"elementor-widget-container\">\n\t\t\t\t\t<h2 class=\"elementor-heading-title elementor-size-default\">Vinhos Alpasi\u00f3n<\/h2>\t\t\t\t<\/div>\n\t\t\t\t<\/div>\n\t\t\t\t<div class=\"elementor-element elementor-element-901a0a0 services-title elementor-vertical-align-top elementor-widget elementor-widget-image-box\" data-id=\"901a0a0\" data-element_type=\"widget\" data-e-type=\"widget\" data-widget_type=\"image-box.default\">\n\t\t\t\t<div class=\"elementor-widget-container\">\n\t\t\t\t\t<div class=\"elementor-image-box-wrapper\"><div class=\"elementor-image-box-content\"><h1 class=\"elementor-image-box-title\">Tinto, branco ou ros\u00e9<\/h1><\/div><\/div>\t\t\t\t<\/div>\n\t\t\t\t<\/div>\n\t\t\t\t<div class=\"elementor-element elementor-element-5b83af9 elementor-widget elementor-widget-heading\" data-id=\"5b83af9\" data-element_type=\"widget\" data-e-type=\"widget\" data-widget_type=\"heading.default\">\n\t\t\t\t<div class=\"elementor-widget-container\">\n\t\t\t\t\t<h2 class=\"elementor-heading-title elementor-size-default\">Aproveite seu favorito<\/h2>\t\t\t\t<\/div>\n\t\t\t\t<\/div>\n\t\t\t\t<\/div>\n\t\t\t\t\t<\/div>\n\t\t\t\t<\/div>\n\t\t<div class=\"elementor-element elementor-element-491d610 e-con-full e-flex e-con e-child\" data-id=\"491d610\" data-element_type=\"container\" data-e-type=\"container\">\n\t\t\t\t<div class=\"elementor-element elementor-element-23a61c6 elementor-align-center button-right-icon elementor-widget elementor-widget-button\" data-id=\"23a61c6\" data-element_type=\"widget\" data-e-type=\"widget\" data-widget_type=\"button.default\">\n\t\t\t\t<div class=\"elementor-widget-container\">\n\t\t\t\t\t\t\t\t\t<div class=\"elementor-button-wrapper\">\n\t\t\t\t\t<a class=\"elementor-button elementor-button-link elementor-size-sm\" href=\"https:\/\/alpasion.com\/pt-br\/portfolio-de-vinhos\/\">\n\t\t\t\t\t\t<span class=\"elementor-button-content-wrapper\">\n\t\t\t\t\t\t<span class=\"elementor-button-icon\">\n\t\t\t\t<svg xmlns=\"http:\/\/www.w3.org\/2000\/svg\" width=\"30.128\" height=\"56.427\" viewBox=\"0 0 30.128 56.427\"><path d=\"M1812.1,2792.523l-27.5-28-27.5,28\" transform=\"translate(2793.224 -1756.385) rotate(90)\" fill=\"none\" stroke=\"#f7f6f6\" stroke-width=\"2\"><\/path><\/svg>\t\t\t<\/span>\n\t\t\t\t\t\t\t\t\t<span class=\"elementor-button-text\">Vinhos<\/span>\n\t\t\t\t\t<\/span>\n\t\t\t\t\t<\/a>\n\t\t\t\t<\/div>\n\t\t\t\t\t\t\t\t<\/div>\n\t\t\t\t<\/div>\n\t\t\t\t<\/div>\n\t\t\t\t<\/div>\n\t\t\t\t<\/div>\n\t\t","protected":false},"excerpt":{"rendered":"<p>Alpasi\u00f3n destilados Gin &amp; Grappa Nossa paix\u00e3o \u00e9 o vinho, mas quem n\u00e3o gosta de um bom coquetel de vez em quando? Todos n\u00f3s gostamos! Por isso, decidimos dar um passo adiante e criamos nosso pr\u00f3prio Gin e Grappa! Destilados Um toque criativo Fa\u00e7a o download das receitas criadas com paix\u00e3o pelo mixologista David De [&hellip;]<\/p>\n","protected":false},"author":1,"featured_media":8049,"parent":0,"menu_order":0,"comment_status":"closed","ping_status":"closed","template":"","meta":{"_acf_changed":false,"footnotes":""},"class_list":["post-9493","page","type-page","status-publish","has-post-thumbnail","hentry"],"acf":[],"_links":{"self":[{"href":"https:\/\/alpasion.com\/pt-br\/wp-json\/wp\/v2\/pages\/9493","targetHints":{"allow":["GET"]}}],"collection":[{"href":"https:\/\/alpasion.com\/pt-br\/wp-json\/wp\/v2\/pages"}],"about":[{"href":"https:\/\/alpasion.com\/pt-br\/wp-json\/wp\/v2\/types\/page"}],"author":[{"embeddable":true,"href":"https:\/\/alpasion.com\/pt-br\/wp-json\/wp\/v2\/users\/1"}],"replies":[{"embeddable":true,"href":"https:\/\/alpasion.com\/pt-br\/wp-json\/wp\/v2\/comments?post=9493"}],"version-history":[{"count":6,"href":"https:\/\/alpasion.com\/pt-br\/wp-json\/wp\/v2\/pages\/9493\/revisions"}],"predecessor-version":[{"id":11171,"href":"https:\/\/alpasion.com\/pt-br\/wp-json\/wp\/v2\/pages\/9493\/revisions\/11171"}],"wp:featuredmedia":[{"embeddable":true,"href":"https:\/\/alpasion.com\/pt-br\/wp-json\/wp\/v2\/media\/8049"}],"wp:attachment":[{"href":"https:\/\/alpasion.com\/pt-br\/wp-json\/wp\/v2\/media?parent=9493"}],"curies":[{"name":"wp","href":"https:\/\/api.w.org\/{rel}","templated":true}]}}