{"id":9558,"date":"2024-07-20T15:00:31","date_gmt":"2024-07-20T15:00:31","guid":{"rendered":"https:\/\/staging.alpasion.com\/isencao-de-responsabilidade\/"},"modified":"2024-11-01T14:53:21","modified_gmt":"2024-11-01T14:53:21","slug":"isencao-de-responsabilidade","status":"publish","type":"page","link":"https:\/\/alpasion.com\/pt-br\/isencao-de-responsabilidade\/","title":{"rendered":"Isen\u00e7\u00e3o de responsabilidade"},"content":{"rendered":"\t\t<div data-elementor-type=\"wp-page\" data-elementor-id=\"9558\" class=\"elementor elementor-9558 elementor-1215\" data-elementor-post-type=\"page\">\n\t\t\t\t<div class=\"elementor-element elementor-element-82edfa5 e-con-full header-hero-alpasion e-flex e-con e-parent\" data-id=\"82edfa5\" data-element_type=\"container\" data-e-type=\"container\" data-settings=\"{&quot;background_background&quot;:&quot;classic&quot;}\">\n\t\t<div class=\"elementor-element elementor-element-5ce63ef e-flex e-con-boxed e-con e-child\" data-id=\"5ce63ef\" data-element_type=\"container\" data-e-type=\"container\">\n\t\t\t\t\t<div class=\"e-con-inner\">\n\t\t<div class=\"elementor-element elementor-element-0f7349a e-con-full e-flex e-con e-child\" data-id=\"0f7349a\" data-element_type=\"container\" data-e-type=\"container\">\n\t\t\t\t<div class=\"elementor-element elementor-element-7891f05 elementor-widget elementor-widget-heading\" data-id=\"7891f05\" data-element_type=\"widget\" data-e-type=\"widget\" data-widget_type=\"heading.default\">\n\t\t\t\t<div class=\"elementor-widget-container\">\n\t\t\t\t\t<h2 class=\"elementor-heading-title elementor-size-default\">Sobre a Alpasi\u00f3n<\/h2>\t\t\t\t<\/div>\n\t\t\t\t<\/div>\n\t\t\t\t<div class=\"elementor-element elementor-element-62dab62 elementor-absolute elementor-widget elementor-widget-image\" data-id=\"62dab62\" data-element_type=\"widget\" data-e-type=\"widget\" data-settings=\"{&quot;_position&quot;:&quot;absolute&quot;}\" data-widget_type=\"image.default\">\n\t\t\t\t<div class=\"elementor-widget-container\">\n\t\t\t\t\t\t\t\t\t\t\t\t\t\t\t<img decoding=\"async\" width=\"1\" height=\"1\" src=\"https:\/\/alpasion.com\/wp-content\/uploads\/2024\/07\/about-scale.svg\" class=\"attachment-large size-large wp-image-4651\" alt=\"\" \/>\t\t\t\t\t\t\t\t\t\t\t\t\t\t\t<\/div>\n\t\t\t\t<\/div>\n\t\t\t\t<div class=\"elementor-element elementor-element-8fac572 elementor-widget elementor-widget-heading\" data-id=\"8fac572\" data-element_type=\"widget\" data-e-type=\"widget\" data-widget_type=\"heading.default\">\n\t\t\t\t<div class=\"elementor-widget-container\">\n\t\t\t\t\t<h2 class=\"elementor-heading-title elementor-size-default\">Isen\u00e7\u00e3o de responsabilidade<\/h2>\t\t\t\t<\/div>\n\t\t\t\t<\/div>\n\t\t\t\t<div class=\"elementor-element elementor-element-5d30d36 elementor-widget elementor-widget-text-editor\" data-id=\"5d30d36\" data-element_type=\"widget\" data-e-type=\"widget\" data-widget_type=\"text-editor.default\">\n\t\t\t\t<div class=\"elementor-widget-container\">\n\t\t\t\t\t\t\t\t\t<p><strong>Nossos termos de isen\u00e7\u00e3o de responsabilidade<\/strong><\/p>\n\t\t\t\t\t\t\t\t<\/div>\n\t\t\t\t<\/div>\n\t\t\t\t<\/div>\n\t\t\t\t\t<\/div>\n\t\t\t\t<\/div>\n\t\t\t\t<\/div>\n\t\t<div class=\"elementor-element elementor-element-4cdf36f e-con-full e-flex e-con e-parent\" data-id=\"4cdf36f\" data-element_type=\"container\" data-e-type=\"container\">\n\t\t<div class=\"elementor-element elementor-element-d5bfa3e e-flex e-con-boxed e-con e-child\" data-id=\"d5bfa3e\" data-element_type=\"container\" data-e-type=\"container\">\n\t\t\t\t\t<div class=\"e-con-inner\">\n\t\t\t\t<div class=\"elementor-element elementor-element-e0afd5c elementor-widget elementor-widget-text-editor\" data-id=\"e0afd5c\" data-element_type=\"widget\" data-e-type=\"widget\" data-widget_type=\"text-editor.default\">\n\t\t\t\t<div class=\"elementor-widget-container\">\n\t\t\t\t\t\t\t\t\t<p><strong>Aceita\u00e7\u00e3o dos Termos e Condi\u00e7\u00f5es<\/strong><\/p>\n<p><strong>Leia os termos e condi\u00e7\u00f5es estabelecidos abaixo que regem o uso deste site (&#8220;Termos e Condi\u00e7\u00f5es&#8221;).<\/strong><\/p>\n<p><strong>Ao clicar em &#8220;Aceitar&#8221;, todos os usu\u00e1rios (&#8220;Usu\u00e1rios&#8221;) deste site confirmam que leram e compreenderam os Termos e Condi\u00e7\u00f5es, concordam com os Termos e Condi\u00e7\u00f5es e est\u00e3o vinculados aos Termos e Condi\u00e7\u00f5es.  <\/strong><strong>Se os Usu\u00e1rios n\u00e3o concordarem com os Termos e Condi\u00e7\u00f5es, saia deste site.<\/strong><\/p>\n<p><strong>O uso deste site pode ser monitorado, rastreado e registrado.<br \/>\nOs usu\u00e1rios que utilizam este site consentem expressamente com esse monitoramento, rastreamento e registro. <\/strong><\/p>\n<p><strong>A. <\/strong><strong>TERMOS E CONDI\u00c7\u00d5ES<\/strong><\/p>\n<p><strong>1. Uso  <\/strong><\/p>\n<p>A Alpasi\u00f3n fornece a todos os usu\u00e1rios (&#8220;<strong>Usu\u00e1rios<\/strong>&#8220;) acesso a este site (o &#8220;<strong>Site<\/strong>&#8220;).<\/p>\n<p>As informa\u00e7\u00f5es e documentos dispon\u00edveis e publicados no Site s\u00e3o fornecidos pela Alpasi\u00f3n e, quando indicado, por terceiros.<br \/>\nOs Usu\u00e1rios ter\u00e3o o direito de carregar informa\u00e7\u00f5es e documentos para permitir que a Alpasi\u00f3n forne\u00e7a Servi\u00e7os (Servi\u00e7os significa qualquer servi\u00e7o fornecido pela Alpasi\u00f3n aos Usu\u00e1rios). <\/p>\n<p>O Site permitir\u00e1 que os Usu\u00e1rios visualizem informa\u00e7\u00f5es sobre os Servi\u00e7os, tarifas, termos e condi\u00e7\u00f5es de pagamento e outras informa\u00e7\u00f5es de tempos em tempos.<\/p>\n<p>Os Usu\u00e1rios entendem que todos os investimentos devem ser feitos estritamente de acordo com os termos do prospecto relevante ou memorando de oferta confidencial e a import\u00e2ncia de ler os avisos de risco contidos nesses documentos.<\/p>\n<p>Ao tomar qualquer decis\u00e3o e antes de entrar em qualquer transa\u00e7\u00e3o, os Usu\u00e1rios, em seu pr\u00f3prio exame dos m\u00e9ritos e riscos, devem determinar de forma independente se o Usu\u00e1rio \u00e9 capaz de assumir esses riscos.<br \/>\nA Alpasi\u00f3n n\u00e3o ser\u00e1 respons\u00e1vel por quaisquer declara\u00e7\u00f5es falsas que os Usu\u00e1rios possam fazer para obter acesso n\u00e3o autorizado ao Site. <\/p>\n<p>O Site e seu material s\u00e3o fornecidos ao Usu\u00e1rio sem nenhum custo.<br \/>\nQualquer material fornecido ao Usu\u00e1rio \u00e9 apenas para fins informativos.<br \/>\nA Alpasi\u00f3n se reserva o direito de fazer altera\u00e7\u00f5es no Site; ou n\u00e3o responder a quaisquer perguntas; ou n\u00e3o fornecer qualquer suporte em rela\u00e7\u00e3o ao Site.  <\/p>\n<p>A Alpasi\u00f3n se reserva o direito de remover qualquer material do Site quando suspeitar razoavelmente que tal material \u00e9 proibido e n\u00e3o deve ser vinculado ao Site ou a outros sites que sejam indecentes ou inadequados, e o Usu\u00e1rio deve remover imediatamente qualquer link se a Alpasi\u00f3n, a seu crit\u00e9rio, assim o solicitar.<\/p>\n<p>Sujeito \u00e0 obriga\u00e7\u00e3o da Alpasi\u00f3n sob a Pol\u00edtica de Privacidade, observe que qualquer informa\u00e7\u00e3o ou material enviado \u00e0 Alpasi\u00f3n atrav\u00e9s do Site ser\u00e1 considerado como n\u00e3o privilegiado ou confidencial.<br \/>\nAo enviar \u00e0 Alpasi\u00f3n qualquer informa\u00e7\u00e3o ou material, o Usu\u00e1rio concede \u00e0 Alpasi\u00f3n uma licen\u00e7a irrestrita e irrevog\u00e1vel para usar, reproduzir, exibir, executar, modificar, transmitir e distribuir esse material ou informa\u00e7\u00e3o no Site e us\u00e1-lo para fornecer Servi\u00e7os, e os Usu\u00e1rios tamb\u00e9m concordam que a Alpasi\u00f3n \u00e9 livre para usar quaisquer ideias, conceitos, know-how ou t\u00e9cnicas que eles enviem \u00e0 Alpasi\u00f3n para qualquer finalidade. <\/p>\n<p>Os termos e condi\u00e7\u00f5es aplic\u00e1veis a qualquer produto, servi\u00e7o ou informa\u00e7\u00e3o ser\u00e3o aqueles determinados no momento do fornecimento do produto, servi\u00e7o ou informa\u00e7\u00e3o.<br \/>\nSe os Usu\u00e1rios optarem por acessar o Site, eles o far\u00e3o por iniciativa pr\u00f3pria e ser\u00e3o respons\u00e1veis pelo cumprimento das leis locais, nacionais ou internacionais aplic\u00e1veis. <\/p>\n<p>Os usu\u00e1rios concordam que a Alpasi\u00f3n n\u00e3o est\u00e1 fornecendo conselhos de investimento personalizados atrav\u00e9s do Site.<br \/>\nA Alpasi\u00f3n n\u00e3o est\u00e1 concordando nem \u00e9 obrigada a atualizar coment\u00e1rios de pesquisa e not\u00edcias.<br \/>\nPortanto, essas informa\u00e7\u00f5es podem n\u00e3o refletir eventos que ocorram ap\u00f3s a data de publica\u00e7\u00e3o.  <\/p>\n<p><strong>2. Direitos e propriedade de propriedade intelectual<\/strong><\/p>\n<p>O Site, seu conte\u00fado e\/ou todos os direitos de propriedade intelectual pertencentes a ele, incluindo o design, o texto, os gr\u00e1ficos, os logotipos, as imagens, o som e a sele\u00e7\u00e3o e o arranjo dos mesmos, s\u00e3o de propriedade da Alpasi\u00f3n, e todos os direitos, t\u00edtulos e interesses dos mesmos continuar\u00e3o sendo propriedade da Alpasi\u00f3n.<br \/>\nAlguns dos conte\u00fados deste site s\u00e3o fornecidos para uso por terceiros mediante acordo com a Alpasi\u00f3n.<br \/>\nEste site \u00e9 protegido por direitos autorais da Alpasi\u00f3n (\u00a92015 Alpasi\u00f3n. Todos os direitos reservados).<br \/>\nOs usu\u00e1rios concordam em n\u00e3o usar e remover qualquer direito autoral, marca registrada ou outro aviso ou legenda de propriedade contida no Site ou em seu conte\u00fado (ou c\u00f3pias impressas do mesmo).<br \/>\nOs direitos de propriedade intelectual sobre a Alpasi\u00f3n e outros nomes de produtos e\/ou servi\u00e7os da Alpasi\u00f3n aqui mencionados s\u00e3o de propriedade exclusiva da Alpasi\u00f3n.<br \/>\nTodos ou quaisquer logotipos, marcas registradas, imagens de terceiros s\u00e3o propriedades de cada terceiro e, ao usar ou mostrar tais logotipos, marcas registradas e\/ou imagens no Site, a Alpasi\u00f3n n\u00e3o faz nenhuma representa\u00e7\u00e3o ou afirma\u00e7\u00e3o de que tais logotipos, marcas registradas ou imagens de terceiros s\u00e3o propriedades da Alpasi\u00f3n.     <\/p>\n<p><strong>3. Links para outros sites<\/strong><\/p>\n<p>O Site pode conter links para sites de terceiros que s\u00e3o mantidos por outros.<br \/>\nEsses links s\u00e3o fornecidos apenas como uma conveni\u00eancia para os Usu\u00e1rios e n\u00e3o como um endosso pela Alpasi\u00f3n do conte\u00fado desses sites de terceiros.<br \/>\nA Alpasi\u00f3n n\u00e3o \u00e9 respons\u00e1vel pela disponibilidade de tais sites ou recursos externos e n\u00e3o endossa e n\u00e3o \u00e9 respons\u00e1vel por qualquer conte\u00fado, publicidade, produtos ou outros materiais em ou dispon\u00edveis em sites de terceiros vinculados.<br \/>\nSe os Usu\u00e1rios decidirem acessar sites de terceiros vinculados, eles o far\u00e3o por sua pr\u00f3pria conta e risco.<br \/>\nOs usu\u00e1rios tamb\u00e9m reconhecem e concordam que a Alpasi\u00f3n n\u00e3o ser\u00e1 respons\u00e1vel, direta ou indiretamente, por qualquer dano ou perda causada ou supostamente causada por ou em conex\u00e3o com o uso ou confian\u00e7a em qualquer conte\u00fado, bens ou servi\u00e7os dispon\u00edveis em ou atrav\u00e9s de qualquer site ou recurso.    <\/p>\n<p><strong>4. Modifica\u00e7\u00f5es<\/strong> <strong>e rescis\u00e3o<\/strong><\/p>\n<p>Todo o conte\u00fado do site est\u00e1 sujeito a altera\u00e7\u00f5es sem aviso pr\u00e9vio.<br \/>\nA Alpasi\u00f3n reserva-se o direito de modificar, adicionar, excluir ou descontinuar estes Termos e Condi\u00e7\u00f5es ou qualquer aspecto ou recurso do Site ou qualquer uma das pol\u00edticas ou diretrizes que regem o Site, a qualquer momento e a seu exclusivo crit\u00e9rio.<br \/>\nAo usar ou acessar o Site ap\u00f3s a publica\u00e7\u00e3o de quaisquer altera\u00e7\u00f5es ou modifica\u00e7\u00f5es nos Termos e Condi\u00e7\u00f5es aplic\u00e1veis ao uso do Site, os Usu\u00e1rios ser\u00e3o considerados como tendo consentido com tais altera\u00e7\u00f5es ou modifica\u00e7\u00f5es.<br \/>\nO Usu\u00e1rio tamb\u00e9m concorda que a Alpasi\u00f3n n\u00e3o ser\u00e1 respons\u00e1vel perante os Usu\u00e1rios ou qualquer terceiro por qualquer suspens\u00e3o ou encerramento do seu acesso aos relat\u00f3rios, produtos e\/ou servi\u00e7os dispon\u00edveis atrav\u00e9s deste Site.<br \/>\nTodas as disposi\u00e7\u00f5es relativas \u00e0 isen\u00e7\u00e3o de garantias, limita\u00e7\u00e3o de responsabilidade e recursos e danos contidos nestes Termos e Condi\u00e7\u00f5es sobreviver\u00e3o \u00e0 rescis\u00e3o.    <\/p>\n<p><strong>5. Proibi\u00e7\u00e3o de uso ilegal ou proibido<\/strong><\/p>\n<p>O Usu\u00e1rio garante \u00e0 Alpasi\u00f3n que n\u00e3o utilizar\u00e1 o Site para qualquer finalidade que seja ilegal ou proibida por estes Termos e Condi\u00e7\u00f5es ou por quaisquer leis.<br \/>\nO Usu\u00e1rio n\u00e3o usar\u00e1 o Site de nenhuma maneira que possa danificar, desabilitar, sobrecarregar ou prejudicar o Site ou a rede conectada ao Site ou interferir no uso e aproveitamento do Site por qualquer outra parte. <\/p>\n<p>O Usu\u00e1rio se compromete a n\u00e3o publicar ou enviar atrav\u00e9s do Site ou carregar no Site quaisquer materiais que sejam ou possam ser razoavelmente interpretados como:<br \/>\n(i) difamat\u00f3rios, caluniosos, obscenos, ofensivos, abusivos, pass\u00edveis de incitar o \u00f3dio racial, discriminat\u00f3rios ou blasfemos;<br \/>\n(ii) violam qualquer obriga\u00e7\u00e3o de confian\u00e7a ou privacidade ou qualquer segredo comercial;<br \/>\n(iii) infringir os direitos de propriedade de terceiros ou para os quais os Usu\u00e1rios n\u00e3o tenham obtido todas as licen\u00e7as e\/ou aprova\u00e7\u00f5es necess\u00e1rias; ou<br \/>\n(iv) violar qualquer outra lei.    <\/p>\n<p>O usu\u00e1rio est\u00e1 proibido de acessar o conte\u00fado deste Site de locais onde \u00e9 ilegal obter tal acesso.<br \/>\nAo acessar, usar, fazer download ou de outra forma receber o conte\u00fado deste Site, voc\u00ea concorda expressamente que n\u00e3o est\u00e1 em um pa\u00eds onde existe tal proibi\u00e7\u00e3o.<br \/>\nQualquer pessoa que acesse este Site de qualquer localidade o faz por iniciativa pr\u00f3pria e \u00e9 respons\u00e1vel pelo cumprimento das leis locais aplic\u00e1veis.  <\/p>\n<p>Qualquer material baixado ou de outra forma obtido por meio do Site \u00e9 feito a crit\u00e9rio e por conta e risco do Usu\u00e1rio, que ser\u00e1 o \u00fanico respons\u00e1vel por qualquer dano ao sistema do computador, telefone celular ou outro dispositivo de acesso do Usu\u00e1rio ou perda de dados resultante do download de tal material.<\/p>\n<p>Os usu\u00e1rios entendem e reconhecem que todas as informa\u00e7\u00f5es, dados, textos, mensagens ou outros materiais (&#8220;Conte\u00fado&#8221;), postados ou carregados no Site, s\u00e3o de responsabilidade exclusiva da pessoa que originou tal Conte\u00fado.<br \/>\nOs usu\u00e1rios, e n\u00e3o a Alpasi\u00f3n, s\u00e3o inteiramente respons\u00e1veis por todo o conte\u00fado que os usu\u00e1rios carregam, publicam, enviam por e-mail ou transmitem atrav\u00e9s do site.<br \/>\nA Alpasi\u00f3n n\u00e3o controla o Conte\u00fado publicado atrav\u00e9s do Site e, como tal, n\u00e3o pode e n\u00e3o garante a precis\u00e3o, integridade ou qualidade de tal Conte\u00fado.  <\/p>\n<p><strong>6.<\/strong><strong> Responsabilidade<\/strong><\/p>\n<p>Em nenhum caso a Alpasi\u00f3n, seus acionistas, diretores, executivos, funcion\u00e1rios, agentes, representantes ou qualquer uma de suas afiliadas ser\u00e3o respons\u00e1veis por quaisquer danos diretos, indiretos, incidentais, especiais, punitivos ou consequentes (seja em contrato ou ato il\u00edcito ou de outra forma) por qualquer valor ou tipo de perda (incluindo, sem limita\u00e7\u00e3o, danos por perda de dados, neg\u00f3cios ou lucros) para o Usu\u00e1rio ou um terceiro decorrente de ou em conex\u00e3o com estes Termos e Condi\u00e7\u00f5es, o Site, a incapacidade de usar o Site ou produtos, servi\u00e7os ou informa\u00e7\u00f5es obtidas ou armazenadas no ou a partir do Site, ou qualquer um dos relat\u00f3rios, produtos e\/ou servi\u00e7os dispon\u00edveis atrav\u00e9s do Site ou transa\u00e7\u00f5es realizadas atrav\u00e9s do Site, qualquer site vinculado ao Site ou material em tais sites, incluindo, mas n\u00e3o se limitando a, perda ou dano devido a v\u00edrus que possam infectar o sistema de computador, software, dados ou outra propriedade do Usu\u00e1rio por conta do acesso, uso do Site ou download pelos Usu\u00e1rios de qualquer material do Site ou de qualquer site vinculado ao Site, seja com base em contrato, ato il\u00edcito, responsabilidade estrita ou de outra forma, mesmo que a Alpasi\u00f3n ou qualquer uma de suas afiliadas tenha sido avisada da possibilidade de tais danos, e n\u00e3o obstante a falha do prop\u00f3sito essencial de qualquer recurso.<br \/>\nIsso n\u00e3o afetar\u00e1 os direitos estatut\u00e1rios dos Usu\u00e1rios. <\/p>\n<p>A Alpasi\u00f3n n\u00e3o ser\u00e1 respons\u00e1vel por qualquer perda ou dano decorrente ou ocasionado por<br \/>\n(a) qualquer imprecis\u00e3o, corre\u00e7\u00e3o, erro, atraso ou omiss\u00e3o, ou<br \/>\n(b) interrup\u00e7\u00e3o de tais dados, informa\u00e7\u00f5es ou mensagens, devido a qualquer ato ou omiss\u00e3o da Alpasi\u00f3n ou a qualquer evento de for\u00e7a maior ou qualquer outra causa al\u00e9m do controle razo\u00e1vel da Alpasi\u00f3n.  <\/p>\n<p><strong>7. Legisla\u00e7\u00e3o aplic\u00e1vel<\/strong><\/p>\n<p>Os Termos e Condi\u00e7\u00f5es ser\u00e3o regidos e interpretados de acordo com as leis da Argentina e estar\u00e3o sujeitos \u00e0 jurisdi\u00e7\u00e3o exclusiva dos tribunais de Mendoza, Argentina.<\/p>\n<p><strong>8. Indeniza\u00e7\u00e3o<\/strong><\/p>\n<p>Se qualquer disposi\u00e7\u00e3o destes Termos e Condi\u00e7\u00f5es (ou parte de uma disposi\u00e7\u00e3o) for considerada inv\u00e1lida, inexequ\u00edvel ou ilegal por qualquer tribunal ou \u00f3rg\u00e3o administrativo de jurisdi\u00e7\u00e3o competente, as demais disposi\u00e7\u00f5es permanecer\u00e3o em vigor.<br \/>\nSe qualquer cl\u00e1usula inv\u00e1lida, inexequ\u00edvel ou ilegal for v\u00e1lida, exequ\u00edvel ou legal se alguma parte dela for exclu\u00edda, a cl\u00e1usula dever\u00e1 ser aplicada com a modifica\u00e7\u00e3o necess\u00e1ria para dar efeito \u00e0 inten\u00e7\u00e3o comercial da mesma. <\/p>\n<p><strong>B. POL\u00cdTICA DE PRIVACIDADE<\/strong><\/p>\n<p>Nenhum material deste site pode ser copiado, carregado, postado, modificado ou distribu\u00eddo de qualquer forma, exceto que voc\u00ea pode fazer o download de uma c\u00f3pia dos materiais em um \u00fanico computador apenas para uso pessoal e dom\u00e9stico, desde que mantenha intactos todos os direitos autorais e outros avisos de propriedade.<br \/>\nO uso de qualquer material desse tipo em qualquer outro site ou ambiente de computador \u00e9 proibido. <\/p>\n<p>Embora a &#8220;Alpasi\u00f3n&#8221; envide esfor\u00e7os razo\u00e1veis para incluir informa\u00e7\u00f5es precisas e atualizadas no site, a &#8220;Alpasi\u00f3n&#8221; n\u00e3o oferece garantias ou declara\u00e7\u00f5es quanto \u00e0 sua precis\u00e3o.<br \/>\nA &#8220;Alpasi\u00f3n&#8221; n\u00e3o assume nenhuma responsabilidade por quaisquer erros ou omiss\u00f5es no conte\u00fado do site.<br \/>\nTodas as informa\u00e7\u00f5es est\u00e3o sujeitas a varia\u00e7\u00f5es posteriores, sem aviso pr\u00e9vio.&#8221;  <\/p>\n<p>Qualquer software de terceiros que possa ser baixado de um site operado por um terceiro (seja mencionado ou vinculado a este Site) \u00e9 de responsabilidade dessa parte e n\u00e3o da &#8220;Alpasi\u00f3n&#8221;, que n\u00e3o ter\u00e1 nenhuma responsabilidade ou obriga\u00e7\u00e3o em rela\u00e7\u00e3o a qualquer perda, dano, v\u00edrus ou de outra forma resultante do download de tal software por voc\u00ea.<\/p>\n<p><strong>C. <\/strong><strong>ISEN\u00c7\u00c3O DE RESPONSABILIDADE<\/strong><\/p>\n<p>Embora a Alpasi\u00f3n tenha feito todos os esfor\u00e7os razo\u00e1veis para garantir a corre\u00e7\u00e3o e a integridade do Site, a Alpasi\u00f3n n\u00e3o faz nenhuma representa\u00e7\u00e3o ou garantia, expressa ou impl\u00edcita,<br \/>\n(a) quanto \u00e0 exatid\u00e3o ou integridade de quaisquer informa\u00e7\u00f5es, dados e\/ou servi\u00e7os dispon\u00edveis atrav\u00e9s deste Site, e<br \/>\n(b) a precis\u00e3o dos resultados de qualquer uso de qualquer informa\u00e7\u00e3o, dados e\/ou servi\u00e7os dispon\u00edveis atrav\u00e9s deste Site.<br \/>\nA Alpasi\u00f3n, nem nenhum de seus executivos, diretores, funcion\u00e1rios, acionistas, propriet\u00e1rios, afiliados, agentes ou representantes ter\u00e3o qualquer responsabilidade para com a outra parte ou qualquer outra pessoa resultante do uso das informa\u00e7\u00f5es e dados copiados do Site.   <\/p>\n<p>A Alpasi\u00f3n n\u00e3o assume nenhuma responsabilidade ou faz qualquer garantia, expressa ou impl\u00edcita, quanto \u00e0 exatid\u00e3o ou integridade de qualquer informa\u00e7\u00e3o e dados dispon\u00edveis no Site, e nem a Alpasi\u00f3n, nem qualquer um de seus executivos, diretores, funcion\u00e1rios, acionistas, propriet\u00e1rios, afiliados, agentes ou representantes ter\u00e3o qualquer responsabilidade para com a outra parte ou qualquer outra pessoa resultante do uso das informa\u00e7\u00f5es e dados copiados do Site.<br \/>\nA Alpasi\u00f3n n\u00e3o d\u00e1 qualquer garantia ou representa\u00e7\u00e3o ou garantia de qualquer tipo, seja real ou impl\u00edcita para os Usu\u00e1rios \/ visitantes.<br \/>\nAs informa\u00e7\u00f5es e servi\u00e7os inclu\u00eddos ou dispon\u00edveis neste Site podem incluir imprecis\u00f5es ou erros tipogr\u00e1ficos.  <\/p>\n<p>O SITE\/INFORMA\u00c7\u00d5ES S\u00c3O FORNECIDOS AO USU\u00c1RIO &#8220;COMO EST\u00c3O&#8221; E &#8220;ONDE EST\u00c3O&#8221;, SEM QUALQUER GARANTIA.<br \/>\nA ALPASI\u00d3N, POR SI MESMA E POR QUALQUER TERCEIRO QUE FORNE\u00c7A MATERIAIS, SERVI\u00c7OS OU CONTE\u00daDO PARA O SITE, N\u00c3O FAZ REPRESENTA\u00c7\u00d5ES OU GARANTIAS, EXPRESSAS, IMPL\u00cdCITAS, ESTATUT\u00c1RIAS OU DE OUTRA FORMA, DE CORRE\u00c7\u00c3O, PRECIS\u00c3O, COMERCIALIZA\u00c7\u00c3O, ADEQUA\u00c7\u00c3O A UMA FINALIDADE ESPEC\u00cdFICA OU N\u00c3O VIOLA\u00c7\u00c3O DE DIREITOS DE TERCEIROS, COM RELA\u00c7\u00c3O AO SITE, \u00c0S INFORMA\u00c7\u00d5ES OU A QUAISQUER PRODUTOS OU SERVI\u00c7OS AOS QUAIS AS INFORMA\u00c7\u00d5ES SE REFEREM.<br \/>\nA ALPASI\u00d3N N\u00c3O SER\u00c1 RESPONS\u00c1VEL PERANTE O USU\u00c1RIO OU QUALQUER TERCEIRO POR QUAISQUER DANOS DE QUALQUER TIPO, INCLUINDO, MAS N\u00c3O SE LIMITANDO A, DANOS DIRETOS, INDIRETOS, INCIDENTAIS, CONSEQUENCIAIS OU PUNITIVOS, DECORRENTES OU RELACIONADOS COM O SITE, INCLUINDO, MAS N\u00c3O SE LIMITANDO A, O USO DO SITE PELO USU\u00c1RIO OU A INCAPACIDADE DO USU\u00c1RIO DE USAR O SITE, MESMO QUE A ALPASI\u00d3N TENHA SIDO PREVIAMENTE AVISADA DA POSSIBILIDADE DE TAIS DANOS.  <\/p>\n<p>As informa\u00e7\u00f5es contidas no Site n\u00e3o se destinam a fornecer ou constituir consultoria de investimento ou profissional de qualquer tipo e n\u00e3o devem ser consideradas apenas nesse sentido, devendo-se ler cuidadosamente o prospecto apropriado, a exposi\u00e7\u00e3o de motivos confidencial e outros documentos e\/ou termos e condi\u00e7\u00f5es relevantes relacionados a qualquer investimento antes de fazer o investimento.<br \/>\nOs investidores em potencial que acessarem este Site devem buscar seu pr\u00f3prio aconselhamento financeiro independente, quando apropriado. <\/p>\n\t\t\t\t\t\t\t\t<\/div>\n\t\t\t\t<\/div>\n\t\t\t\t<div class=\"elementor-element elementor-element-71a5968 elementor-absolute elementor-widget elementor-widget-image\" data-id=\"71a5968\" data-element_type=\"widget\" data-e-type=\"widget\" data-settings=\"{&quot;_position&quot;:&quot;absolute&quot;}\" data-widget_type=\"image.default\">\n\t\t\t\t<div class=\"elementor-widget-container\">\n\t\t\t\t\t\t\t\t\t\t\t\t\t\t\t<img decoding=\"async\" width=\"1\" height=\"1\" src=\"https:\/\/alpasion.com\/wp-content\/uploads\/2024\/08\/sommelier-frame2.svg\" class=\"attachment-large size-large wp-image-5533\" alt=\"\" \/>\t\t\t\t\t\t\t\t\t\t\t\t\t\t\t<\/div>\n\t\t\t\t<\/div>\n\t\t\t\t\t<\/div>\n\t\t\t\t<\/div>\n\t\t\t\t<\/div>\n\t\t\t\t<\/div>\n\t\t","protected":false},"excerpt":{"rendered":"<p>Sobre a Alpasi\u00f3n Nossos termos de isen\u00e7\u00e3o de responsabilidade Aceita\u00e7\u00e3o dos Termos e Condi\u00e7\u00f5es Leia os termos e condi\u00e7\u00f5es estabelecidos abaixo que regem o uso deste site (&#8220;Termos e Condi\u00e7\u00f5es&#8221;). Ao clicar em &#8220;Aceitar&#8221;, todos os usu\u00e1rios (&#8220;Usu\u00e1rios&#8221;) deste site confirmam que leram e compreenderam os Termos e Condi\u00e7\u00f5es, concordam com os Termos e Condi\u00e7\u00f5es [&hellip;]<\/p>\n","protected":false},"author":1,"featured_media":0,"parent":0,"menu_order":0,"comment_status":"closed","ping_status":"closed","template":"","meta":{"_acf_changed":false,"footnotes":""},"class_list":["post-9558","page","type-page","status-publish","hentry"],"acf":[],"_links":{"self":[{"href":"https:\/\/alpasion.com\/pt-br\/wp-json\/wp\/v2\/pages\/9558","targetHints":{"allow":["GET"]}}],"collection":[{"href":"https:\/\/alpasion.com\/pt-br\/wp-json\/wp\/v2\/pages"}],"about":[{"href":"https:\/\/alpasion.com\/pt-br\/wp-json\/wp\/v2\/types\/page"}],"author":[{"embeddable":true,"href":"https:\/\/alpasion.com\/pt-br\/wp-json\/wp\/v2\/users\/1"}],"replies":[{"embeddable":true,"href":"https:\/\/alpasion.com\/pt-br\/wp-json\/wp\/v2\/comments?post=9558"}],"version-history":[{"count":8,"href":"https:\/\/alpasion.com\/pt-br\/wp-json\/wp\/v2\/pages\/9558\/revisions"}],"predecessor-version":[{"id":11167,"href":"https:\/\/alpasion.com\/pt-br\/wp-json\/wp\/v2\/pages\/9558\/revisions\/11167"}],"wp:attachment":[{"href":"https:\/\/alpasion.com\/pt-br\/wp-json\/wp\/v2\/media?parent=9558"}],"curies":[{"name":"wp","href":"https:\/\/api.w.org\/{rel}","templated":true}]}}