{"id":10302,"date":"2024-07-14T17:25:29","date_gmt":"2024-07-14T17:25:29","guid":{"rendered":"https:\/\/alpasion.com\/wine-portfolio\/alpasion-grand-pinot-noir-2\/"},"modified":"2025-02-18T10:10:38","modified_gmt":"2025-02-18T10:10:38","slug":"alpasion-grand-pinot-noir-2","status":"publish","type":"product","link":"https:\/\/alpasion.com\/pt-br\/wine-portfolio\/alpasion-grand-pinot-noir-2\/","title":{"rendered":"Alpasi\u00f3n Grand Pinot Noir"},"content":{"rendered":"<h3>Esse vinho tinto Pinot Noir \u00e9 envelhecido em barris franceses estilo Bordeaux por 12 meses.<\/h3>\n<p>O Alpasi\u00f3n Grand Pinot Noir tem uma cor vermelha granada intensa. Taninos sedosos, frutas vermelhas elegantes, mirtilos, cerejas e framboesas. Notas condimentadas de pimenta verde, cravo e canela. Um toque de eucalipto e menta com um final delicado. <br \/>Harmoniza\u00e7\u00e3o extremamente vers\u00e1til, pode acompanhar risotos, massas e frutos do mar, mas tamb\u00e9m aves de ca\u00e7a, como o pato.   <\/p>\n","protected":false},"excerpt":{"rendered":"<p>Envelhecido em barris franceses estilo Bordeaux por 12 meses. Cor vermelha granada intensa&#8230; <\/p>\n","protected":false},"featured_media":5503,"template":"","meta":{"_acf_changed":false,"wds_primary_product_brand":0,"wds_primary_product_cat":0},"product_brand":[],"product_cat":[195],"product_tag":[],"class_list":{"0":"post-10302","1":"product","2":"type-product","3":"status-publish","4":"has-post-thumbnail","6":"product_cat-vinho-tinto","8":"first","9":"instock","10":"shipping-taxable","11":"purchasable","12":"product-type-simple"},"acf":[],"_links":{"self":[{"href":"https:\/\/alpasion.com\/pt-br\/wp-json\/wp\/v2\/product\/10302","targetHints":{"allow":["GET"]}}],"collection":[{"href":"https:\/\/alpasion.com\/pt-br\/wp-json\/wp\/v2\/product"}],"about":[{"href":"https:\/\/alpasion.com\/pt-br\/wp-json\/wp\/v2\/types\/product"}],"version-history":[{"count":5,"href":"https:\/\/alpasion.com\/pt-br\/wp-json\/wp\/v2\/product\/10302\/revisions"}],"predecessor-version":[{"id":12873,"href":"https:\/\/alpasion.com\/pt-br\/wp-json\/wp\/v2\/product\/10302\/revisions\/12873"}],"wp:featuredmedia":[{"embeddable":true,"href":"https:\/\/alpasion.com\/pt-br\/wp-json\/wp\/v2\/media\/5503"}],"wp:attachment":[{"href":"https:\/\/alpasion.com\/pt-br\/wp-json\/wp\/v2\/media?parent=10302"}],"wp:term":[{"taxonomy":"product_brand","embeddable":true,"href":"https:\/\/alpasion.com\/pt-br\/wp-json\/wp\/v2\/product_brand?post=10302"},{"taxonomy":"product_cat","embeddable":true,"href":"https:\/\/alpasion.com\/pt-br\/wp-json\/wp\/v2\/product_cat?post=10302"},{"taxonomy":"product_tag","embeddable":true,"href":"https:\/\/alpasion.com\/pt-br\/wp-json\/wp\/v2\/product_tag?post=10302"}],"curies":[{"name":"wp","href":"https:\/\/api.w.org\/{rel}","templated":true}]}}