{"id":10304,"date":"2024-07-27T17:25:09","date_gmt":"2024-07-27T17:25:09","guid":{"rendered":"https:\/\/alpasion.com\/wine-portfolio\/gin-alpasion\/"},"modified":"2025-02-18T10:10:30","modified_gmt":"2025-02-18T10:10:30","slug":"gin-alpasion","status":"publish","type":"product","link":"https:\/\/alpasion.com\/pt-br\/wine-portfolio\/gin-alpasion\/","title":{"rendered":"Gin Alpasi\u00f3n"},"content":{"rendered":"<h3>O Alpasi\u00f3n Gin \u00e9 destilado em pequenos alambiques projetados para destila\u00e7\u00f5es ultra premium, feitos 100% de cobre e com a mais recente tecnologia.<\/h3>\n<p>  Os bot\u00e2nicos s\u00e3o 100% naturais, macerados em \u00e1lcool feito de cereais argentinos. A \u00e1gua vem de fontes naturais puras nas montanhas dos Andes. <\/p>\n","protected":false},"excerpt":{"rendered":"<p>Gin tradicional de Londres com infus\u00e3o de bagas de zimbro, sementes de coentro, verbena, tomilho e casca de laranja.<\/p>\n","protected":false},"featured_media":5137,"template":"","meta":{"_acf_changed":false,"wds_primary_product_brand":0,"wds_primary_product_cat":0},"product_brand":[],"product_cat":[200],"product_tag":[],"class_list":{"0":"post-10304","1":"product","2":"type-product","3":"status-publish","4":"has-post-thumbnail","6":"product_cat-gin-pt-br","8":"first","9":"instock","10":"shipping-taxable","11":"product-type-simple"},"acf":[],"_links":{"self":[{"href":"https:\/\/alpasion.com\/pt-br\/wp-json\/wp\/v2\/product\/10304","targetHints":{"allow":["GET"]}}],"collection":[{"href":"https:\/\/alpasion.com\/pt-br\/wp-json\/wp\/v2\/product"}],"about":[{"href":"https:\/\/alpasion.com\/pt-br\/wp-json\/wp\/v2\/types\/product"}],"version-history":[{"count":3,"href":"https:\/\/alpasion.com\/pt-br\/wp-json\/wp\/v2\/product\/10304\/revisions"}],"predecessor-version":[{"id":12872,"href":"https:\/\/alpasion.com\/pt-br\/wp-json\/wp\/v2\/product\/10304\/revisions\/12872"}],"wp:featuredmedia":[{"embeddable":true,"href":"https:\/\/alpasion.com\/pt-br\/wp-json\/wp\/v2\/media\/5137"}],"wp:attachment":[{"href":"https:\/\/alpasion.com\/pt-br\/wp-json\/wp\/v2\/media?parent=10304"}],"wp:term":[{"taxonomy":"product_brand","embeddable":true,"href":"https:\/\/alpasion.com\/pt-br\/wp-json\/wp\/v2\/product_brand?post=10304"},{"taxonomy":"product_cat","embeddable":true,"href":"https:\/\/alpasion.com\/pt-br\/wp-json\/wp\/v2\/product_cat?post=10304"},{"taxonomy":"product_tag","embeddable":true,"href":"https:\/\/alpasion.com\/pt-br\/wp-json\/wp\/v2\/product_tag?post=10304"}],"curies":[{"name":"wp","href":"https:\/\/api.w.org\/{rel}","templated":true}]}}