{"id":10305,"date":"2024-08-05T11:30:45","date_gmt":"2024-08-05T11:30:45","guid":{"rendered":"https:\/\/alpasion.com\/wine-portfolio\/alpasion-old-school-2\/"},"modified":"2025-02-18T10:10:08","modified_gmt":"2025-02-18T10:10:08","slug":"alpasion-old-school-2","status":"publish","type":"product","link":"https:\/\/alpasion.com\/pt-br\/wine-portfolio\/alpasion-old-school-2\/","title":{"rendered":"Alpasi\u00f3n Old School"},"content":{"rendered":"<h3 data-pm-slice=\"1 1 []\">Esse vinho \u00e9 um lan\u00e7amento especial e n\u00e3o \u00e9 produzido todos os anos.<\/h3>\n<h4 data-pm-slice=\"1 1 []\">O Alpasi\u00f3n Old School \u00e9 um blend de uvas e, \u00e0s vezes, tamb\u00e9m um blend de safras.<\/h4>\n<p>O envelhecimento por pelo menos 24 meses em barris franceses estilo Bordeaux d\u00e1 ao vinho a capacidade de ser guardado por d\u00e9cadas. O envelhecimento adicional na garrafa de pelo menos um ano tamb\u00e9m permite que esse vinho seja apreciado imediatamente com alguma decanta\u00e7\u00e3o. Cor vermelha rubi intensa com manchas de violeta na ta\u00e7a. Aromas de frutas pretas maduras e especiarias combinam com couro, fumo e azeitona kalamata. <\/p>\n","protected":false},"excerpt":{"rendered":"<p data-pm-slice=\"1 1 []\">Esse vinho \u00e9 um lan\u00e7amento especial e n\u00e3o \u00e9 produzido todos os anos. \u00c9 uma mistura de uvas e, \u00e0s vezes, tamb\u00e9m uma mistura de safras. <\/p>\n","protected":false},"featured_media":5509,"template":"","meta":{"_acf_changed":false,"wds_primary_product_brand":0,"wds_primary_product_cat":0},"product_brand":[],"product_cat":[195],"product_tag":[],"class_list":{"0":"post-10305","1":"product","2":"type-product","3":"status-publish","4":"has-post-thumbnail","6":"product_cat-vinho-tinto","8":"first","9":"instock","10":"shipping-taxable","11":"purchasable","12":"product-type-simple"},"acf":[],"_links":{"self":[{"href":"https:\/\/alpasion.com\/pt-br\/wp-json\/wp\/v2\/product\/10305","targetHints":{"allow":["GET"]}}],"collection":[{"href":"https:\/\/alpasion.com\/pt-br\/wp-json\/wp\/v2\/product"}],"about":[{"href":"https:\/\/alpasion.com\/pt-br\/wp-json\/wp\/v2\/types\/product"}],"version-history":[{"count":3,"href":"https:\/\/alpasion.com\/pt-br\/wp-json\/wp\/v2\/product\/10305\/revisions"}],"predecessor-version":[{"id":12868,"href":"https:\/\/alpasion.com\/pt-br\/wp-json\/wp\/v2\/product\/10305\/revisions\/12868"}],"wp:featuredmedia":[{"embeddable":true,"href":"https:\/\/alpasion.com\/pt-br\/wp-json\/wp\/v2\/media\/5509"}],"wp:attachment":[{"href":"https:\/\/alpasion.com\/pt-br\/wp-json\/wp\/v2\/media?parent=10305"}],"wp:term":[{"taxonomy":"product_brand","embeddable":true,"href":"https:\/\/alpasion.com\/pt-br\/wp-json\/wp\/v2\/product_brand?post=10305"},{"taxonomy":"product_cat","embeddable":true,"href":"https:\/\/alpasion.com\/pt-br\/wp-json\/wp\/v2\/product_cat?post=10305"},{"taxonomy":"product_tag","embeddable":true,"href":"https:\/\/alpasion.com\/pt-br\/wp-json\/wp\/v2\/product_tag?post=10305"}],"curies":[{"name":"wp","href":"https:\/\/api.w.org\/{rel}","templated":true}]}}