{"id":10307,"date":"2024-08-05T11:44:43","date_gmt":"2024-08-05T11:44:43","guid":{"rendered":"https:\/\/alpasion.com\/wine-portfolio\/alpasion-sauvignon-blanc-2\/"},"modified":"2025-02-18T10:10:02","modified_gmt":"2025-02-18T10:10:02","slug":"alpasion-sauvignon-blanc-2","status":"publish","type":"product","link":"https:\/\/alpasion.com\/pt-br\/wine-portfolio\/alpasion-sauvignon-blanc-2\/","title":{"rendered":"Alpasi\u00f3n Sauvignon Blanc"},"content":{"rendered":"<h3 data-pm-slice=\"1 1 []\">O Sauvignon Blanc, uma combina\u00e7\u00e3o de frutas frescas e ervas.<\/h3>\n<p data-pm-slice=\"1 1 []\">2022 foi a nossa safra inaugural desse Sauvignon Blanc e n\u00e3o poder\u00edamos estar mais satisfeitos com os resultados. Um casamento de frutas frescas e ervas, esse vinho de alta acidez que sacia a sede \u00e9 o drinque perfeito com ou sem comida. O lim\u00e3o Meyer, a manga e a carambola se encontram com o manjeric\u00e3o tailand\u00eas e a grama fresca cortada. <\/p>\n","protected":false},"excerpt":{"rendered":"<p data-pm-slice=\"1 1 []\">2022 foi a nossa safra inaugural desse Sauvignon Blanc e n\u00e3o poder\u00edamos estar mais satisfeitos com os resultados.<\/p>\n","protected":false},"featured_media":5518,"template":"","meta":{"_acf_changed":false,"wds_primary_product_brand":0,"wds_primary_product_cat":0},"product_brand":[],"product_cat":[192],"product_tag":[],"class_list":{"0":"post-10307","1":"product","2":"type-product","3":"status-publish","4":"has-post-thumbnail","6":"product_cat-vinho-branco","8":"first","9":"instock","10":"shipping-taxable","11":"purchasable","12":"product-type-simple"},"acf":[],"_links":{"self":[{"href":"https:\/\/alpasion.com\/pt-br\/wp-json\/wp\/v2\/product\/10307","targetHints":{"allow":["GET"]}}],"collection":[{"href":"https:\/\/alpasion.com\/pt-br\/wp-json\/wp\/v2\/product"}],"about":[{"href":"https:\/\/alpasion.com\/pt-br\/wp-json\/wp\/v2\/types\/product"}],"version-history":[{"count":4,"href":"https:\/\/alpasion.com\/pt-br\/wp-json\/wp\/v2\/product\/10307\/revisions"}],"predecessor-version":[{"id":12866,"href":"https:\/\/alpasion.com\/pt-br\/wp-json\/wp\/v2\/product\/10307\/revisions\/12866"}],"wp:featuredmedia":[{"embeddable":true,"href":"https:\/\/alpasion.com\/pt-br\/wp-json\/wp\/v2\/media\/5518"}],"wp:attachment":[{"href":"https:\/\/alpasion.com\/pt-br\/wp-json\/wp\/v2\/media?parent=10307"}],"wp:term":[{"taxonomy":"product_brand","embeddable":true,"href":"https:\/\/alpasion.com\/pt-br\/wp-json\/wp\/v2\/product_brand?post=10307"},{"taxonomy":"product_cat","embeddable":true,"href":"https:\/\/alpasion.com\/pt-br\/wp-json\/wp\/v2\/product_cat?post=10307"},{"taxonomy":"product_tag","embeddable":true,"href":"https:\/\/alpasion.com\/pt-br\/wp-json\/wp\/v2\/product_tag?post=10307"}],"curies":[{"name":"wp","href":"https:\/\/api.w.org\/{rel}","templated":true}]}}