{"id":10308,"date":"2024-08-05T11:51:24","date_gmt":"2024-08-05T11:51:24","guid":{"rendered":"https:\/\/alpasion.com\/wine-portfolio\/alpasion-rose-2\/"},"modified":"2025-02-18T10:09:58","modified_gmt":"2025-02-18T10:09:58","slug":"alpasion-rose-2","status":"publish","type":"product","link":"https:\/\/alpasion.com\/pt-br\/wine-portfolio\/alpasion-rose-2\/","title":{"rendered":"Alpasi\u00f3n Ros\u00e9"},"content":{"rendered":"<h4 data-pm-slice=\"1 1 []\">De estilo saboroso, este ros\u00e9 100% Syrah \u00e9 ideal para verdadeiras experi\u00eancias gastron\u00f4micas.<\/h4>\n<p data-pm-slice=\"1 1 []\">A entrada suave e fresca, algum volume na boca, a acidez muito boa e o baixo teor alco\u00f3lico o tornam muito f\u00e1cil de beber. De estilo saboroso, esse ros\u00e9 100% Syrah de alta acidez \u00e9 ideal para verdadeiras experi\u00eancias gastron\u00f4micas.<\/p>\n<p>Aromas de caqui, clementina e mel\u00e3o envolto em prosciutto irrompem da ta\u00e7a. O casamento perfeito entre salinidade e frutas que pode ser consumido o ano todo. <\/p>\n","protected":false},"excerpt":{"rendered":"<p>A entrada suave e fresca, algum volume na boca, a acidez muito boa e o baixo teor alco\u00f3lico o tornam muito f\u00e1cil de beber.<\/p>\n","protected":false},"featured_media":5515,"template":"","meta":{"_acf_changed":false,"wds_primary_product_brand":0,"wds_primary_product_cat":0},"product_brand":[],"product_cat":[191],"product_tag":[],"class_list":{"0":"post-10308","1":"product","2":"type-product","3":"status-publish","4":"has-post-thumbnail","6":"product_cat-vinho-rose","8":"first","9":"instock","10":"shipping-taxable","11":"purchasable","12":"product-type-simple"},"acf":[],"_links":{"self":[{"href":"https:\/\/alpasion.com\/pt-br\/wp-json\/wp\/v2\/product\/10308","targetHints":{"allow":["GET"]}}],"collection":[{"href":"https:\/\/alpasion.com\/pt-br\/wp-json\/wp\/v2\/product"}],"about":[{"href":"https:\/\/alpasion.com\/pt-br\/wp-json\/wp\/v2\/types\/product"}],"version-history":[{"count":4,"href":"https:\/\/alpasion.com\/pt-br\/wp-json\/wp\/v2\/product\/10308\/revisions"}],"predecessor-version":[{"id":12865,"href":"https:\/\/alpasion.com\/pt-br\/wp-json\/wp\/v2\/product\/10308\/revisions\/12865"}],"wp:featuredmedia":[{"embeddable":true,"href":"https:\/\/alpasion.com\/pt-br\/wp-json\/wp\/v2\/media\/5515"}],"wp:attachment":[{"href":"https:\/\/alpasion.com\/pt-br\/wp-json\/wp\/v2\/media?parent=10308"}],"wp:term":[{"taxonomy":"product_brand","embeddable":true,"href":"https:\/\/alpasion.com\/pt-br\/wp-json\/wp\/v2\/product_brand?post=10308"},{"taxonomy":"product_cat","embeddable":true,"href":"https:\/\/alpasion.com\/pt-br\/wp-json\/wp\/v2\/product_cat?post=10308"},{"taxonomy":"product_tag","embeddable":true,"href":"https:\/\/alpasion.com\/pt-br\/wp-json\/wp\/v2\/product_tag?post=10308"}],"curies":[{"name":"wp","href":"https:\/\/api.w.org\/{rel}","templated":true}]}}