{"id":10545,"date":"2024-07-14T17:22:50","date_gmt":"2024-07-14T17:22:50","guid":{"rendered":"https:\/\/alpasion.com\/wine-portfolio\/alpasion-malbec\/"},"modified":"2025-02-18T10:10:48","modified_gmt":"2025-02-18T10:10:48","slug":"alpasion-malbec","status":"publish","type":"product","link":"https:\/\/alpasion.com\/pt-br\/wine-portfolio\/alpasion-malbec\/","title":{"rendered":"Alpasi\u00f3n Malbec"},"content":{"rendered":"<h3>Esse \u00e9 o nosso Malbec &#8220;Estate&#8221;. Apenas 25% do vinho foi envelhecido. Por isso, ele \u00e9 menos potente do que o nosso tradicional Grand Malbec.  <\/h3>\n<p>Esse vinho tinto Alpasi\u00f3n tem frutas frescas e taninos leves. \u00c9 a express\u00e3o mais pura de nosso terroir. Frutas vermelhas brilhantes, um toque de especiarias e terra fresca em vasos, apoiados por uma acidez viva e taninos suaves. Extremamente vers\u00e1til na ta\u00e7a e ainda mais saboroso com um leve resfriamento. \u00d3tima op\u00e7\u00e3o como vinho &#8220;em ta\u00e7a&#8221; para restaurantes.   <\/p>\n","protected":false},"excerpt":{"rendered":"<p>Esse \u00e9 o nosso Malbec &#8220;Estate&#8221;. Apenas 25% do vinho foi envelhecido&#8230; <\/p>\n","protected":false},"featured_media":5506,"template":"","meta":{"_acf_changed":false,"wds_primary_product_brand":0,"wds_primary_product_cat":0},"product_brand":[],"product_cat":[195],"product_tag":[],"class_list":{"0":"post-10545","1":"product","2":"type-product","3":"status-publish","4":"has-post-thumbnail","6":"product_cat-vinho-tinto","8":"first","9":"instock","10":"shipping-taxable","11":"purchasable","12":"product-type-simple"},"acf":[],"_links":{"self":[{"href":"https:\/\/alpasion.com\/pt-br\/wp-json\/wp\/v2\/product\/10545","targetHints":{"allow":["GET"]}}],"collection":[{"href":"https:\/\/alpasion.com\/pt-br\/wp-json\/wp\/v2\/product"}],"about":[{"href":"https:\/\/alpasion.com\/pt-br\/wp-json\/wp\/v2\/types\/product"}],"version-history":[{"count":2,"href":"https:\/\/alpasion.com\/pt-br\/wp-json\/wp\/v2\/product\/10545\/revisions"}],"predecessor-version":[{"id":12875,"href":"https:\/\/alpasion.com\/pt-br\/wp-json\/wp\/v2\/product\/10545\/revisions\/12875"}],"wp:featuredmedia":[{"embeddable":true,"href":"https:\/\/alpasion.com\/pt-br\/wp-json\/wp\/v2\/media\/5506"}],"wp:attachment":[{"href":"https:\/\/alpasion.com\/pt-br\/wp-json\/wp\/v2\/media?parent=10545"}],"wp:term":[{"taxonomy":"product_brand","embeddable":true,"href":"https:\/\/alpasion.com\/pt-br\/wp-json\/wp\/v2\/product_brand?post=10545"},{"taxonomy":"product_cat","embeddable":true,"href":"https:\/\/alpasion.com\/pt-br\/wp-json\/wp\/v2\/product_cat?post=10545"},{"taxonomy":"product_tag","embeddable":true,"href":"https:\/\/alpasion.com\/pt-br\/wp-json\/wp\/v2\/product_tag?post=10545"}],"curies":[{"name":"wp","href":"https:\/\/api.w.org\/{rel}","templated":true}]}}