{"id":10548,"date":"2024-07-14T17:24:21","date_gmt":"2024-07-14T17:24:21","guid":{"rendered":"https:\/\/alpasion.com\/wine-portfolio\/alpasion-cabernet-sauvignon\/"},"modified":"2025-02-18T10:10:44","modified_gmt":"2025-02-18T10:10:44","slug":"alpasion-cabernet-sauvignon","status":"publish","type":"product","link":"https:\/\/alpasion.com\/pt-br\/wine-portfolio\/alpasion-cabernet-sauvignon\/","title":{"rendered":"Alpasi\u00f3n Cabernet Sauvignon"},"content":{"rendered":"<h3 data-pm-slice=\"1 1 []\">Esse \u00e9 um vinho tinto Cabernet de Mendoza, de altitude elevada, que recebe apenas uma pequena porcentagem de carvalho<\/h3>\n<p data-pm-slice=\"1 1 []\">Como resultado, o vinho \u00e9 fresco e brilhante, com a quantidade perfeita de taninos para adicionar estrutura e complexidade.<\/p>\n<p>O vinho Alpasi\u00f3n Cabernet Sauvignon se tornou rapidamente nossa op\u00e7\u00e3o mais popular &#8220;por ta\u00e7a&#8221; para restaurantes e clubes privados.<\/p>\n","protected":false},"excerpt":{"rendered":"<p>Trata-se de um Cabernet de Mendoza de alta altitude, que recebe apenas uma pequena porcentagem de carvalho&#8230;<\/p>\n","protected":false},"featured_media":5491,"template":"","meta":{"_acf_changed":false,"wds_primary_product_brand":0,"wds_primary_product_cat":0},"product_brand":[],"product_cat":[195],"product_tag":[],"class_list":{"0":"post-10548","1":"product","2":"type-product","3":"status-publish","4":"has-post-thumbnail","6":"product_cat-vinho-tinto","8":"first","9":"instock","10":"shipping-taxable","11":"purchasable","12":"product-type-simple"},"acf":[],"_links":{"self":[{"href":"https:\/\/alpasion.com\/pt-br\/wp-json\/wp\/v2\/product\/10548","targetHints":{"allow":["GET"]}}],"collection":[{"href":"https:\/\/alpasion.com\/pt-br\/wp-json\/wp\/v2\/product"}],"about":[{"href":"https:\/\/alpasion.com\/pt-br\/wp-json\/wp\/v2\/types\/product"}],"version-history":[{"count":2,"href":"https:\/\/alpasion.com\/pt-br\/wp-json\/wp\/v2\/product\/10548\/revisions"}],"predecessor-version":[{"id":12874,"href":"https:\/\/alpasion.com\/pt-br\/wp-json\/wp\/v2\/product\/10548\/revisions\/12874"}],"wp:featuredmedia":[{"embeddable":true,"href":"https:\/\/alpasion.com\/pt-br\/wp-json\/wp\/v2\/media\/5491"}],"wp:attachment":[{"href":"https:\/\/alpasion.com\/pt-br\/wp-json\/wp\/v2\/media?parent=10548"}],"wp:term":[{"taxonomy":"product_brand","embeddable":true,"href":"https:\/\/alpasion.com\/pt-br\/wp-json\/wp\/v2\/product_brand?post=10548"},{"taxonomy":"product_cat","embeddable":true,"href":"https:\/\/alpasion.com\/pt-br\/wp-json\/wp\/v2\/product_cat?post=10548"},{"taxonomy":"product_tag","embeddable":true,"href":"https:\/\/alpasion.com\/pt-br\/wp-json\/wp\/v2\/product_tag?post=10548"}],"curies":[{"name":"wp","href":"https:\/\/api.w.org\/{rel}","templated":true}]}}