{"id":10556,"date":"2024-08-05T11:10:59","date_gmt":"2024-08-05T11:10:59","guid":{"rendered":"https:\/\/alpasion.com\/wine-portfolio\/alpasion-grand-malbec\/"},"modified":"2025-02-18T10:10:21","modified_gmt":"2025-02-18T10:10:21","slug":"alpasion-grand-malbec","status":"publish","type":"product","link":"https:\/\/alpasion.com\/pt-br\/wine-portfolio\/alpasion-grand-malbec\/","title":{"rendered":"Alpasi\u00f3n Grand Malbec"},"content":{"rendered":"<h3 data-pm-slice=\"1 1 []\">O vinho tinto Alpasi\u00f3n Grand Malbec \u00e9 o vinho que todos adoram, o nosso carro-chefe e cerca de 80% da nossa produ\u00e7\u00e3o.<\/h3>\n<p data-pm-slice=\"1 1 []\">Um exemplo perfeito de um Malbec por excel\u00eancia da regi\u00e3o de Mendoza.<\/p>\n<p>Roxo opaco e escuro no copo com magenta neon na borda. Este tinto encorpado explode com frutas azuis e pretas maceradas. O envelhecimento de 10 a 12 meses em barricas de carvalho franc\u00eas acrescenta notas sutis de carvalho tostado e cacau em p\u00f3.  <\/p>\n","protected":false},"excerpt":{"rendered":"<p>Esse \u00e9 o vinho que todos adoram, nosso carro-chefe e cerca de 80% de nossa produ\u00e7\u00e3o. Um exemplo perfeito de um Malbec por excel\u00eancia da regi\u00e3o de Mendoza. <\/p>\n","protected":false},"featured_media":5497,"template":"","meta":{"_acf_changed":false,"wds_primary_product_brand":0,"wds_primary_product_cat":0},"product_brand":[],"product_cat":[195],"product_tag":[],"class_list":{"0":"post-10556","1":"product","2":"type-product","3":"status-publish","4":"has-post-thumbnail","6":"product_cat-vinho-tinto","8":"first","9":"instock","10":"shipping-taxable","11":"purchasable","12":"product-type-simple"},"acf":[],"_links":{"self":[{"href":"https:\/\/alpasion.com\/pt-br\/wp-json\/wp\/v2\/product\/10556","targetHints":{"allow":["GET"]}}],"collection":[{"href":"https:\/\/alpasion.com\/pt-br\/wp-json\/wp\/v2\/product"}],"about":[{"href":"https:\/\/alpasion.com\/pt-br\/wp-json\/wp\/v2\/types\/product"}],"version-history":[{"count":2,"href":"https:\/\/alpasion.com\/pt-br\/wp-json\/wp\/v2\/product\/10556\/revisions"}],"predecessor-version":[{"id":12870,"href":"https:\/\/alpasion.com\/pt-br\/wp-json\/wp\/v2\/product\/10556\/revisions\/12870"}],"wp:featuredmedia":[{"embeddable":true,"href":"https:\/\/alpasion.com\/pt-br\/wp-json\/wp\/v2\/media\/5497"}],"wp:attachment":[{"href":"https:\/\/alpasion.com\/pt-br\/wp-json\/wp\/v2\/media?parent=10556"}],"wp:term":[{"taxonomy":"product_brand","embeddable":true,"href":"https:\/\/alpasion.com\/pt-br\/wp-json\/wp\/v2\/product_brand?post=10556"},{"taxonomy":"product_cat","embeddable":true,"href":"https:\/\/alpasion.com\/pt-br\/wp-json\/wp\/v2\/product_cat?post=10556"},{"taxonomy":"product_tag","embeddable":true,"href":"https:\/\/alpasion.com\/pt-br\/wp-json\/wp\/v2\/product_tag?post=10556"}],"curies":[{"name":"wp","href":"https:\/\/api.w.org\/{rel}","templated":true}]}}