{"id":10562,"date":"2024-08-05T11:25:52","date_gmt":"2024-08-05T11:25:52","guid":{"rendered":"https:\/\/alpasion.com\/wine-portfolio\/alpasion-private-selection\/"},"modified":"2025-02-18T10:10:15","modified_gmt":"2025-02-18T10:10:15","slug":"alpasion-private-selection","status":"publish","type":"product","link":"https:\/\/alpasion.com\/pt-br\/wine-portfolio\/alpasion-private-selection\/","title":{"rendered":"Alpasi\u00f3n Private Selection"},"content":{"rendered":"<h3 data-pm-slice=\"1 1 []\">Esse vinho tinto \u00e9 uma mistura que muda a cada ano, dependendo das melhores uvas dispon\u00edveis.<\/h3>\n<p data-pm-slice=\"1 1 []\">O Alpasi\u00f3n Private Selection \u00e9 um vinho potente e encorpado, com aromas complexos e grande potencial de envelhecimento.<\/p>\n<p>Envelhecido por pelo menos 18 meses em barris franceses estilo Bordeaux. Esse vinho tem notas de frutas escuras, couro, solo de floresta e carvalho tostado. Um vinho que pode ser apreciado em sua juventude com decanta\u00e7\u00e3o ou guardado por d\u00e9cadas.  <\/p>\n","protected":false},"excerpt":{"rendered":"<p data-pm-slice=\"1 1 []\">\u00c9 uma mistura que muda a cada ano, dependendo das melhores uvas dispon\u00edveis. \u00c9 um vinho potente e encorpado, com aromas complexos e grande potencial de envelhecimento. <\/p>\n","protected":false},"featured_media":5512,"template":"","meta":{"_acf_changed":false,"wds_primary_product_brand":0,"wds_primary_product_cat":0},"product_brand":[],"product_cat":[195],"product_tag":[],"class_list":{"0":"post-10562","1":"product","2":"type-product","3":"status-publish","4":"has-post-thumbnail","6":"product_cat-vinho-tinto","8":"first","9":"instock","10":"shipping-taxable","11":"purchasable","12":"product-type-simple"},"acf":[],"_links":{"self":[{"href":"https:\/\/alpasion.com\/pt-br\/wp-json\/wp\/v2\/product\/10562","targetHints":{"allow":["GET"]}}],"collection":[{"href":"https:\/\/alpasion.com\/pt-br\/wp-json\/wp\/v2\/product"}],"about":[{"href":"https:\/\/alpasion.com\/pt-br\/wp-json\/wp\/v2\/types\/product"}],"version-history":[{"count":2,"href":"https:\/\/alpasion.com\/pt-br\/wp-json\/wp\/v2\/product\/10562\/revisions"}],"predecessor-version":[{"id":12869,"href":"https:\/\/alpasion.com\/pt-br\/wp-json\/wp\/v2\/product\/10562\/revisions\/12869"}],"wp:featuredmedia":[{"embeddable":true,"href":"https:\/\/alpasion.com\/pt-br\/wp-json\/wp\/v2\/media\/5512"}],"wp:attachment":[{"href":"https:\/\/alpasion.com\/pt-br\/wp-json\/wp\/v2\/media?parent=10562"}],"wp:term":[{"taxonomy":"product_brand","embeddable":true,"href":"https:\/\/alpasion.com\/pt-br\/wp-json\/wp\/v2\/product_brand?post=10562"},{"taxonomy":"product_cat","embeddable":true,"href":"https:\/\/alpasion.com\/pt-br\/wp-json\/wp\/v2\/product_cat?post=10562"},{"taxonomy":"product_tag","embeddable":true,"href":"https:\/\/alpasion.com\/pt-br\/wp-json\/wp\/v2\/product_tag?post=10562"}],"curies":[{"name":"wp","href":"https:\/\/api.w.org\/{rel}","templated":true}]}}