{"id":10571,"date":"2024-08-05T12:00:13","date_gmt":"2024-08-05T12:00:13","guid":{"rendered":"https:\/\/alpasion.com\/wine-portfolio\/alpasion-grand-chardonnay\/"},"modified":"2025-02-18T10:09:43","modified_gmt":"2025-02-18T10:09:43","slug":"alpasion-grand-chardonnay","status":"publish","type":"product","link":"https:\/\/alpasion.com\/pt-br\/wine-portfolio\/alpasion-grand-chardonnay\/","title":{"rendered":"Alpasi\u00f3n Grand Chardonnay"},"content":{"rendered":"<h4 data-pm-slice=\"1 1 []\">Esse ador\u00e1vel Chardonnay \u00e9 o \u00fanico vinho branco de nossa \u201cGrand\u201d linha Alpasi\u00f3n. <br \/><\/h4>\n<p>  Esse vinho passou apenas por uma fermenta\u00e7\u00e3o malol\u00e1tica parcial, o que resulta em uma express\u00e3o limpa e brilhante da uva Chardonnay. Notas de ma\u00e7\u00e3 verde, abacaxi e coalhada de lim\u00e3o s\u00e3o apoiadas por uma mineralidade de conchas do mar esmagadas. 12 meses em barris de carvalho franc\u00eas conferem notas de carvalho tostado e especiarias de panifica\u00e7\u00e3o.  <\/p>\n","protected":false},"excerpt":{"rendered":"<p>Esse ador\u00e1vel Chardonnay \u00e9 o \u00fanico vinho branco de nossa linha &#8220;Grand&#8221;.<\/p>\n","protected":false},"featured_media":5494,"template":"","meta":{"_acf_changed":false,"wds_primary_product_brand":0,"wds_primary_product_cat":0},"product_brand":[],"product_cat":[192],"product_tag":[],"class_list":{"0":"post-10571","1":"product","2":"type-product","3":"status-publish","4":"has-post-thumbnail","6":"product_cat-vinho-branco","8":"first","9":"instock","10":"shipping-taxable","11":"purchasable","12":"product-type-simple"},"acf":[],"_links":{"self":[{"href":"https:\/\/alpasion.com\/pt-br\/wp-json\/wp\/v2\/product\/10571","targetHints":{"allow":["GET"]}}],"collection":[{"href":"https:\/\/alpasion.com\/pt-br\/wp-json\/wp\/v2\/product"}],"about":[{"href":"https:\/\/alpasion.com\/pt-br\/wp-json\/wp\/v2\/types\/product"}],"version-history":[{"count":3,"href":"https:\/\/alpasion.com\/pt-br\/wp-json\/wp\/v2\/product\/10571\/revisions"}],"predecessor-version":[{"id":12864,"href":"https:\/\/alpasion.com\/pt-br\/wp-json\/wp\/v2\/product\/10571\/revisions\/12864"}],"wp:featuredmedia":[{"embeddable":true,"href":"https:\/\/alpasion.com\/pt-br\/wp-json\/wp\/v2\/media\/5494"}],"wp:attachment":[{"href":"https:\/\/alpasion.com\/pt-br\/wp-json\/wp\/v2\/media?parent=10571"}],"wp:term":[{"taxonomy":"product_brand","embeddable":true,"href":"https:\/\/alpasion.com\/pt-br\/wp-json\/wp\/v2\/product_brand?post=10571"},{"taxonomy":"product_cat","embeddable":true,"href":"https:\/\/alpasion.com\/pt-br\/wp-json\/wp\/v2\/product_cat?post=10571"},{"taxonomy":"product_tag","embeddable":true,"href":"https:\/\/alpasion.com\/pt-br\/wp-json\/wp\/v2\/product_tag?post=10571"}],"curies":[{"name":"wp","href":"https:\/\/api.w.org\/{rel}","templated":true}]}}